{"id":7831,"date":"2026-03-13T12:04:28","date_gmt":"2026-03-13T16:04:28","guid":{"rendered":"https:\/\/hwaw.com\/?page_id=7831"},"modified":"2026-03-13T12:04:31","modified_gmt":"2026-03-13T16:04:31","slug":"consecration-2","status":"publish","type":"page","link":"https:\/\/hwaw.com\/es\/consecration-2\/","title":{"rendered":"Consecration"},"content":{"rendered":"<div class=\"wpb-content-wrapper\"><p>[vc_row full_width=\u00bbstretch_row\u00bb css=\u00bb.vc_custom_1761058683675{padding-top: 114px !important;padding-bottom: 70px !important;background-image: url(https:\/\/hwaw.com\/wp-content\/uploads\/2025\/10\/how-it-works-background.svg?id=5910) !important;background-position: center !important;background-repeat: no-repeat !important;background-size: cover !important;}\u00bb el_id=\u00bbhowitworks-row\u00bb el_class=\u00bbinnerhero associationhero mobhero\u00bb][vc_column el_class=\u00bbwrap700divdiv wrapautodivdiv\u00bb][vc_custom_heading text=\u00bbAparta tu Empresa para un Prop\u00f3sito Superior\u00bb font_container=\u00bbtag:h1|text_align:center|color:%23FFFFFF\u00bb use_theme_fonts=\u00bbyes\u00bb css=\u00bb.vc_custom_1764088778310{margin-bottom: 35px !important;}\u00bb el_class=\u00bbf45l50 ls036 mf34l38 mls027&#8243;][vc_custom_heading text=\u00bbConsagrar tu empresa es solo el principio. Se trata de un camino de discernimiento, preparaci\u00f3n, compromiso y una nueva forma de vida.\u00bb font_container=\u00bbtag:h2|text_align:center|color:%23FFFFFF\u00bb use_theme_fonts=\u00bbyes\u00bb css=\u00bb.vc_custom_1764088788308{margin-bottom: 30px !important;}\u00bb][vc_btn title=\u00bbCOMIENZA TU CAMINO\u00bb style=\u00bbcustom\u00bb custom_background=\u00bb#E87247&#8243; custom_text=\u00bb#FFFFFF\u00bb align=\u00bbcenter\u00bb css=\u00bb.vc_custom_1764088813938{margin-bottom: 0px !important;padding-top: 15px !important;}\u00bb link=\u00bburl:https%3A%2F%2Fshop.hwaw.com%2F|target:_blank|\u00bb el_class=\u00bbbtnorange\u00bb][\/vc_column][\/vc_row][vc_row css_animation=\u00bbfadeInUp\u00bb css=\u00bb.vc_custom_1760992866414{padding-top: 50px !important;padding-bottom: 50px !important;}\u00bb el_class=\u00bbmobpt50 mobpb70&#8243; el_id=\u00bbjourney\u00bb][vc_column css=\u00bb.vc_custom_1707679680842{padding-top: 0px !important;}\u00bb][vc_row_inner equal_height=\u00bbyes\u00bb content_placement=\u00bbmiddle\u00bb][vc_column_inner width=\u00bb1\/12&#8243;][\/vc_column_inner][vc_column_inner width=\u00bb5\/12&#8243; css=\u00bb.vc_custom_1760987629343{padding-right: 15px !important;}\u00bb][vc_single_image image=\u00bb6300&#8243; img_size=\u00bbFULL\u00bb css=\u00bb.vc_custom_1760990792492{margin-bottom: 0px !important;}\u00bb el_class=\u00bbbrimg15&#8243;][\/vc_column_inner][vc_column_inner width=\u00bb6\/12&#8243;][vc_custom_heading text=\u00bbTE HAS PREGUNTADO ALGUNA VEZ:\u00bb font_container=\u00bbtag:h2|text_align:left|color:%23CDA629&#8243; use_theme_fonts=\u00bbyes\u00bb css=\u00bb.vc_custom_1764088840779{margin-bottom: 30px !important;padding-top: 10px !important;}\u00bb el_class=\u00bbcolorCDA629 fw500 mobilecenter\u00bb][vc_column_text css=\u00bb.vc_custom_1764088830114{margin-bottom: 10px !important;}\u00bb]\u00bfC\u00f3mo puedo incorporar mi fe en mi trabajo?<\/p>\n<p>\u00bfQu\u00e9 significa ser un l\u00edder como disc\u00edpulo?<\/p>\n<p>\u00bfQu\u00e9 significar\u00eda poner a Cristo en el centro de mi empresa?[\/vc_column_text][\/vc_column_inner][\/vc_row_inner][\/vc_column][\/vc_row][vc_row full_width=\u00bbstretch_row\u00bb css_animation=\u00bbfadeInUp\u00bb css=\u00bb.vc_custom_1760991941085{padding-top: 35px !important;padding-bottom: 35px !important;background-color: #00133D !important;}\u00bb el_class=\u00bbmobpt50 mobpb70&#8243;][vc_column css=\u00bb.vc_custom_1707679680842{padding-top: 0px !important;}\u00bb][vc_custom_heading text=\u00bbCOMIENZA TU CAMINO\u00bb font_container=\u00bbtag:h2|text_align:center|color:%23CDA629&#8243; use_theme_fonts=\u00bbyes\u00bb css=\u00bb.vc_custom_1764088868371{margin-bottom: 30px !important;}\u00bb el_class=\u00bbwrap546 wrapauto\u00bb][vc_column_text css=\u00bb.vc_custom_1764088852625{margin-bottom: 0px !important;padding-bottom: 30px !important;}\u00bb el_class=\u00bbcolorfff\u00bb]<\/p>\n<p style=\"text-align: center;\">His Way At Work acompa\u00f1a a los empresarios por un camino claro \u2014 uno basado en la oraci\u00f3n, la formaci\u00f3n espiritual, la rendici\u00f3n de cuentas del liderazgo, y la comunidad cat\u00f3lica.<\/p>\n<p>[\/vc_column_text][vc_row_inner equal_height=\u00bbyes\u00bb content_placement=\u00bbmiddle\u00bb css=\u00bb.vc_custom_1760991665917{padding-top: 10px !important;}\u00bb][vc_column_inner width=\u00bb1\/12&#8243;][\/vc_column_inner][vc_column_inner width=\u00bb5\/12&#8243; css=\u00bb.vc_custom_1760991546823{padding-right: 15px !important;}\u00bb][vc_column_text css=\u00bb.vc_custom_1764088898491{margin-bottom: 0px !important;padding-bottom: 30px !important;}\u00bb el_class=\u00bbcolorfff\u00bb]<strong>PREP\u00c1RATE Y DISCERNIR<\/strong><br \/>\nNuestro Kit de Consagraci\u00f3n te gu\u00eda a trav\u00e9s de la reflexi\u00f3n personal y una novena con videos diarios.[\/vc_column_text][vc_column_text css=\u00bb.vc_custom_1764088923306{margin-bottom: 0px !important;padding-bottom: 30px !important;}\u00bb el_class=\u00bbcolorfff\u00bb]<strong>CONS\u00c1GRATE<\/strong><br \/>\nEste es el punto de inflexi\u00f3n \u2014 cuando dices con total convicci\u00f3n: \u201cReconozco que esta empresa te pertenece a ti [Cristo], en \u00faltima instancia, y que, como su l\u00edder, soy un administrador y representante.\u201d[\/vc_column_text][vc_column_text css=\u00bb.vc_custom_1764088934917{margin-bottom: 0px !important;padding-bottom: 15px !important;}\u00bb el_class=\u00bbcolorfff\u00bb]<strong>\u00daNETE<\/strong><br \/>\nTransforma tu coraz\u00f3n y tu empresa con la Asociaci\u00f3n de Empresas Consagradas.[\/vc_column_text][vc_btn title=\u00bbOBT\u00c9N EL KIT\u00bb style=\u00bbcustom\u00bb custom_background=\u00bb#E87247&#8243; custom_text=\u00bb#FFFFFF\u00bb align=\u00bbleft\u00bb css=\u00bb.vc_custom_1760992094203{margin-bottom: 0px !important;padding-top: 15px !important;padding-bottom: 15px !important;}\u00bb link=\u00bburl:https%3A%2F%2Fshop.hwaw.com%2F|target:_blank|\u00bb el_class=\u00bbbtnorange\u00bb][\/vc_column_inner][vc_column_inner width=\u00bb6\/12&#8243;][vc_single_image image=\u00bb6494&#8243; img_size=\u00bbFULL\u00bb css=\u00bb.vc_custom_1760991123980{margin-bottom: 0px !important;}\u00bb el_class=\u00bbbrimg15&#8243;][\/vc_column_inner][\/vc_row_inner][\/vc_column][\/vc_row][vc_row full_width=\u00bbstretch_row\u00bb css_animation=\u00bbfadeInUp\u00bb css=\u00bb.vc_custom_1760992687340{padding-top: 0px !important;padding-bottom: 50px !important;background-color: #FFFFFF !important;}\u00bb el_class=\u00bbmobpb40 mobpt70&#8243;][vc_column][vc_row_inner][vc_column_inner width=\u00bb1\/5&#8243;][\/vc_column_inner][vc_column_inner width=\u00bb3\/5&#8243;][vc_custom_heading text=\u00bbCONTIN\u00daA EL CAMINO\u00bb font_container=\u00bbtag:h2|text_align:center|color:%23CDA629&#8243; use_theme_fonts=\u00bbyes\u00bb css=\u00bb\u00bb][vc_column_text css=\u00bb\u00bb]<\/p>\n<p style=\"text-align: center;\">A trav\u00e9s de la\u00a0<strong>Asociaci\u00f3n de Empresas Consagradas<\/strong>, recibe apoyo diario, formaci\u00f3n continua y una comunidad de l\u00edderes con ideas afines.<\/p>\n<p>[\/vc_column_text][\/vc_column_inner][vc_column_inner width=\u00bb1\/5&#8243;][\/vc_column_inner][\/vc_row_inner][vc_row_inner][vc_column_inner width=\u00bb1\/3&#8243;][vc_single_image image=\u00bb6331&#8243; alignment=\u00bbcenter\u00bb css=\u00bb.vc_custom_1760631833062{margin-bottom: 20px !important;}\u00bb][vc_custom_heading text=\u00bbINDIVIDUALMENTE\u00bb font_container=\u00bbtag:h3|text_align:center\u00bb use_theme_fonts=\u00bbyes\u00bb css=\u00bb.vc_custom_1760452522751{margin-bottom: 30px !important;}\u00bb el_class=\u00bbcolorCDA629 wrap260 wrapauto fw500&#8243;][vc_column_text css=\u00bb.vc_custom_1764088989297{margin-bottom: 60px !important;}\u00bb el_class=\u00bbwrap360 wrapauto\u00bb]<\/p>\n<p style=\"text-align: center;\">Como l\u00edder consagrado, est\u00e1s llamado a alinear tu coraz\u00f3n con el de Cristo. Eso significa cultivar el h\u00e1bito diario de la oraci\u00f3n, abrazar los sacramentos y buscar una formaci\u00f3n espiritual continua.<\/p>\n<p>[\/vc_column_text][\/vc_column_inner][vc_column_inner width=\u00bb1\/3&#8243;][vc_single_image image=\u00bb6328&#8243; alignment=\u00bbcenter\u00bb css=\u00bb.vc_custom_1760631848235{margin-bottom: 20px !important;}\u00bb][vc_custom_heading text=\u00bbEN COMUNIDAD\u00bb font_container=\u00bbtag:h3|text_align:center\u00bb use_theme_fonts=\u00bbyes\u00bb css=\u00bb.vc_custom_1760452535085{margin-bottom: 30px !important;}\u00bb el_class=\u00bbcolorCDA629 wrap260 wrapauto fw500&#8243;][vc_column_text css=\u00bb\u00bb]<\/p>\n<p style=\"text-align: center;\">En los cap\u00edtulos parroquiales, los empresarios consagrados se re\u00fanen peri\u00f3dicamente para formarse, rendir cuentas y compartir en comunidad. Aqu\u00ed encontrar\u00e1s la fuerza de una misi\u00f3n compartida, la sabidur\u00eda de tus compa\u00f1eros y el aliento necesario para mantenerte en el camino.<\/p>\n<p>[\/vc_column_text][\/vc_column_inner][vc_column_inner width=\u00bb1\/3&#8243;][vc_single_image image=\u00bb6325&#8243; alignment=\u00bbcenter\u00bb css=\u00bb.vc_custom_1760631860966{margin-bottom: 20px !important;}\u00bb][vc_custom_heading text=\u00bbEN TU EMPRESA\u00bb font_container=\u00bbtag:h3|text_align:center\u00bb use_theme_fonts=\u00bbyes\u00bb css=\u00bb.vc_custom_1760452548399{margin-bottom: 30px !important;}\u00bb el_class=\u00bbcolorCDA629 wrap260 wrapauto fw500&#8243;][vc_column_text css=\u00bb.vc_custom_1764089008263{margin-bottom: 0px !important;}\u00bb]<\/p>\n<p style=\"text-align: center;\">A trav\u00e9s de nuestra metodolog\u00eda CARING BY DESIGN\u2122 y los recursos disponibles en nuestra plataforma para miembros, aprender\u00e1s a construir una cultura centrada en Cristo que viva el Evangelio cada d\u00eda.<\/p>\n<p>[\/vc_column_text][\/vc_column_inner][\/vc_row_inner][vc_btn title=\u00bbCONOCE M\u00c1S\u00bb style=\u00bbcustom\u00bb custom_background=\u00bb#E87247&#8243; custom_text=\u00bb#FFFFFF\u00bb align=\u00bbcenter\u00bb css=\u00bb.vc_custom_1760996436026{padding-top: 15px !important;}\u00bb link=\u00bburl:http%3A%2F%2Fhwaw.com%2Fcommunity|\u00bb el_class=\u00bbbtnorange mobilecenter\u00bb][\/vc_column][\/vc_row][vc_row full_width=\u00bbstretch_row\u00bb css_animation=\u00bbfadeInUp\u00bb css=\u00bb.vc_custom_1757474076663{padding-top: 80px !important;padding-bottom: 90px !important;background-color: #f8f8f8 !important;}\u00bb][vc_column el_class=\u00bbwrap996divdiv wrapautodivdiv\u00bb css=\u00bb.vc_custom_1707766146254{padding-top: 0px !important;}\u00bb][vc_custom_heading text=\u00bbPREGUNTAS FRECUENTES\u00bb font_container=\u00bbtag:h2|text_align:center|color:%23CDA629&#8243; use_theme_fonts=\u00bbyes\u00bb css=\u00bb.vc_custom_1760629838769{margin-bottom: 35px !important;}\u00bb el_class=\u00bbcolor101D43&#8243;][vc_tta_accordion section_title_tag=\u00bbh2&#8243; shape=\u00bbsquare\u00bb c_icon=\u00bbtriangle\u00bb c_position=\u00bbleft\u00bb active_section=\u00bb1&#8243; css=\u00bb.vc_custom_1751998589148{margin-bottom: 0px !important;}\u00bb el_class=\u00bblinkorangea\u00bb][vc_tta_section title=\u00bb\u00bfQu\u00e9 significa consagraci\u00f3n?\u00bb tab_id=\u00bbwhat\u00bb][vc_column_text css=\u00bb\u00bb]En su sentido estricto, se refiere a la consagraci\u00f3n que Jes\u00fas hace al Padre, y al uso formal, sacramental y lit\u00fargico que la Iglesia Cat\u00f3lica da al t\u00e9rmino (como en la consagraci\u00f3n de la Eucarist\u00eda, de un obispo, de un altar, etc.).<\/p>\n<p>En su sentido amplio y no t\u00e9cnico, significa apartar algo para Dios y para los prop\u00f3sitos de Dios. Significa \u201chacer santo\u201d algo. Es un acto devocional de adoraci\u00f3n a Dios al ofrecerle a \u00c9l algo de uno mismo o de las propias posesiones.[\/vc_column_text][\/vc_tta_section][vc_tta_section title=\u00bb\u00bfPuedo consagrar mi empresa?\u00bb tab_id=\u00bbwhy\u00bb][vc_column_text css=\u00bb\u00bb]S\u00ed. Un cristiano bautizado puede ofrecer a Dios, por medio de Jesucristo, su persona, su tiempo, talentos y tesoros. Esto abre la posibilidad de ofrecer a Dios (es decir, \u201cconsagrar\u201d) el fruto de nuestro trabajo. Esta consagraci\u00f3n se entiende en el sentido amplio y no t\u00e9cnico de la palabra.[\/vc_column_text][\/vc_tta_section][vc_tta_section title=\u00bb\u00bfPor qu\u00e9 consagrar mi trabajo?\u00bb tab_id=\u00bbsacred-heart\u00bb][vc_column_text css=\u00bb\u00bb]<\/p>\n<p class=\"p1\">Dado que el trabajo humano en el mundo es un mandato de Dios (G\u00e9nesis 1,28) y que el trabajo humano tiene dignidad y valor por el simple hecho de ser trabajo\u00a0<em>humano<\/em>, la producci\u00f3n creativa de una persona y los frutos de su labor son un don digno que puede ofrecerse a Dios con un prop\u00f3sito superior. De esta manera, el trabajo, los productos y los servicios de una empresa pueden ser ofrecidos a Dios.<\/p>\n<p>[\/vc_column_text][\/vc_tta_section][vc_tta_section title=\u00bb\u00bfQui\u00e9n puede consagrar algo?\u00bb tab_id=\u00bbwho\u00bb][vc_column_text css=\u00bb\u00bb]<\/p>\n<p class=\"p1\">Cuando se entiende en sentido amplio, cualquier cristiano bautizado puede hacer \u201cofrendas\u201d a Dios, tales como, pero no limitadas a: oraciones, sacrificios personales, donaciones a la Iglesia, donaciones a los pobres, el tiempo y el trabajo de uno.<\/p>\n<p>[\/vc_column_text][\/vc_tta_section][vc_tta_section title=\u00bb\u00bfEsto es b\u00edblico?\u00bb tab_id=\u00bbbiblical\u00bb][vc_column_text css=\u00bb\u00bb]S\u00ed. Por ejemplo, en la primera carta de Pedro, se nos dice que somos un sacerdocio santo y real. Un sacerdote es aquel que ofrece sacrificios a Dios. Dice:<\/p>\n<p><em>\u201cTambi\u00e9n ustedes, cual piedras vivas, entren en la construcci\u00f3n de un edificio espiritual, para un sacerdocio santo, para ofrecer sacrificios espirituales, aceptos a Dios por mediaci\u00f3n de Jesucristo.\u201d<\/em><\/p>\n<p><strong>1 Pedro 2,5<\/strong>[\/vc_column_text][\/vc_tta_section][vc_tta_section title=\u00bb\u00bfQu\u00e9 tiene de diferente un \u00abnegocio consagrado\u00bb?\u00bb tab_id=\u00bbkit\u00bb][vc_column_text css=\u00bb\u00bb]Hay cuatro diferencias.<\/p>\n<p>En una \u201cconsagraci\u00f3n a Dios\u201d hay un cambio de algo o alguien de una cosa a otra. En el acto de consagraci\u00f3n, algo com\u00fan o terrenal se convierte en algo santo y apartado. Una transformaci\u00f3n sucede. Una empresa consagrada queda, por tanto, apartada para Dios y Sus prop\u00f3sitos y, por ello, es \u201cdiferente\u201d de cualquier otra empresa comercial.<\/p>\n<p>La\u00a0<strong>primera diferencia<\/strong>\u00a0es que el fundador original y director general (CEO) de una empresa consagrada comparte el papel de Cristo como el Buen Pastor de su compa\u00f1\u00eda, cuidando y otorgando dignidad a todos a quienes sirve. El fundador y l\u00edder de una empresa consagrada se preguntar\u00e1: Si Jes\u00fas fuera el CEO, \u00bfqu\u00e9 har\u00eda?<\/p>\n<p>La\u00a0<strong>segunda diferencia<\/strong>\u00a0es que la empresa recibe un prop\u00f3sito y un llamado m\u00e1s alto. La meta ya no es meramente tener utilidades, sino contribuir a la gloria de Dios y al cumplimiento de Sus planes divinos. Nada de lo que hacemos es temporal. Como cristianos, todo lo que hacemos tiene un prop\u00f3sito eterno. El negocio de un cristiano puede y debe convertirse en su campo de misi\u00f3n.<\/p>\n<p>La\u00a0<strong>tercera diferencia<\/strong>\u00a0es que el l\u00edder de una empresa consagrada est\u00e1 invitando a que la gracia de Dios se derrame sobre todos los involucrados: empleados, familias de los empleados y clientes. En este sentido, el l\u00edder de la empresa se est\u00e1 abriendo junto con su familia en su conjunto a Dios. Un l\u00edder de una empresa consagrada crea un puesto de avanzada del Reino de Cristo en la tierra.<\/p>\n<p>La\u00a0<strong>cuarta diferencia<\/strong>\u00a0es que los l\u00edderes de empresas consagradas est\u00e1n prometiendo ante Dios abrazar plenamente la Doctrina Social de la Iglesia Cat\u00f3lica. Procuran asegurar que el ambiente, las pol\u00edticas y los comportamientos compartidos de la empresa consagrada creen las \u201ccondiciones sociales\u201d que permitan a todos los involucrados florecer m\u00e1s plenamente y con mayor facilidad conforme al plan divino de Dios.<\/p>\n<p>Una empresa consagrada abraza los valores fundamentales de Amor a Dios, Amor al Pr\u00f3jimo, Celo Apost\u00f3lico y Excelencia Empresarial. La declaraci\u00f3n de visi\u00f3n y misi\u00f3n de la empresa, que son las luces que la gu\u00edan, apoyan la dignidad humana, el bien com\u00fan y buscan un retorno de inversi\u00f3n\u00a0<em>eterno<\/em>.[\/vc_column_text][\/vc_tta_section][\/vc_tta_accordion][\/vc_column][\/vc_row][vc_row full_width=\u00bbstretch_row\u00bb css_animation=\u00bbfadeInUp\u00bb css=\u00bb.vc_custom_1760563008137{padding-top: 90px !important;padding-bottom: 60px !important;background-color: #FFFFFF !important;}\u00bb][vc_column css=\u00bb.vc_custom_1757469189143{padding-top: 0px !important;}\u00bb][vc_row_inner equal_height=\u00bbyes\u00bb content_placement=\u00bbmiddle\u00bb][vc_column_inner width=\u00bb1\/2&#8243;][vc_single_image image=\u00bb5917&#8243; img_size=\u00bb400&#215;400&#8243; alignment=\u00bbcenter\u00bb css=\u00bb\u00bb][\/vc_column_inner][vc_column_inner width=\u00bb1\/2&#8243;][vc_custom_heading text=\u00bb\u00bfEst\u00e1 listo para consagrar su empresa?\u00bb font_container=\u00bbtag:h3|text_align:center\u00bb use_theme_fonts=\u00bbyes\u00bb css=\u00bb.vc_custom_1764089242225{margin-bottom: 30px !important;}\u00bb el_class=\u00bbcolorCDA629 wrapauto fw500&#8243;][vc_column_text css=\u00bb.vc_custom_1764089258871{margin-bottom: 0px !important;}\u00bb]<\/p>\n<p style=\"text-align: center;\">Aparta tu empresa para Dios \u2014 y comienza a vivir tu noble vocaci\u00f3n y a liderar como Cristo.<\/p>\n<p style=\"text-align: center;\">Comienza tu camino pidiendo el Kit de Consagraci\u00f3n.<\/p>\n<p>[\/vc_column_text][vc_btn title=\u00bbOBT\u00c9N EL KIT\u00bb style=\u00bbcustom\u00bb custom_background=\u00bb#E87247&#8243; custom_text=\u00bb#FFFFFF\u00bb align=\u00bbcenter\u00bb css=\u00bb.vc_custom_1760629305692{margin-bottom: 0px !important;padding-top: 25px !important;}\u00bb link=\u00bburl:https%3A%2F%2Fshop.hwaw.com%2F|target:_blank|\u00bb el_class=\u00bbbtnorange\u00bb][\/vc_column_inner][\/vc_row_inner][\/vc_column][\/vc_row]<\/p>\n<\/div>","protected":false},"excerpt":{"rendered":"<p>[vc_row full_width=\u00bbstretch_row\u00bb css=\u00bb.vc_custom_1761058683675{padding-top: 114px !important;padding-bottom: 70px !important;background-image: url(https:\/\/hwaw.com\/wp-content\/uploads\/2025\/10\/how-it-works-background.svg?id=5910) !important;background-position: center !important;background-repeat: no-repeat !important;background-size: cover !important;}\u00bb el_id=\u00bbhowitworks-row\u00bb el_class=\u00bbinnerhero associationhero mobhero\u00bb][vc_column el_class=\u00bbwrap700divdiv wrapautodivdiv\u00bb][vc_custom_heading text=\u00bbAparta tu Empresa para un Prop\u00f3sito Superior\u00bb font_container=\u00bbtag:h1|text_align:center|color:%23FFFFFF\u00bb use_theme_fonts=\u00bbyes\u00bb [&hellip;]<\/p>\n","protected":false},"author":5,"featured_media":0,"parent":0,"menu_order":0,"comment_status":"closed","ping_status":"closed","template":"","meta":{"_acf_changed":false,"content-type":"","inline_featured_image":false,"_genesis_hide_title":false,"_genesis_hide_breadcrumbs":false,"_genesis_hide_singular_image":false,"_genesis_hide_footer_widgets":false,"_genesis_custom_body_class":"","_genesis_custom_post_class":"","_genesis_layout":"","footnotes":""},"class_list":["post-7831","page","type-page","status-publish","entry"],"acf":[],"yoast_head":"<!-- This site is optimized with the Yoast SEO plugin v27.3 - https:\/\/yoast.com\/product\/yoast-seo-wordpress\/ -->\n<title>Consecration - His Way At Work<\/title>\n<meta name=\"robots\" content=\"noindex, nofollow\" \/>\n<meta property=\"og:locale\" content=\"es_ES\" \/>\n<meta property=\"og:type\" content=\"article\" \/>\n<meta property=\"og:title\" content=\"Consecration - His Way At Work\" \/>\n<meta property=\"og:description\" content=\"[vc_row full_width=\u00bbstretch_row\u00bb css=\u00bb.vc_custom_1761058683675{padding-top: 114px !important;padding-bottom: 70px !important;background-image: url(https:\/\/hwaw.com\/wp-content\/uploads\/2025\/10\/how-it-works-background.svg?id=5910) !important;background-position: center !important;background-repeat: no-repeat !important;background-size: cover !important;}\u00bb el_id=\u00bbhowitworks-row\u00bb el_class=\u00bbinnerhero associationhero mobhero\u00bb][vc_column el_class=\u00bbwrap700divdiv wrapautodivdiv\u00bb][vc_custom_heading text=\u00bbAparta tu Empresa para un Prop\u00f3sito Superior\u00bb font_container=\u00bbtag:h1|text_align:center|color:%23FFFFFF\u00bb use_theme_fonts=\u00bbyes\u00bb [&hellip;]\" \/>\n<meta property=\"og:url\" content=\"https:\/\/hwaw.com\/es\/consecration-2\/\" \/>\n<meta property=\"og:site_name\" content=\"His Way At Work\" \/>\n<meta property=\"article:modified_time\" content=\"2026-03-13T16:04:31+00:00\" \/>\n<meta name=\"twitter:card\" content=\"summary_large_image\" \/>\n<meta name=\"twitter:label1\" content=\"Tiempo de lectura\" \/>\n\t<meta name=\"twitter:data1\" content=\"8 minutos\" \/>\n<script type=\"application\/ld+json\" class=\"yoast-schema-graph\">{\"@context\":\"https:\\\/\\\/schema.org\",\"@graph\":[{\"@type\":\"WebPage\",\"@id\":\"https:\\\/\\\/hwaw.com\\\/es\\\/consecration-2\\\/\",\"url\":\"https:\\\/\\\/hwaw.com\\\/es\\\/consecration-2\\\/\",\"name\":\"Consecration - His Way At Work\",\"isPartOf\":{\"@id\":\"https:\\\/\\\/hwaw.com\\\/es\\\/#website\"},\"datePublished\":\"2026-03-13T16:04:28+00:00\",\"dateModified\":\"2026-03-13T16:04:31+00:00\",\"breadcrumb\":{\"@id\":\"https:\\\/\\\/hwaw.com\\\/es\\\/consecration-2\\\/#breadcrumb\"},\"inLanguage\":\"es\",\"potentialAction\":[{\"@type\":\"ReadAction\",\"target\":[\"https:\\\/\\\/hwaw.com\\\/es\\\/consecration-2\\\/\"]}]},{\"@type\":\"BreadcrumbList\",\"@id\":\"https:\\\/\\\/hwaw.com\\\/es\\\/consecration-2\\\/#breadcrumb\",\"itemListElement\":[{\"@type\":\"ListItem\",\"position\":1,\"name\":\"Home\",\"item\":\"https:\\\/\\\/hwaw.com\\\/es\\\/\"},{\"@type\":\"ListItem\",\"position\":2,\"name\":\"Consecration\"}]},{\"@type\":\"WebSite\",\"@id\":\"https:\\\/\\\/hwaw.com\\\/es\\\/#website\",\"url\":\"https:\\\/\\\/hwaw.com\\\/es\\\/\",\"name\":\"His Way At Work\",\"description\":\"Run Your Business in Line with Your Faith\",\"publisher\":{\"@id\":\"https:\\\/\\\/hwaw.com\\\/es\\\/#organization\"},\"potentialAction\":[{\"@type\":\"SearchAction\",\"target\":{\"@type\":\"EntryPoint\",\"urlTemplate\":\"https:\\\/\\\/hwaw.com\\\/es\\\/?s={search_term_string}\"},\"query-input\":{\"@type\":\"PropertyValueSpecification\",\"valueRequired\":true,\"valueName\":\"search_term_string\"}}],\"inLanguage\":\"es\"},{\"@type\":\"Organization\",\"@id\":\"https:\\\/\\\/hwaw.com\\\/es\\\/#organization\",\"name\":\"His Way At Work\",\"url\":\"https:\\\/\\\/hwaw.com\\\/es\\\/\",\"logo\":{\"@type\":\"ImageObject\",\"inLanguage\":\"es\",\"@id\":\"https:\\\/\\\/hwaw.com\\\/es\\\/#\\\/schema\\\/logo\\\/image\\\/\",\"url\":\"https:\\\/\\\/hwaw.com\\\/wp-content\\\/uploads\\\/2024\\\/02\\\/HWAW-Logo-wTagline-White.svg\",\"contentUrl\":\"https:\\\/\\\/hwaw.com\\\/wp-content\\\/uploads\\\/2024\\\/02\\\/HWAW-Logo-wTagline-White.svg\",\"width\":225,\"height\":118,\"caption\":\"His Way At Work\"},\"image\":{\"@id\":\"https:\\\/\\\/hwaw.com\\\/es\\\/#\\\/schema\\\/logo\\\/image\\\/\"}}]}<\/script>\n<!-- \/ Yoast SEO plugin. -->","yoast_head_json":{"title":"Consecration - His Way At Work","robots":{"index":"noindex","follow":"nofollow"},"og_locale":"es_ES","og_type":"article","og_title":"Consecration - His Way At Work","og_description":"[vc_row full_width=\u00bbstretch_row\u00bb css=\u00bb.vc_custom_1761058683675{padding-top: 114px !important;padding-bottom: 70px !important;background-image: url(https:\/\/hwaw.com\/wp-content\/uploads\/2025\/10\/how-it-works-background.svg?id=5910) !important;background-position: center !important;background-repeat: no-repeat !important;background-size: cover !important;}\u00bb el_id=\u00bbhowitworks-row\u00bb el_class=\u00bbinnerhero associationhero mobhero\u00bb][vc_column el_class=\u00bbwrap700divdiv wrapautodivdiv\u00bb][vc_custom_heading text=\u00bbAparta tu Empresa para un Prop\u00f3sito Superior\u00bb font_container=\u00bbtag:h1|text_align:center|color:%23FFFFFF\u00bb use_theme_fonts=\u00bbyes\u00bb [&hellip;]","og_url":"https:\/\/hwaw.com\/es\/consecration-2\/","og_site_name":"His Way At Work","article_modified_time":"2026-03-13T16:04:31+00:00","twitter_card":"summary_large_image","twitter_misc":{"Tiempo de lectura":"8 minutos"},"schema":{"@context":"https:\/\/schema.org","@graph":[{"@type":"WebPage","@id":"https:\/\/hwaw.com\/es\/consecration-2\/","url":"https:\/\/hwaw.com\/es\/consecration-2\/","name":"Consecration - His Way At Work","isPartOf":{"@id":"https:\/\/hwaw.com\/es\/#website"},"datePublished":"2026-03-13T16:04:28+00:00","dateModified":"2026-03-13T16:04:31+00:00","breadcrumb":{"@id":"https:\/\/hwaw.com\/es\/consecration-2\/#breadcrumb"},"inLanguage":"es","potentialAction":[{"@type":"ReadAction","target":["https:\/\/hwaw.com\/es\/consecration-2\/"]}]},{"@type":"BreadcrumbList","@id":"https:\/\/hwaw.com\/es\/consecration-2\/#breadcrumb","itemListElement":[{"@type":"ListItem","position":1,"name":"Home","item":"https:\/\/hwaw.com\/es\/"},{"@type":"ListItem","position":2,"name":"Consecration"}]},{"@type":"WebSite","@id":"https:\/\/hwaw.com\/es\/#website","url":"https:\/\/hwaw.com\/es\/","name":"His Way At Work","description":"Run Your Business in Line with Your Faith","publisher":{"@id":"https:\/\/hwaw.com\/es\/#organization"},"potentialAction":[{"@type":"SearchAction","target":{"@type":"EntryPoint","urlTemplate":"https:\/\/hwaw.com\/es\/?s={search_term_string}"},"query-input":{"@type":"PropertyValueSpecification","valueRequired":true,"valueName":"search_term_string"}}],"inLanguage":"es"},{"@type":"Organization","@id":"https:\/\/hwaw.com\/es\/#organization","name":"His Way At Work","url":"https:\/\/hwaw.com\/es\/","logo":{"@type":"ImageObject","inLanguage":"es","@id":"https:\/\/hwaw.com\/es\/#\/schema\/logo\/image\/","url":"https:\/\/hwaw.com\/wp-content\/uploads\/2024\/02\/HWAW-Logo-wTagline-White.svg","contentUrl":"https:\/\/hwaw.com\/wp-content\/uploads\/2024\/02\/HWAW-Logo-wTagline-White.svg","width":225,"height":118,"caption":"His Way At Work"},"image":{"@id":"https:\/\/hwaw.com\/es\/#\/schema\/logo\/image\/"}}]}},"_links":{"self":[{"href":"https:\/\/hwaw.com\/es\/wp-json\/wp\/v2\/pages\/7831","targetHints":{"allow":["GET"]}}],"collection":[{"href":"https:\/\/hwaw.com\/es\/wp-json\/wp\/v2\/pages"}],"about":[{"href":"https:\/\/hwaw.com\/es\/wp-json\/wp\/v2\/types\/page"}],"author":[{"embeddable":true,"href":"https:\/\/hwaw.com\/es\/wp-json\/wp\/v2\/users\/5"}],"replies":[{"embeddable":true,"href":"https:\/\/hwaw.com\/es\/wp-json\/wp\/v2\/comments?post=7831"}],"version-history":[{"count":0,"href":"https:\/\/hwaw.com\/es\/wp-json\/wp\/v2\/pages\/7831\/revisions"}],"wp:attachment":[{"href":"https:\/\/hwaw.com\/es\/wp-json\/wp\/v2\/media?parent=7831"}],"curies":[{"name":"wp","href":"https:\/\/api.w.org\/{rel}","templated":true}]}}