{"id":6430,"date":"2025-09-19T10:52:03","date_gmt":"2025-09-19T14:52:03","guid":{"rendered":"https:\/\/hwaw.com\/parish\/"},"modified":"2025-11-04T17:09:10","modified_gmt":"2025-11-04T22:09:10","slug":"parish","status":"publish","type":"page","link":"https:\/\/hwaw.com\/es\/parish\/","title":{"rendered":"Parish"},"content":{"rendered":"<div class=\"wpb-content-wrapper\"><p>[vc_row full_width=\u00bbstretch_row\u00bb css=\u00bb.vc_custom_1761156761581{padding-top: 114px !important;padding-bottom: 70px !important;background-image: url(https:\/\/hwaw.com\/wp-content\/uploads\/2025\/09\/church-background-2400-x-846-px-1.png?id=5789) !important;}\u00bb el_id=\u00bbhowitworks-row\u00bb el_class=\u00bbinnerhero\u00bb][vc_column width=\u00bb2\/3&#8243; el_class=\u00bbwrap700divdiv wrapautodivdiv\u00bb][vc_custom_heading text=\u00bbLleva Su Camino en el Trabajo<br \/>\na tu parroquia\u00bb font_container=\u00bbtag:h1|text_align:left|color:%23FFFFFF\u00bb use_theme_fonts=\u00bbyes\u00bb css=\u00bb.vc_custom_1762200636151{margin-bottom: 35px !important;}\u00bb el_class=\u00bbf45l50 ls036 mf34l38 mls027&#8243;][vc_custom_heading text=\u00bbAl asociarse con nosotros, las parroquias crean una comunidad local donde los empresarios cat\u00f3licos pueden crecer juntos en la fe y el liderazgo.\u00bb font_container=\u00bbtag:h2|text_align:left|color:%23FFFFFF\u00bb use_theme_fonts=\u00bbyes\u00bb css=\u00bb.vc_custom_1762200647903{margin-bottom: 30px !important;}\u00bb][vc_btn title=\u00bbPROGRAMAR UNA LLAMADA\u00bb style=\u00bbcustom\u00bb custom_background=\u00bb#E87247&#8243; custom_text=\u00bb#FFFFFF\u00bb align=\u00bbleft\u00bb css=\u00bb.vc_custom_1762200655648{margin-top: 30px !important;margin-bottom: 0px !important;padding-top: 15px !important;}\u00bb link=\u00bburl:https%3A%2F%2Fmeetings.hubspot.com%2Fanthony-klosterman|target:_blank|\u00bb el_class=\u00bbbtnorange\u00bb][\/vc_column][vc_column width=\u00bb1\/3&#8243;][\/vc_column][\/vc_row][vc_row full_width=\u00bbstretch_row\u00bb css_animation=\u00bbfadeInUp\u00bb el_class=\u00bboverflowunset mobpt50&#8243; css=\u00bb.vc_custom_1707758321314{margin-top: -120px !important;}\u00bb][vc_column css=\u00bb.vc_custom_1707758414731{padding-top: 0px !important;}\u00bb][vc_row_inner][vc_column_inner width=\u00bb6\/12&#8243;][\/vc_column_inner][vc_column_inner el_class=\u00bbabouts2rightbox\u00bb width=\u00bb5\/12&#8243; css=\u00bb.vc_custom_1749509803920{background-color: #E87247 !important;}\u00bb][vc_single_image image=\u00bb3628&#8243; img_size=\u00bbfull\u00bb alignment=\u00bbcenter\u00bb css=\u00bb.vc_custom_1707758297366{margin-top: -100px !important;margin-bottom: 9px !important;}\u00bb el_class=\u00bbwrap157 wrapauto associations2img\u00bb][vc_custom_heading text=\u00bbMiembros del clero, descubran c\u00f3mo His Way At Work puede apoyar tu plan de evangelizaci\u00f3n.\u00bb font_container=\u00bbtag:h3|text_align:center\u00bb use_theme_fonts=\u00bbyes\u00bb css=\u00bb.vc_custom_1762200696186{margin-bottom: 28px !important;}\u00bb el_class=\u00bbcolorfff fw500&#8243;][vc_btn title=\u00bbConoce m\u00e1s\u00bb style=\u00bbcustom\u00bb custom_background=\u00bb#ffffff\u00bb custom_text=\u00bb#E87247&#8243; align=\u00bbcenter\u00bb css=\u00bb.vc_custom_1762204491347{margin-bottom: 0px !important;padding-bottom: 15px !important;}\u00bb link=\u00bburl:https%3A%2F%2Fhwaw.com%2Fes%2Fclergy|title:Begin\u00bb el_class=\u00bbbtnwhite\u00bb][\/vc_column_inner][vc_column_inner width=\u00bb1\/12&#8243;][\/vc_column_inner][\/vc_row_inner][\/vc_column][\/vc_row][vc_row css_animation=\u00bbfadeInUp\u00bb css=\u00bb.vc_custom_1760718800290{padding-top: 40px !important;padding-bottom: 10px !important;}\u00bb el_id=\u00bbmission\u00bb][vc_column css=\u00bb.vc_custom_1760718909630{padding-bottom: 10px !important;}\u00bb][vc_custom_heading text=\u00bbUNA PARROQUIA EN MISI\u00d3N\u00bb font_container=\u00bbtag:h2|text_align:center|color:%23CDA629&#8243; use_theme_fonts=\u00bbyes\u00bb css=\u00bb\u00bb][vc_row_inner equal_height=\u00bbyes\u00bb content_placement=\u00bbmiddle\u00bb css=\u00bb.vc_custom_1760718939222{padding-top: 30px !important;}\u00bb][vc_column_inner width=\u00bb1\/2&#8243;][vc_column_text css=\u00bb.vc_custom_1760718985871{margin-bottom: 0px !important;}\u00bb]Hay 17 000 parroquias cat\u00f3licas en Estados Unidos y <strong>38 millones de empresas<\/strong>. \u00bfQu\u00e9 pasar\u00eda si esos dos mundos se unieran?<\/p>\n<p>Cuando los l\u00edderes empresariales consagran sus empresas, las cosas comienzan a cambiar:<\/p>\n<ul>\n<li>Los empresarios descubren vuestra noble vocaci\u00f3n<\/li>\n<li>Los lugares de trabajo reflejan el coraz\u00f3n de Cristo.<\/li>\n<li>La empresa se convierte en un canal de gracia y cuidado.<\/li>\n<\/ul>\n<p><strong>Imagina que tu parroquia crea una comunidad de empresarios comprometidos con llevar a Cristo al mercado.<\/strong><\/p>\n<p>Y la gracia se desborda: en los hogares, las oficinas, las salas de juntas, los vecindarios y la cultura.<\/p>\n<p>\u00a1Programa una llamada con nuestro equipo para empezar![\/vc_column_text][vc_btn title=\u00bbPROGRAMAR UNA LLAMADA\u00bb style=\u00bbcustom\u00bb custom_background=\u00bb#E87247&#8243; custom_text=\u00bb#FFFFFF\u00bb align=\u00bbleft\u00bb css=\u00bb.vc_custom_1760993779200{margin-top: 30px !important;margin-bottom: 0px !important;}\u00bb link=\u00bburl:https%3A%2F%2Fmeetings.hubspot.com%2Fanthony-klosterman|target:_blank|\u00bb el_class=\u00bbbtnorange\u00bb][\/vc_column_inner][vc_column_inner width=\u00bb1\/2&#8243;][vc_single_image image=\u00bb4180&#8243; img_size=\u00bbfull\u00bb alignment=\u00bbcenter\u00bb css=\u00bb.vc_custom_1758292708645{margin-top: 30px !important;}\u00bb el_class=\u00bbmobilehide imgbr15&#8243;][\/vc_column_inner][\/vc_row_inner][\/vc_column][\/vc_row][vc_row full_width=\u00bbstretch_row\u00bb css_animation=\u00bbfadeInUp\u00bb css=\u00bb.vc_custom_1744667227755{padding-top: 62px !important;padding-bottom: 60px !important;background-color: #101E45 !important;}\u00bb el_class=\u00bbmobpb40 mobpt70&#8243;][vc_column][vc_custom_heading text=\u00bbC\u00d3MO TRABAJAMOS JUNTOS\u00bb font_container=\u00bbtag:h2|text_align:center|color:%23CDA629&#8243; use_theme_fonts=\u00bbyes\u00bb css=\u00bb.vc_custom_1760708373389{margin-bottom: 60px !important;}\u00bb el_class=\u00bbcolorCDA629 mobmb40&#8243;][vc_row_inner][vc_column_inner width=\u00bb1\/3&#8243;][vc_single_image image=\u00bb6344&#8243; alignment=\u00bbcenter\u00bb css=\u00bb.vc_custom_1760634400225{margin-bottom: 20px !important;}\u00bb][vc_custom_heading text=\u00bbPromover la consagraci\u00f3n\u00bb font_container=\u00bbtag:h3|text_align:center\u00bb use_theme_fonts=\u00bbyes\u00bb css=\u00bb.vc_custom_1759426008697{margin-bottom: 30px !important;}\u00bb el_class=\u00bbcolorCDA629 wrapauto fw500&#8243;][vc_column_text css=\u00bb.vc_custom_1760981410542{margin-bottom: 30px !important;}\u00bb el_class=\u00bbwrap360 wrapauto colorfff\u00bb]<\/p>\n<p style=\"text-align: center;\"><span class=\"NormalTextRun SCXW20903263 BCX0\">La parroquia recibe gratis <\/span><span class=\"NormalTextRun SCXW20903263 BCX0\">materiales para compartir con los empresarios sobre la consagraci\u00f3n de sus empresas. Los empresarios solicitan su kit de consagraci\u00f3n y comienzan el proceso de preparaci\u00f3n. <\/span><\/p>\n<p>[\/vc_column_text][vc_btn title=\u00bbPIDE AHORA\u00bb style=\u00bbcustom\u00bb custom_background=\u00bb#E87247&#8243; custom_text=\u00bb#FFFFFF\u00bb align=\u00bbcenter\u00bb css=\u00bb.vc_custom_1760996833353{margin-top: 15px !important;margin-bottom: 0px !important;}\u00bb link=\u00bburl:https%3A%2F%2Fhwaw.com%2Fes%2Fregistro-de-parroquia%2F|target:_blank|\u00bb el_class=\u00bbbtnorange\u00bb][\/vc_column_inner][vc_column_inner width=\u00bb1\/3&#8243;][vc_single_image image=\u00bb6341&#8243; alignment=\u00bbcenter\u00bb css=\u00bb.vc_custom_1760634454782{margin-bottom: 20px !important;}\u00bb][vc_custom_heading text=\u00bbIniciar un cap\u00edtulo\u00bb font_container=\u00bbtag:h3|text_align:center\u00bb use_theme_fonts=\u00bbyes\u00bb css=\u00bb.vc_custom_1758292917728{margin-bottom: 30px !important;}\u00bb el_class=\u00bbcolorCDA629 wrap260 wrapauto fw500&#8243;][vc_column_text css=\u00bb.vc_custom_1760714977577{margin-bottom: 30px !important;}\u00bb el_class=\u00bbwrap360 wrapauto colorfff\u00bb]<\/p>\n<p style=\"text-align: center;\">Organizamos un seminario web de lanzamiento para tu parroquia, te ayudamos a crear una secci\u00f3n local y te proporcionamos materiales de formaci\u00f3n continua para las reuniones peri\u00f3dicas de empresarios.<\/p>\n<p>[\/vc_column_text][vc_btn title=\u00bbPROGRAMAR UNA LLAMADA\u00bb style=\u00bbcustom\u00bb custom_background=\u00bb#E87247&#8243; custom_text=\u00bb#FFFFFF\u00bb align=\u00bbcenter\u00bb css=\u00bb.vc_custom_1760981622517{margin-top: 15px !important;margin-bottom: 0px !important;}\u00bb link=\u00bburl:https%3A%2F%2Fmeetings.hubspot.com%2Fanthony-klosterman|target:_blank|\u00bb el_class=\u00bbbtnorange\u00bb][\/vc_column_inner][vc_column_inner width=\u00bb1\/3&#8243;][vc_single_image image=\u00bb6347&#8243; alignment=\u00bbcenter\u00bb css=\u00bb.vc_custom_1760634428513{margin-bottom: 20px !important;}\u00bb][vc_custom_heading text=\u00bbApoyo continuo\u00bb font_container=\u00bbtag:h3|text_align:center\u00bb use_theme_fonts=\u00bbyes\u00bb css=\u00bb.vc_custom_1758292927315{margin-bottom: 30px !important;}\u00bb el_class=\u00bbcolorCDA629 wrap260 wrapauto fw500&#8243;][vc_column_text css=\u00bb.vc_custom_1760714983665{margin-bottom: 30px !important;}\u00bb el_class=\u00bbwrap360 wrapauto colorfff\u00bb]<\/p>\n<p style=\"text-align: center;\">Ofrecemos orientaci\u00f3n y recursos que animan e inspiran a los miembros a vivir activamente su vocaci\u00f3n superior, mientras que tu parroquia proporciona la conexi\u00f3n con la comunidad.<\/p>\n<p>[\/vc_column_text][vc_btn title=\u00bbCONOCE M\u00c1S\u00bb style=\u00bbcustom\u00bb custom_background=\u00bb#E87247&#8243; custom_text=\u00bb#FFFFFF\u00bb align=\u00bbcenter\u00bb css=\u00bb.vc_custom_1762204506764{margin-top: 15px !important;margin-bottom: 0px !important;}\u00bb link=\u00bburl:http%3A%2F%2Fhwaw.com%2Fes%2Fcommunity\u00bb el_class=\u00bbbtnorange\u00bb][\/vc_column_inner][\/vc_row_inner][\/vc_column][\/vc_row][vc_row full_width=\u00bbstretch_row\u00bb css_animation=\u00bbfadeInUp\u00bb css=\u00bb.vc_custom_1761017114189{padding-top: 40px !important;padding-bottom: px !important;background-image: url(https:\/\/hwaw.com\/wp-content\/uploads\/2025\/10\/parish-partner.png?id=6541) !important;}\u00bb el_class=\u00bbbgoverlay1 cbd_s3 mobpt70 mobpb70&#8243;][vc_column css=\u00bb.vc_custom_1760718909630{padding-bottom: 10px !important;}\u00bb][vc_custom_heading text=\u00bbPROMOVER LAS CONSAGRACIONES DE LA EMPRESA\u00bb font_container=\u00bbtag:h2|text_align:center|color:%23CDA629&#8243; use_theme_fonts=\u00bbyes\u00bb css=\u00bb\u00bb][vc_row_inner equal_height=\u00bbyes\u00bb content_placement=\u00bbmiddle\u00bb][vc_column_inner width=\u00bb1\/2&#8243;][vc_column_text css=\u00bb.vc_custom_1761016978873{margin-bottom: 0px !important;}\u00bb el_class=\u00bbwhitetext\u00bb]En colaboraci\u00f3n con His Way At Work, tu parroquia puede inspirar a los empresarios a consagrar sus empresas al Sagrado Coraz\u00f3n de Jes\u00fas. Nuestro kit promocional GRATUITO incluye los siguientes art\u00edculos:<\/p>\n<ul>\n<li>(1) Pancarta vertical de 6&#8242;<\/li>\n<li>(5) Carteles de 12 x 18<\/li>\n<li>(200) Postales<\/li>\n<li>(1) Kit promocional para marketing digital<\/li>\n<\/ul>\n<p>[\/vc_column_text][vc_btn title=\u00bbPIDE AHORA\u00bb style=\u00bbcustom\u00bb custom_background=\u00bb#E87247&#8243; custom_text=\u00bb#FFFFFF\u00bb align=\u00bbleft\u00bb css=\u00bb.vc_custom_1760996712993{margin-top: 30px !important;margin-bottom: 0px !important;}\u00bb link=\u00bburl:https%3A%2F%2Fhwaw.com%2Fes%2Fregistro-de-parroquia%2F|target:_blank|\u00bb el_class=\u00bbbtnorange\u00bb][\/vc_column_inner][vc_column_inner width=\u00bb1\/2&#8243;][vc_single_image image=\u00bb6510&#8243; img_size=\u00bbfull\u00bb alignment=\u00bbcenter\u00bb css=\u00bb.vc_custom_1760995528232{margin-top: 30px !important;}\u00bb el_class=\u00bbmobilehide imgbr15&#8243;][\/vc_column_inner][\/vc_row_inner][\/vc_column][\/vc_row][vc_row css_animation=\u00bbfadeInUp\u00bb css=\u00bb.vc_custom_1757474048945{padding-top: 40px !important;padding-bottom: 40px !important;}\u00bb][vc_column][vc_custom_heading text=\u00bbAS\u00d3CIATE CON TU MANERA DE TRABAJAR\u00bb font_container=\u00bbtag:h2|text_align:center|color:%23CDA629&#8243; use_theme_fonts=\u00bbyes\u00bb css=\u00bb.vc_custom_1760708395606{margin-bottom: 14px !important;}\u00bb][vc_row_inner equal_height=\u00bbyes\u00bb content_placement=\u00bbmiddle\u00bb][vc_column_inner width=\u00bb1\/2&#8243;][vc_single_image image=\u00bb6506&#8243; img_size=\u00bbfull\u00bb alignment=\u00bbcenter\u00bb css=\u00bb.vc_custom_1760994225261{margin-top: 30px !important;}\u00bb el_class=\u00bbmobilehide imgbr15&#8243;][\/vc_column_inner][vc_column_inner width=\u00bb1\/2&#8243;][vc_column_text css=\u00bb\u00bb el_class=\u00bbwrap660 wrapauto mobmb50&#8243;]<\/p>\n<p style=\"text-align: left;\"><span data-contrast=\"none\">Exploremos c\u00f3mo podr\u00eda ser la colaboraci\u00f3n para la comunidad de tu parroquia.<\/span><span data-ccp-props=\"{\"> Podemos hablar sobre la misi\u00f3n y la visi\u00f3n de tu parroquia en cuanto a la colaboraci\u00f3n, y cu\u00e1l es el mejor camino a seguir juntos.<\/span><\/p>\n<p>Programa una llamada con nuestro equipo para empezar.[\/vc_column_text][vc_btn title=\u00bbPROGRAMAR UNA LLAMADA\u00bb style=\u00bbcustom\u00bb custom_background=\u00bb#E87247&#8243; custom_text=\u00bb#FFFFFF\u00bb align=\u00bbleft\u00bb css=\u00bb.vc_custom_1760993809774{margin-top: 30px !important;margin-bottom: 0px !important;}\u00bb link=\u00bburl:https%3A%2F%2Fmeetings.hubspot.com%2Fanthony-klosterman|target:_blank|\u00bb el_class=\u00bbbtnorange\u00bb][\/vc_column_inner][\/vc_row_inner][\/vc_column][\/vc_row]<\/p>\n<\/div>","protected":false},"excerpt":{"rendered":"<p>[vc_row full_width=\u00bbstretch_row\u00bb css=\u00bb.vc_custom_1761156761581{padding-top: 114px !important;padding-bottom: 70px !important;background-image: url(https:\/\/hwaw.com\/wp-content\/uploads\/2025\/09\/church-background-2400-x-846-px-1.png?id=5789) !important;}\u00bb el_id=\u00bbhowitworks-row\u00bb el_class=\u00bbinnerhero\u00bb][vc_column width=\u00bb2\/3&#8243; el_class=\u00bbwrap700divdiv wrapautodivdiv\u00bb][vc_custom_heading text=\u00bbLleva Su Camino en el Trabajo a tu parroquia\u00bb font_container=\u00bbtag:h1|text_align:left|color:%23FFFFFF\u00bb use_theme_fonts=\u00bbyes\u00bb css=\u00bb.vc_custom_1762200636151{margin-bottom: 35px !important;}\u00bb el_class=\u00bbf45l50 ls036 [&hellip;]<\/p>\n","protected":false},"author":3,"featured_media":0,"parent":0,"menu_order":0,"comment_status":"closed","ping_status":"closed","template":"","meta":{"_acf_changed":false,"content-type":"","inline_featured_image":false,"_genesis_hide_title":false,"_genesis_hide_breadcrumbs":false,"_genesis_hide_singular_image":false,"_genesis_hide_footer_widgets":false,"_genesis_custom_body_class":"","_genesis_custom_post_class":"","_genesis_layout":"","footnotes":""},"class_list":["post-6430","page","type-page","status-publish","entry"],"acf":[],"yoast_head":"<!-- This site is optimized with the Yoast SEO plugin v27.3 - https:\/\/yoast.com\/product\/yoast-seo-wordpress\/ -->\n<title>Parish - His Way At Work<\/title>\n<meta name=\"robots\" content=\"noindex, nofollow\" \/>\n<meta property=\"og:locale\" content=\"es_ES\" \/>\n<meta property=\"og:type\" content=\"article\" \/>\n<meta property=\"og:title\" content=\"Parish - His Way At Work\" \/>\n<meta property=\"og:description\" content=\"[vc_row full_width=\u00bbstretch_row\u00bb css=\u00bb.vc_custom_1761156761581{padding-top: 114px !important;padding-bottom: 70px !important;background-image: url(https:\/\/hwaw.com\/wp-content\/uploads\/2025\/09\/church-background-2400-x-846-px-1.png?id=5789) !important;}\u00bb el_id=\u00bbhowitworks-row\u00bb el_class=\u00bbinnerhero\u00bb][vc_column width=\u00bb2\/3&#8243; el_class=\u00bbwrap700divdiv wrapautodivdiv\u00bb][vc_custom_heading text=\u00bbLleva Su Camino en el Trabajo a tu parroquia\u00bb font_container=\u00bbtag:h1|text_align:left|color:%23FFFFFF\u00bb use_theme_fonts=\u00bbyes\u00bb css=\u00bb.vc_custom_1762200636151{margin-bottom: 35px !important;}\u00bb el_class=\u00bbf45l50 ls036 [&hellip;]\" \/>\n<meta property=\"og:url\" content=\"https:\/\/hwaw.com\/es\/parish\/\" \/>\n<meta property=\"og:site_name\" content=\"His Way At Work\" \/>\n<meta property=\"article:modified_time\" content=\"2025-11-04T22:09:10+00:00\" \/>\n<meta name=\"twitter:card\" content=\"summary_large_image\" \/>\n<meta name=\"twitter:label1\" content=\"Tiempo de lectura\" \/>\n\t<meta name=\"twitter:data1\" content=\"5 minutos\" \/>\n<script type=\"application\/ld+json\" class=\"yoast-schema-graph\">{\"@context\":\"https:\\\/\\\/schema.org\",\"@graph\":[{\"@type\":\"WebPage\",\"@id\":\"https:\\\/\\\/hwaw.com\\\/es\\\/parish\\\/\",\"url\":\"https:\\\/\\\/hwaw.com\\\/es\\\/parish\\\/\",\"name\":\"Parish - His Way At Work\",\"isPartOf\":{\"@id\":\"https:\\\/\\\/hwaw.com\\\/es\\\/#website\"},\"datePublished\":\"2025-09-19T14:52:03+00:00\",\"dateModified\":\"2025-11-04T22:09:10+00:00\",\"breadcrumb\":{\"@id\":\"https:\\\/\\\/hwaw.com\\\/es\\\/parish\\\/#breadcrumb\"},\"inLanguage\":\"es\",\"potentialAction\":[{\"@type\":\"ReadAction\",\"target\":[\"https:\\\/\\\/hwaw.com\\\/es\\\/parish\\\/\"]}]},{\"@type\":\"BreadcrumbList\",\"@id\":\"https:\\\/\\\/hwaw.com\\\/es\\\/parish\\\/#breadcrumb\",\"itemListElement\":[{\"@type\":\"ListItem\",\"position\":1,\"name\":\"Home\",\"item\":\"https:\\\/\\\/hwaw.com\\\/es\\\/\"},{\"@type\":\"ListItem\",\"position\":2,\"name\":\"Parish\"}]},{\"@type\":\"WebSite\",\"@id\":\"https:\\\/\\\/hwaw.com\\\/es\\\/#website\",\"url\":\"https:\\\/\\\/hwaw.com\\\/es\\\/\",\"name\":\"His Way At Work\",\"description\":\"Run Your Business in Line with Your Faith\",\"publisher\":{\"@id\":\"https:\\\/\\\/hwaw.com\\\/es\\\/#organization\"},\"potentialAction\":[{\"@type\":\"SearchAction\",\"target\":{\"@type\":\"EntryPoint\",\"urlTemplate\":\"https:\\\/\\\/hwaw.com\\\/es\\\/?s={search_term_string}\"},\"query-input\":{\"@type\":\"PropertyValueSpecification\",\"valueRequired\":true,\"valueName\":\"search_term_string\"}}],\"inLanguage\":\"es\"},{\"@type\":\"Organization\",\"@id\":\"https:\\\/\\\/hwaw.com\\\/es\\\/#organization\",\"name\":\"His Way At Work\",\"url\":\"https:\\\/\\\/hwaw.com\\\/es\\\/\",\"logo\":{\"@type\":\"ImageObject\",\"inLanguage\":\"es\",\"@id\":\"https:\\\/\\\/hwaw.com\\\/es\\\/#\\\/schema\\\/logo\\\/image\\\/\",\"url\":\"https:\\\/\\\/hwaw.com\\\/wp-content\\\/uploads\\\/2024\\\/02\\\/HWAW-Logo-wTagline-White.svg\",\"contentUrl\":\"https:\\\/\\\/hwaw.com\\\/wp-content\\\/uploads\\\/2024\\\/02\\\/HWAW-Logo-wTagline-White.svg\",\"width\":225,\"height\":118,\"caption\":\"His Way At Work\"},\"image\":{\"@id\":\"https:\\\/\\\/hwaw.com\\\/es\\\/#\\\/schema\\\/logo\\\/image\\\/\"}}]}<\/script>\n<!-- \/ Yoast SEO plugin. -->","yoast_head_json":{"title":"Parish - His Way At Work","robots":{"index":"noindex","follow":"nofollow"},"og_locale":"es_ES","og_type":"article","og_title":"Parish - His Way At Work","og_description":"[vc_row full_width=\u00bbstretch_row\u00bb css=\u00bb.vc_custom_1761156761581{padding-top: 114px !important;padding-bottom: 70px !important;background-image: url(https:\/\/hwaw.com\/wp-content\/uploads\/2025\/09\/church-background-2400-x-846-px-1.png?id=5789) !important;}\u00bb el_id=\u00bbhowitworks-row\u00bb el_class=\u00bbinnerhero\u00bb][vc_column width=\u00bb2\/3&#8243; el_class=\u00bbwrap700divdiv wrapautodivdiv\u00bb][vc_custom_heading text=\u00bbLleva Su Camino en el Trabajo a tu parroquia\u00bb font_container=\u00bbtag:h1|text_align:left|color:%23FFFFFF\u00bb use_theme_fonts=\u00bbyes\u00bb css=\u00bb.vc_custom_1762200636151{margin-bottom: 35px !important;}\u00bb el_class=\u00bbf45l50 ls036 [&hellip;]","og_url":"https:\/\/hwaw.com\/es\/parish\/","og_site_name":"His Way At Work","article_modified_time":"2025-11-04T22:09:10+00:00","twitter_card":"summary_large_image","twitter_misc":{"Tiempo de lectura":"5 minutos"},"schema":{"@context":"https:\/\/schema.org","@graph":[{"@type":"WebPage","@id":"https:\/\/hwaw.com\/es\/parish\/","url":"https:\/\/hwaw.com\/es\/parish\/","name":"Parish - His Way At Work","isPartOf":{"@id":"https:\/\/hwaw.com\/es\/#website"},"datePublished":"2025-09-19T14:52:03+00:00","dateModified":"2025-11-04T22:09:10+00:00","breadcrumb":{"@id":"https:\/\/hwaw.com\/es\/parish\/#breadcrumb"},"inLanguage":"es","potentialAction":[{"@type":"ReadAction","target":["https:\/\/hwaw.com\/es\/parish\/"]}]},{"@type":"BreadcrumbList","@id":"https:\/\/hwaw.com\/es\/parish\/#breadcrumb","itemListElement":[{"@type":"ListItem","position":1,"name":"Home","item":"https:\/\/hwaw.com\/es\/"},{"@type":"ListItem","position":2,"name":"Parish"}]},{"@type":"WebSite","@id":"https:\/\/hwaw.com\/es\/#website","url":"https:\/\/hwaw.com\/es\/","name":"His Way At Work","description":"Run Your Business in Line with Your Faith","publisher":{"@id":"https:\/\/hwaw.com\/es\/#organization"},"potentialAction":[{"@type":"SearchAction","target":{"@type":"EntryPoint","urlTemplate":"https:\/\/hwaw.com\/es\/?s={search_term_string}"},"query-input":{"@type":"PropertyValueSpecification","valueRequired":true,"valueName":"search_term_string"}}],"inLanguage":"es"},{"@type":"Organization","@id":"https:\/\/hwaw.com\/es\/#organization","name":"His Way At Work","url":"https:\/\/hwaw.com\/es\/","logo":{"@type":"ImageObject","inLanguage":"es","@id":"https:\/\/hwaw.com\/es\/#\/schema\/logo\/image\/","url":"https:\/\/hwaw.com\/wp-content\/uploads\/2024\/02\/HWAW-Logo-wTagline-White.svg","contentUrl":"https:\/\/hwaw.com\/wp-content\/uploads\/2024\/02\/HWAW-Logo-wTagline-White.svg","width":225,"height":118,"caption":"His Way At Work"},"image":{"@id":"https:\/\/hwaw.com\/es\/#\/schema\/logo\/image\/"}}]}},"_links":{"self":[{"href":"https:\/\/hwaw.com\/es\/wp-json\/wp\/v2\/pages\/6430","targetHints":{"allow":["GET"]}}],"collection":[{"href":"https:\/\/hwaw.com\/es\/wp-json\/wp\/v2\/pages"}],"about":[{"href":"https:\/\/hwaw.com\/es\/wp-json\/wp\/v2\/types\/page"}],"author":[{"embeddable":true,"href":"https:\/\/hwaw.com\/es\/wp-json\/wp\/v2\/users\/3"}],"replies":[{"embeddable":true,"href":"https:\/\/hwaw.com\/es\/wp-json\/wp\/v2\/comments?post=6430"}],"version-history":[{"count":0,"href":"https:\/\/hwaw.com\/es\/wp-json\/wp\/v2\/pages\/6430\/revisions"}],"wp:attachment":[{"href":"https:\/\/hwaw.com\/es\/wp-json\/wp\/v2\/media?parent=6430"}],"curies":[{"name":"wp","href":"https:\/\/api.w.org\/{rel}","templated":true}]}}