{"id":6075,"date":"2025-10-01T13:14:28","date_gmt":"2025-10-01T17:14:28","guid":{"rendered":"https:\/\/hwaw.com\/preparacion-para-la-consagracion-dia-6\/"},"modified":"2026-03-30T15:29:24","modified_gmt":"2026-03-30T19:29:24","slug":"prepare-dia-6","status":"publish","type":"page","link":"https:\/\/hwaw.com\/es\/prepare-dia-6\/","title":{"rendered":"PREPARACI\u00d3N PARA LA CONSAGRACI\u00d3N \u2013 D\u00cdA 6"},"content":{"rendered":"<div class=\"wpb-content-wrapper\"><p>[vc_row full_width=\u00bbstretch_row\u00bb el_class=\u00bbinnerhero pastorhero mobhero bggradient\u00bb css=\u00bb.vc_custom_1758238537780{padding-top: 250px !important;padding-bottom: 100px !important;background-image: url(https:\/\/hwaw.com\/wp-content\/uploads\/2025\/09\/Top-Webpage-Banner1.png?id=5776) !important;background-position: center !important;background-repeat: no-repeat !important;background-size: cover !important;}\u00bb][vc_column css=\u00bb.vc_custom_1707678321300{padding-top: 0px !important;}\u00bb][vc_row_inner content_placement=\u00bbbottom\u00bb][vc_column_inner][vc_custom_heading text=\u00bbPREPARACI\u00d3N PARA LA CONSAGRACI\u00d3N DE LA EMPRESA\u00bb font_container=\u00bbtag:h1|text_align:center\u00bb use_theme_fonts=\u00bbyes\u00bb css=\u00bb.vc_custom_1759336323919{margin-bottom: 30px !important;}\u00bb el_class=\u00bbf45l50 colorfff mobilecenter mobwrapauto\u00bb][vc_column_text css=\u00bb.vc_custom_1759338132780{margin-bottom: 30px !important;}\u00bb el_class=\u00bbcolorfff mobilecenter linkorangea\u00bb]<\/p>\n<h2 style=\"text-align: center;\">D\u00eda 6: Un disc\u00edpulo que ama con valent\u00eda<\/h2>\n<p>[\/vc_column_text][\/vc_column_inner][\/vc_row_inner][\/vc_column][\/vc_row][vc_row css_animation=\u00bbfadeInUp\u00bb css=\u00bb.vc_custom_1726244708412{padding-top: 55px !important;}\u00bb el_id=\u00bbv\u00eddeos\u00bb][vc_column css=\u00bb.vc_custom_1710448249392{padding-top: 0px !important;}\u00bb el_class=\u00bbwrap996divdiv wrapautodivdiv\u00bb][vc_row_inner][vc_column_inner][vc_column_text css=\u00bb\u00bb el_class=\u00bbcolorCDA629 mobilecenter mobmb30&#8243;]<\/p>\n<h4 style=\"text-align: center;\">+ En el nombre del Padre, y del Hijo y del Esp\u00edritu Santo. Am\u00e9n<\/h4>\n<p>[\/vc_column_text][\/vc_column_inner][\/vc_row_inner][vc_row_inner equal_height=\u00bbyes\u00bb content_placement=\u00bbmiddle\u00bb][vc_column_inner][vc_custom_heading text=\u00bbVER EL VIDEO DE HOY:\u00bb font_container=\u00bbtag:h2|text_align:center\u00bb use_theme_fonts=\u00bbyes\u00bb css=\u00bb.vc_custom_1758237281089{margin-bottom: 35px !important;}\u00bb el_class=\u00bbcolorCDA629 mobilecenter mobmb30&#8243;][vc_raw_html css=\u00bb\u00bb]JTNDZGl2JTIwc3R5bGUlM0QlMjJwYWRkaW5nJTNBNTAlMjUlMjAwJTIwMCUyMDAlM0Jwb3NpdGlvbiUzQXJlbGF0aXZlJTNCJTIyJTNFJTNDaWZyYW1lJTIwc3JjJTNEJTIyaHR0cHMlM0ElMkYlMkZwbGF5ZXIudmltZW8uY29tJTJGdmlkZW8lMkY5ODIyMzcyNzElM0ZoJTNEYTdkZjlkOGY0MCUyNmFtcCUzQmJhZGdlJTNEMCUyNmFtcCUzQmF1dG9wYXVzZSUzRDAlMjZhbXAlM0JwbGF5ZXJfaWQlM0QwJTI2YW1wJTNCYXBwX2lkJTNENTg0NzklMjIlMjBmcmFtZWJvcmRlciUzRCUyMjAlMjIlMjBhbGxvdyUzRCUyMmF1dG9wbGF5JTNCJTIwZnVsbHNjcmVlbiUzQiUyMHBpY3R1cmUtaW4tcGljdHVyZSUzQiUyMGNsaXBib2FyZC13cml0ZSUzQiUyMGVuY3J5cHRlZC1tZWRpYSUzQiUyMHdlYi1zaGFyZSUyMiUyMHJlZmVycmVycG9saWN5JTNEJTIyc3RyaWN0LW9yaWdpbi13aGVuLWNyb3NzLW9yaWdpbiUyMiUyMHN0eWxlJTNEJTIycG9zaXRpb24lM0FhYnNvbHV0ZSUzQnRvcCUzQTAlM0JsZWZ0JTNBMCUzQndpZHRoJTNBMTAwJTI1JTNCaGVpZ2h0JTNBMTAwJTI1JTNCJTIyJTIwdGl0bGUlM0QlMjJQYXNvJTIwU2VpcyUzQSUyMFVuJTIwZGlzYyVDMyVBRHB1bG8lMjBxdWUlMjBhbWElMjBjb24lMjB2YWxlbnQlQzMlQURhJTIyJTNFJTNDJTJGaWZyYW1lJTNFJTNDJTJGZGl2JTNFJTNDc2NyaXB0JTIwc3JjJTNEJTIyaHR0cHMlM0ElMkYlMkZwbGF5ZXIudmltZW8uY29tJTJGYXBpJTJGcGxheWVyLmpzJTIyJTNFJTNDJTJGc2NyaXB0JTNF[\/vc_raw_html][vc_empty_space][\/vc_column_inner][\/vc_row_inner][vc_row_inner equal_height=\u00bbyes\u00bb content_placement=\u00bbmiddle\u00bb][vc_column_inner][vc_custom_heading text=\u00bbLECTURA B\u00cdBLICA: ACOGE AL ESP\u00cdRITU SANTO EN TU VIDA\u00bb font_container=\u00bbtag:h2|text_align:center\u00bb use_theme_fonts=\u00bbyes\u00bb css=\u00bb.vc_custom_1759338765770{margin-bottom: 12px !important;}\u00bb el_class=\u00bbcolorCDA629 mobilecenter mobmb30&#8243;][vc_custom_heading text=\u00bbRomanos 8,26-27&#8243; font_container=\u00bbtag:p|text_align:center\u00bb use_theme_fonts=\u00bbyes\u00bb css=\u00bb.vc_custom_1762206567744{margin-bottom: 32px !important;}\u00bb el_class=\u00bbcolorCDA629 mobilecenter mobmb30&#8243;][vc_column_text css=\u00bb\u00bb]<em>Y de igual manera, tambi\u00e9n el Esp\u00edritu viene en ayuda de nuestra flaqueza.<br \/>\nPues nosotros no sabemos pedir como conviene;<br \/>\nmas el Esp\u00edritu mismo intercede por nosotros con gemidos inefables,<br \/>\ny el que escruta los corazones conoce cu\u00e1l es la aspiraci\u00f3n del Esp\u00edritu,<br \/>\ny que su intercesi\u00f3n a favor de los santos es seg\u00fan Dios.<\/em>[\/vc_column_text][vc_empty_space][\/vc_column_inner][\/vc_row_inner][vc_row_inner equal_height=\u00bbyes\u00bb content_placement=\u00bbmiddle\u00bb][vc_column_inner][vc_custom_heading text=\u00bbREFLEXI\u00d3N: UN DISC\u00cdPULO QUE AMA CON VALENT\u00cdA\u00bb font_container=\u00bbtag:h2|text_align:center\u00bb use_theme_fonts=\u00bbyes\u00bb css=\u00bb.vc_custom_1759338829641{margin-bottom: 12px !important;}\u00bb el_class=\u00bbcolorCDA629 mobilecenter mobmb30&#8243;][vc_empty_space][vc_column_text css=\u00bb\u00bb]Un verdadero disc\u00edpulo de Jesucristo abraza el llamado a amar con valent\u00eda, ejemplificando la esencia del amor \u201c\u00e1gape\u201d, que va m\u00e1s all\u00e1 del mero afecto para hacer vida la acci\u00f3n desinteresada y generosa. Arraigado en el propio mandamiento de Cristo en la \u00daltima Cena \u2014\u201c\u00c1mense los unos a los otros como yo los he amado\u201d (Juan 13:34)\u2014, este tipo de amor motiva a los disc\u00edpulos a asumir riesgos por el bien de los dem\u00e1s, demostrando compasi\u00f3n incluso en situaciones dif\u00edciles.<\/p>\n<p>La forma de vivir y amar de Cristo es el modelo y el patr\u00f3n de c\u00f3mo debe vivir un cristiano en el mundo. Esto se muestra de manera poderosa en la par\u00e1bola del buen samaritano. En la historia, el samaritano demuestra compasi\u00f3n y cuidado por un viajero herido que otros ignoran, redefiniendo lo que significa ser pr\u00f3jimo. Para quienes se encuentran en un contexto empresarial, esto significa tratar a cada empleado como un pr\u00f3jimo, creando una cultura de apoyo y empat\u00eda. Al abordar activamente las necesidades de los empleados y fomentar una cultura de cuidado en el entorno laboral, los l\u00edderes empresariales pueden reflejar el amor de Cristo en sus organizaciones, cultivando en \u00faltima instancia un entorno en el que todos puedan prosperar juntos.<\/p>\n<p>Jes\u00fas asumi\u00f3 nuestra naturaleza humana; se convirti\u00f3 en uno de nosotros en carne y hueso. Jes\u00fas transform\u00f3 nuestro mundo material con su divinidad. Del mismo modo, los cristianos est\u00e1n llamados a transformar su mundo material, a santificar el mundo que les rodea mediante una vida santa y devota, siguiendo los pasos de Cristo.<\/p>\n<p>Como empresario consagrado, t\u00fa y tu empresa est\u00e1n llamados a ser transformados radicalmente por el amor de Dios. Como empresario consagrado, tu misi\u00f3n es tomar algo humano, temporal y mundano y transformarlo, por la gracia de Dios y tu participaci\u00f3n en ella, en una fuente de recompensa eterna y una fuerza para el bien en el mundo.[\/vc_column_text][vc_empty_space][\/vc_column_inner][\/vc_row_inner][vc_row_inner][vc_column_inner][vc_column_text css=\u00bb\u00bb el_class=\u00bbcolorCDA629 mobilecenter mobmb30&#8243;]<\/p>\n<h2 style=\"text-align: center;\">ORACI\u00d3N DE LA NOVENA<\/h2>\n<p>[\/vc_column_text][vc_column_text css=\u00bb\u00bb]<em>Se\u00f1or Jesucristo, te adoro con todo mi coraz\u00f3n. Confiando en tu profundo y personal amor por m\u00ed, hago esta novena en preparaci\u00f3n para la consagraci\u00f3n de mi empresa a tu gloria y a tu servicio. Te pido que purifiques mi coraz\u00f3n y que hagas de la consagraci\u00f3n un acto sincero de amor y devoci\u00f3n que redunde en tu gloria, ahora y en los a\u00f1os venideros\u201d. Te pido humildemente que protejas mi empresa y a todos aquellos que est\u00e1n o estar\u00e1n relacionados con ella de alguna manera: el equipo directivo, los empleados, los clientes y todos los que entran en contacto con ella. Haz de esta empresa una verdadera fuente de consuelo para ti, un canal de tu poderoso e ilimitado amor, y un instrumento que sirva para consolar, fortalecer e inspirar a muchos, especialmente a los m\u00e1s necesitados de tu misericordia. <\/em><\/p>\n<p><em>Confiando en tu promesa de que todo lo que pidamos al Padre en tu nombre nos ser\u00e1 concedido, te presento hoy humildemente las siguientes peticiones:<\/em><\/p>\n<p><em>[Expresa aqu\u00ed tus peticiones personales para tu empresa].<\/em><\/p>\n<p><em>Haz con mi empresa lo que quieras. T\u00fa me la diste. A ti te la devuelvo.Do with my business whatever you will. You have given it to me. I return it to you. <\/em><\/p>\n<p><em>\u00a1A ti sea la gloria, la alabanza y la acci\u00f3n de gracias por toda la eternidad!<\/em>[\/vc_column_text][vc_empty_space][\/vc_column_inner][\/vc_row_inner][vc_row_inner][vc_column_inner][vc_column_text css=\u00bb\u00bb el_class=\u00bbcolorCDA629 mobilecenter mobmb30&#8243;]<\/p>\n<h2 style=\"text-align: center;\">ORACIONES FINALES<\/h2>\n<p>[\/vc_column_text][vc_column_text css=\u00bb\u00bb]<em>Padre nuestro, que est\u00e1s en el cielo, santificado sea tu nombre; venga a nosotros tu reino, h\u00e1gase tu voluntad en la tierra como en el cielo. Danos hoy nuestro pan de cada d\u00eda, perdona nuestras ofensas, como tambi\u00e9n nosotros perdonamos a los que nos ofenden; no nos dejes caer en tentaci\u00f3n, y l\u00edbranos del mal. Am\u00e9n<\/em><\/p>\n<p><em>Dios te salve, Mar\u00eda, llena eres de gracia, el Se\u00f1or es contigo. Bendita eres entre todas las mujeres y bendito es el fruto de tu vientre, Jes\u00fas. Santa Mar\u00eda, Madre de Dios, ruega por nosotros, los pecadores, ahora y en la hora<br \/>\nde nuestra muerte. Am\u00e9n<\/em><\/p>\n<p><em>Gloria al Padre, y al Hijo y al Esp\u00edritu Santo, como era en el principio, ahora y siempre, por los siglos de los siglos. Am\u00e9n<\/em><\/p>\n<p><em>Sagrado Coraz\u00f3n de Jes\u00fas, en vos conf\u00edo.<\/em>[\/vc_column_text][vc_empty_space][\/vc_column_inner][\/vc_row_inner][vc_row_inner][vc_column_inner][vc_column_text css=\u00bb\u00bb el_class=\u00bbcolorCDA629 mobilecenter mobmb30&#8243;]<\/p>\n<h4 style=\"text-align: center;\">+ En el nombre del Padre, y del Hijo y del Esp\u00edritu Santo. Am\u00e9n<\/h4>\n<p>[\/vc_column_text][\/vc_column_inner][\/vc_row_inner][\/vc_column][\/vc_row]<\/p>\n<\/div>","protected":false},"excerpt":{"rendered":"<p>[vc_row full_width=\u00bbstretch_row\u00bb el_class=\u00bbinnerhero pastorhero mobhero bggradient\u00bb css=\u00bb.vc_custom_1758238537780{padding-top: 250px !important;padding-bottom: 100px !important;background-image: url(https:\/\/hwaw.com\/wp-content\/uploads\/2025\/09\/Top-Webpage-Banner1.png?id=5776) !important;background-position: center !important;background-repeat: no-repeat !important;background-size: cover !important;}\u00bb][vc_column css=\u00bb.vc_custom_1707678321300{padding-top: 0px !important;}\u00bb][vc_row_inner content_placement=\u00bbbottom\u00bb][vc_column_inner][vc_custom_heading text=\u00bbPREPARACI\u00d3N PARA LA CONSAGRACI\u00d3N DE LA EMPRESA\u00bb [&hellip;]<\/p>\n","protected":false},"author":3,"featured_media":0,"parent":0,"menu_order":0,"comment_status":"closed","ping_status":"closed","template":"","meta":{"_acf_changed":false,"content-type":"","inline_featured_image":false,"_genesis_hide_title":false,"_genesis_hide_breadcrumbs":false,"_genesis_hide_singular_image":false,"_genesis_hide_footer_widgets":false,"_genesis_custom_body_class":"","_genesis_custom_post_class":"","_genesis_layout":"","footnotes":""},"class_list":["post-6075","page","type-page","status-publish","entry"],"acf":[],"yoast_head":"<!-- This site is optimized with the Yoast SEO plugin v27.3 - https:\/\/yoast.com\/product\/yoast-seo-wordpress\/ -->\n<title>PREPARACI\u00d3N PARA LA CONSAGRACI\u00d3N \u2013 D\u00cdA 6 - His Way At Work<\/title>\n<meta name=\"robots\" content=\"noindex, nofollow\" \/>\n<meta property=\"og:locale\" content=\"es_ES\" \/>\n<meta property=\"og:type\" content=\"article\" \/>\n<meta property=\"og:title\" content=\"PREPARACI\u00d3N PARA LA CONSAGRACI\u00d3N \u2013 D\u00cdA 6 - His Way At Work\" \/>\n<meta property=\"og:description\" content=\"[vc_row full_width=\u00bbstretch_row\u00bb el_class=\u00bbinnerhero pastorhero mobhero bggradient\u00bb css=\u00bb.vc_custom_1758238537780{padding-top: 250px !important;padding-bottom: 100px !important;background-image: url(https:\/\/hwaw.com\/wp-content\/uploads\/2025\/09\/Top-Webpage-Banner1.png?id=5776) !important;background-position: center !important;background-repeat: no-repeat !important;background-size: cover !important;}\u00bb][vc_column css=\u00bb.vc_custom_1707678321300{padding-top: 0px !important;}\u00bb][vc_row_inner content_placement=\u00bbbottom\u00bb][vc_column_inner][vc_custom_heading text=\u00bbPREPARACI\u00d3N PARA LA CONSAGRACI\u00d3N DE LA EMPRESA\u00bb [&hellip;]\" \/>\n<meta property=\"og:url\" content=\"https:\/\/hwaw.com\/es\/prepare-dia-6\/\" \/>\n<meta property=\"og:site_name\" content=\"His Way At Work\" \/>\n<meta property=\"article:modified_time\" content=\"2026-03-30T19:29:24+00:00\" \/>\n<meta name=\"twitter:card\" content=\"summary_large_image\" \/>\n<meta name=\"twitter:label1\" content=\"Tiempo de lectura\" \/>\n\t<meta name=\"twitter:data1\" content=\"5 minutos\" \/>\n<script type=\"application\/ld+json\" class=\"yoast-schema-graph\">{\"@context\":\"https:\\\/\\\/schema.org\",\"@graph\":[{\"@type\":\"WebPage\",\"@id\":\"https:\\\/\\\/hwaw.com\\\/es\\\/prepare-dia-6\\\/\",\"url\":\"https:\\\/\\\/hwaw.com\\\/es\\\/prepare-dia-6\\\/\",\"name\":\"PREPARACI\u00d3N PARA LA CONSAGRACI\u00d3N \u2013 D\u00cdA 6 - His Way At Work\",\"isPartOf\":{\"@id\":\"https:\\\/\\\/hwaw.com\\\/es\\\/#website\"},\"datePublished\":\"2025-10-01T17:14:28+00:00\",\"dateModified\":\"2026-03-30T19:29:24+00:00\",\"breadcrumb\":{\"@id\":\"https:\\\/\\\/hwaw.com\\\/es\\\/prepare-dia-6\\\/#breadcrumb\"},\"inLanguage\":\"es\",\"potentialAction\":[{\"@type\":\"ReadAction\",\"target\":[\"https:\\\/\\\/hwaw.com\\\/es\\\/prepare-dia-6\\\/\"]}]},{\"@type\":\"BreadcrumbList\",\"@id\":\"https:\\\/\\\/hwaw.com\\\/es\\\/prepare-dia-6\\\/#breadcrumb\",\"itemListElement\":[{\"@type\":\"ListItem\",\"position\":1,\"name\":\"Home\",\"item\":\"https:\\\/\\\/hwaw.com\\\/es\\\/\"},{\"@type\":\"ListItem\",\"position\":2,\"name\":\"PREPARACI\u00d3N PARA LA CONSAGRACI\u00d3N \u2013 D\u00cdA 6\"}]},{\"@type\":\"WebSite\",\"@id\":\"https:\\\/\\\/hwaw.com\\\/es\\\/#website\",\"url\":\"https:\\\/\\\/hwaw.com\\\/es\\\/\",\"name\":\"His Way At Work\",\"description\":\"Run Your Business in Line with Your Faith\",\"publisher\":{\"@id\":\"https:\\\/\\\/hwaw.com\\\/es\\\/#organization\"},\"potentialAction\":[{\"@type\":\"SearchAction\",\"target\":{\"@type\":\"EntryPoint\",\"urlTemplate\":\"https:\\\/\\\/hwaw.com\\\/es\\\/?s={search_term_string}\"},\"query-input\":{\"@type\":\"PropertyValueSpecification\",\"valueRequired\":true,\"valueName\":\"search_term_string\"}}],\"inLanguage\":\"es\"},{\"@type\":\"Organization\",\"@id\":\"https:\\\/\\\/hwaw.com\\\/es\\\/#organization\",\"name\":\"His Way At Work\",\"url\":\"https:\\\/\\\/hwaw.com\\\/es\\\/\",\"logo\":{\"@type\":\"ImageObject\",\"inLanguage\":\"es\",\"@id\":\"https:\\\/\\\/hwaw.com\\\/es\\\/#\\\/schema\\\/logo\\\/image\\\/\",\"url\":\"https:\\\/\\\/hwaw.com\\\/wp-content\\\/uploads\\\/2024\\\/02\\\/HWAW-Logo-wTagline-White.svg\",\"contentUrl\":\"https:\\\/\\\/hwaw.com\\\/wp-content\\\/uploads\\\/2024\\\/02\\\/HWAW-Logo-wTagline-White.svg\",\"width\":225,\"height\":118,\"caption\":\"His Way At Work\"},\"image\":{\"@id\":\"https:\\\/\\\/hwaw.com\\\/es\\\/#\\\/schema\\\/logo\\\/image\\\/\"}}]}<\/script>\n<!-- \/ Yoast SEO plugin. -->","yoast_head_json":{"title":"PREPARACI\u00d3N PARA LA CONSAGRACI\u00d3N \u2013 D\u00cdA 6 - His Way At Work","robots":{"index":"noindex","follow":"nofollow"},"og_locale":"es_ES","og_type":"article","og_title":"PREPARACI\u00d3N PARA LA CONSAGRACI\u00d3N \u2013 D\u00cdA 6 - His Way At Work","og_description":"[vc_row full_width=\u00bbstretch_row\u00bb el_class=\u00bbinnerhero pastorhero mobhero bggradient\u00bb css=\u00bb.vc_custom_1758238537780{padding-top: 250px !important;padding-bottom: 100px !important;background-image: url(https:\/\/hwaw.com\/wp-content\/uploads\/2025\/09\/Top-Webpage-Banner1.png?id=5776) !important;background-position: center !important;background-repeat: no-repeat !important;background-size: cover !important;}\u00bb][vc_column css=\u00bb.vc_custom_1707678321300{padding-top: 0px !important;}\u00bb][vc_row_inner content_placement=\u00bbbottom\u00bb][vc_column_inner][vc_custom_heading text=\u00bbPREPARACI\u00d3N PARA LA CONSAGRACI\u00d3N DE LA EMPRESA\u00bb [&hellip;]","og_url":"https:\/\/hwaw.com\/es\/prepare-dia-6\/","og_site_name":"His Way At Work","article_modified_time":"2026-03-30T19:29:24+00:00","twitter_card":"summary_large_image","twitter_misc":{"Tiempo de lectura":"5 minutos"},"schema":{"@context":"https:\/\/schema.org","@graph":[{"@type":"WebPage","@id":"https:\/\/hwaw.com\/es\/prepare-dia-6\/","url":"https:\/\/hwaw.com\/es\/prepare-dia-6\/","name":"PREPARACI\u00d3N PARA LA CONSAGRACI\u00d3N \u2013 D\u00cdA 6 - His Way At Work","isPartOf":{"@id":"https:\/\/hwaw.com\/es\/#website"},"datePublished":"2025-10-01T17:14:28+00:00","dateModified":"2026-03-30T19:29:24+00:00","breadcrumb":{"@id":"https:\/\/hwaw.com\/es\/prepare-dia-6\/#breadcrumb"},"inLanguage":"es","potentialAction":[{"@type":"ReadAction","target":["https:\/\/hwaw.com\/es\/prepare-dia-6\/"]}]},{"@type":"BreadcrumbList","@id":"https:\/\/hwaw.com\/es\/prepare-dia-6\/#breadcrumb","itemListElement":[{"@type":"ListItem","position":1,"name":"Home","item":"https:\/\/hwaw.com\/es\/"},{"@type":"ListItem","position":2,"name":"PREPARACI\u00d3N PARA LA CONSAGRACI\u00d3N \u2013 D\u00cdA 6"}]},{"@type":"WebSite","@id":"https:\/\/hwaw.com\/es\/#website","url":"https:\/\/hwaw.com\/es\/","name":"His Way At Work","description":"Run Your Business in Line with Your Faith","publisher":{"@id":"https:\/\/hwaw.com\/es\/#organization"},"potentialAction":[{"@type":"SearchAction","target":{"@type":"EntryPoint","urlTemplate":"https:\/\/hwaw.com\/es\/?s={search_term_string}"},"query-input":{"@type":"PropertyValueSpecification","valueRequired":true,"valueName":"search_term_string"}}],"inLanguage":"es"},{"@type":"Organization","@id":"https:\/\/hwaw.com\/es\/#organization","name":"His Way At Work","url":"https:\/\/hwaw.com\/es\/","logo":{"@type":"ImageObject","inLanguage":"es","@id":"https:\/\/hwaw.com\/es\/#\/schema\/logo\/image\/","url":"https:\/\/hwaw.com\/wp-content\/uploads\/2024\/02\/HWAW-Logo-wTagline-White.svg","contentUrl":"https:\/\/hwaw.com\/wp-content\/uploads\/2024\/02\/HWAW-Logo-wTagline-White.svg","width":225,"height":118,"caption":"His Way At Work"},"image":{"@id":"https:\/\/hwaw.com\/es\/#\/schema\/logo\/image\/"}}]}},"_links":{"self":[{"href":"https:\/\/hwaw.com\/es\/wp-json\/wp\/v2\/pages\/6075","targetHints":{"allow":["GET"]}}],"collection":[{"href":"https:\/\/hwaw.com\/es\/wp-json\/wp\/v2\/pages"}],"about":[{"href":"https:\/\/hwaw.com\/es\/wp-json\/wp\/v2\/types\/page"}],"author":[{"embeddable":true,"href":"https:\/\/hwaw.com\/es\/wp-json\/wp\/v2\/users\/3"}],"replies":[{"embeddable":true,"href":"https:\/\/hwaw.com\/es\/wp-json\/wp\/v2\/comments?post=6075"}],"version-history":[{"count":0,"href":"https:\/\/hwaw.com\/es\/wp-json\/wp\/v2\/pages\/6075\/revisions"}],"wp:attachment":[{"href":"https:\/\/hwaw.com\/es\/wp-json\/wp\/v2\/media?parent=6075"}],"curies":[{"name":"wp","href":"https:\/\/api.w.org\/{rel}","templated":true}]}}