{"id":6063,"date":"2025-10-01T12:56:38","date_gmt":"2025-10-01T16:56:38","guid":{"rendered":"https:\/\/hwaw.com\/preparacion-para-la-consagracion-dia-4\/"},"modified":"2026-03-30T15:28:14","modified_gmt":"2026-03-30T19:28:14","slug":"prepare-dia-4","status":"publish","type":"page","link":"https:\/\/hwaw.com\/es\/prepare-dia-4\/","title":{"rendered":"PREPARACI\u00d3N PARA LA CONSAGRACI\u00d3N \u2013 D\u00cdA 4"},"content":{"rendered":"<div class=\"wpb-content-wrapper\"><p>[vc_row full_width=\u00bbstretch_row\u00bb el_class=\u00bbinnerhero pastorhero mobhero bggradient\u00bb css=\u00bb.vc_custom_1758238537780{padding-top: 250px !important;padding-bottom: 100px !important;background-image: url(https:\/\/hwaw.com\/wp-content\/uploads\/2025\/09\/Top-Webpage-Banner1.png?id=5776) !important;background-position: center !important;background-repeat: no-repeat !important;background-size: cover !important;}\u00bb][vc_column css=\u00bb.vc_custom_1707678321300{padding-top: 0px !important;}\u00bb][vc_row_inner content_placement=\u00bbbottom\u00bb][vc_column_inner][vc_custom_heading text=\u00bbPREPARACI\u00d3N PARA LA CONSAGRACI\u00d3N DE LA EMPRESA\u00bb font_container=\u00bbtag:h1|text_align:center\u00bb use_theme_fonts=\u00bbyes\u00bb css=\u00bb.vc_custom_1759336437505{margin-bottom: 30px !important;}\u00bb el_class=\u00bbf45l50 colorfff mobilecenter mobwrapauto\u00bb][vc_column_text css=\u00bb.vc_custom_1759337610448{margin-bottom: 30px !important;}\u00bb el_class=\u00bbcolorfff mobilecenter linkorangea\u00bb]<\/p>\n<h2 style=\"text-align: center;\">D\u00eda 4: Tu segunda vocaci\u00f3n<\/h2>\n<p>[\/vc_column_text][\/vc_column_inner][\/vc_row_inner][\/vc_column][\/vc_row][vc_row css_animation=\u00bbfadeInUp\u00bb css=\u00bb.vc_custom_1726244708412{padding-top: 55px !important;}\u00bb el_id=\u00bbv\u00eddeos\u00bb][vc_column css=\u00bb.vc_custom_1710448249392{padding-top: 0px !important;}\u00bb el_class=\u00bbwrap996divdiv wrapautodivdiv\u00bb][vc_row_inner][vc_column_inner][vc_column_text css=\u00bb\u00bb el_class=\u00bbcolorCDA629 mobilecenter mobmb30&#8243;]<\/p>\n<h4 style=\"text-align: center;\">+ En el nombre del Padre, y del Hijo y del Esp\u00edritu Santo. Am\u00e9n<\/h4>\n<p>[\/vc_column_text][\/vc_column_inner][\/vc_row_inner][vc_row_inner equal_height=\u00bbyes\u00bb content_placement=\u00bbmiddle\u00bb][vc_column_inner][vc_custom_heading text=\u00bbVER EL VIDEO DE HOY:\u00bb font_container=\u00bbtag:h2|text_align:center\u00bb use_theme_fonts=\u00bbyes\u00bb css=\u00bb.vc_custom_1758237281089{margin-bottom: 35px !important;}\u00bb el_class=\u00bbcolorCDA629 mobilecenter mobmb30&#8243;][vc_raw_html css=\u00bb\u00bb]JTNDZGl2JTIwc3R5bGUlM0QlMjJwYWRkaW5nJTNBNTAlMjUlMjAwJTIwMCUyMDAlM0Jwb3NpdGlvbiUzQXJlbGF0aXZlJTNCJTIyJTNFJTNDaWZyYW1lJTIwc3JjJTNEJTIyaHR0cHMlM0ElMkYlMkZwbGF5ZXIudmltZW8uY29tJTJGdmlkZW8lMkY5ODIwNDM2NzglM0ZoJTNEZjc1YjMzODJmZSUyNmFtcCUzQmJhZGdlJTNEMCUyNmFtcCUzQmF1dG9wYXVzZSUzRDAlMjZhbXAlM0JwbGF5ZXJfaWQlM0QwJTI2YW1wJTNCYXBwX2lkJTNENTg0NzklMjIlMjBmcmFtZWJvcmRlciUzRCUyMjAlMjIlMjBhbGxvdyUzRCUyMmF1dG9wbGF5JTNCJTIwZnVsbHNjcmVlbiUzQiUyMHBpY3R1cmUtaW4tcGljdHVyZSUzQiUyMGNsaXBib2FyZC13cml0ZSUzQiUyMGVuY3J5cHRlZC1tZWRpYSUzQiUyMHdlYi1zaGFyZSUyMiUyMHJlZmVycmVycG9saWN5JTNEJTIyc3RyaWN0LW9yaWdpbi13aGVuLWNyb3NzLW9yaWdpbiUyMiUyMHN0eWxlJTNEJTIycG9zaXRpb24lM0FhYnNvbHV0ZSUzQnRvcCUzQTAlM0JsZWZ0JTNBMCUzQndpZHRoJTNBMTAwJTI1JTNCaGVpZ2h0JTNBMTAwJTI1JTNCJTIyJTIwdGl0bGUlM0QlMjJQYXNvJTIwQ3VhdHJvJTNBJTIwVHUlMjBzZWd1bmRhJTIwdm9jYWNpJUMzJUIzbiUyMiUzRSUzQyUyRmlmcmFtZSUzRSUzQyUyRmRpdiUzRSUzQ3NjcmlwdCUyMHNyYyUzRCUyMmh0dHBzJTNBJTJGJTJGcGxheWVyLnZpbWVvLmNvbSUyRmFwaSUyRnBsYXllci5qcyUyMiUzRSUzQyUyRnNjcmlwdCUzRQ==[\/vc_raw_html][vc_empty_space][\/vc_column_inner][\/vc_row_inner][vc_row_inner equal_height=\u00bbyes\u00bb content_placement=\u00bbmiddle\u00bb][vc_column_inner][vc_custom_heading text=\u00bbLECTURA B\u00cdBLICA: HACIENDO LA VOLUNTAD DEL PADRE\u00bb font_container=\u00bbtag:h2|text_align:center\u00bb use_theme_fonts=\u00bbyes\u00bb css=\u00bb.vc_custom_1759337647289{margin-bottom: 12px !important;}\u00bb el_class=\u00bbcolorCDA629 mobilecenter mobmb30&#8243;][vc_custom_heading text=\u00bbMateo 7,21-23&#8243; font_container=\u00bbtag:p|text_align:center\u00bb use_theme_fonts=\u00bbyes\u00bb css=\u00bb.vc_custom_1762206384682{margin-bottom: 32px !important;}\u00bb el_class=\u00bbcolorCDA629 mobilecenter mobmb30&#8243;][vc_column_text css=\u00bb\u00bb]<em>No todo el que me diga: \u201cSe\u00f1or, Se\u00f1or, entrar\u00e1 en el Reino de los Cielos,<br \/>\nsino el que haga la voluntad de mi Padre que est\u00e1 en los cielos. Muchos<br \/>\nme dir\u00e1n aquel D\u00eda: \u201cSe\u00f1or, Se\u00f1or, \u00bfno profetizamos en tu nombre, y<br \/>\nen tu nombre expulsamos demonios, y en tu nombre hicimos muchos<br \/>\nmilagros?\u201d Y entonces les declarar\u00e9: \u201c\u00a1Jam\u00e1s os conoc\u00ed; ap\u00e1rtense de<br \/>\nm\u00ed, malhechores!\u201d<\/em>[\/vc_column_text][vc_empty_space][\/vc_column_inner][\/vc_row_inner][vc_row_inner equal_height=\u00bbyes\u00bb content_placement=\u00bbmiddle\u00bb][vc_column_inner][vc_custom_heading text=\u00bbREFLEXI\u00d3N: TU SEGUNDA VOCACI\u00d3N\u00bb font_container=\u00bbtag:h2|text_align:center\u00bb use_theme_fonts=\u00bbyes\u00bb css=\u00bb.vc_custom_1759337714844{margin-bottom: 12px !important;}\u00bb el_class=\u00bbcolorCDA629 mobilecenter mobmb30&#8243;][vc_empty_space][vc_column_text css=\u00bb\u00bb]Dios nos llama a cada uno de nosotros a ser santos, y esta vocaci\u00f3n personalizada incluye un llamado espec\u00edfico relevante para nuestra condici\u00f3n en la vida. Como due\u00f1o de negocio, eres un laico que da testimonio de Cristo y construye Su Reino en el mundo secular. Al consagrar tu empresa al Se\u00f1or, renuevas tu compromiso con esta misi\u00f3n, transformando tu negocio en un puesto de avanzada del Reino de Cristo.<\/p>\n<p>El verdadero prop\u00f3sito de tu empresa va m\u00e1s all\u00e1 de la creaci\u00f3n de valor y utilidades. Como miembro bautizado del Reino de Cristo, tu trabajo tiene un significado tanto temporal como eterno. Consagrar tu negocio es reconocer este prop\u00f3sito trascendente, enfatizando el objetivo de maximizar tu Retorno de Inversi\u00f3n Eterno (E-ROI\u2122).<\/p>\n<p>El gran te\u00f3logo ingl\u00e9s C. S. Lewis coment\u00f3 una vez que en la vida tenemos dos opciones: ayudar a los dem\u00e1s a llegar al cielo o ser un obst\u00e1culo para ellos. Cada persona tiene un valor eterno; nadie es en realidad un \u201csimple mortal\u201d.<\/p>\n<p style=\"text-align: center;\"><em>Durante todo el d\u00eda, en cierta medida, nos ayudamos unos a otros a alcanzar uno u otro de estos destinos [el cielo o el infierno]. Es a la luz de estas abrumadoras posibilidades, es con el asombro y la prudencia que les son propios, que debemos conducir todas nuestras relaciones con los dem\u00e1s, todas las amistades, todos los amores, todos los juegos, toda la pol\u00edtica. No existen personas ordinarias. Nunca has hablado con un simple mortal. <\/em><br \/>\n<em>\u2013 <\/em><strong>C.S. Lewis<\/strong>, <em>EL peso de la gloria<\/em><\/p>\n<p>His Way At Work reconoce que, como l\u00edder empresarial, debes tener en cuenta esta dimensi\u00f3n eterna a la hora de tomar decisiones y tratar con empleados, clientes y partes interesadas. Si reconoci\u00e9ramos el valor eterno de un alma, nunca tratar\u00edamos a otra persona como un medio para nuestros propios fines ego\u00edstas.<\/p>\n<p>Nuestra segunda vocaci\u00f3n nos llama a maximizar nuestro E-ROI haciendo vida los dos mandamientos m\u00e1s importantes: amar a Dios y amar al pr\u00f3jimo. Al centrar tu empresa en Dios y servir a tu comunidad, honras este llamado. Tu organizaci\u00f3n se convierte en una comunidad centrada en Dios en la que t\u00fa, como su administrador, ayudas a cumplir la misi\u00f3n de Dios en el mundo.[\/vc_column_text][vc_empty_space][\/vc_column_inner][\/vc_row_inner][vc_row_inner][vc_column_inner][vc_column_text css=\u00bb\u00bb el_class=\u00bbcolorCDA629 mobilecenter mobmb30&#8243;]<\/p>\n<h2 style=\"text-align: center;\">ORACI\u00d3N DE LA NOVENA<\/h2>\n<p>[\/vc_column_text][vc_column_text css=\u00bb\u00bb]<em>Se\u00f1or Jesucristo, te adoro con todo mi coraz\u00f3n. Confiando en tu profundo y personal amor por m\u00ed, hago esta novena en preparaci\u00f3n para la consagraci\u00f3n de mi empresa a tu gloria y a tu servicio. Te pido que purifiques mi coraz\u00f3n y que hagas de la consagraci\u00f3n un acto sincero de amor y devoci\u00f3n que redunde en tu gloria, ahora y en los a\u00f1os venideros\u201d. Te pido humildemente que protejas mi empresa y a todos aquellos que est\u00e1n o estar\u00e1n relacionados con ella de alguna manera: el equipo directivo, los empleados, los clientes y todos los que entran en contacto con ella. Haz de esta empresa una verdadera fuente de consuelo para ti, un canal de tu poderoso e ilimitado amor, y un instrumento que sirva para consolar, fortalecer e inspirar a muchos, especialmente a los m\u00e1s necesitados de tu misericordia. <\/em><\/p>\n<p><em>Confiando en tu promesa de que todo lo que pidamos al Padre en tu nombre nos ser\u00e1 concedido, te presento hoy humildemente las siguientes peticiones:<\/em><\/p>\n<p><em>[Expresa aqu\u00ed tus peticiones personales para tu empresa].<\/em><\/p>\n<p><em>Haz con mi empresa lo que quieras. T\u00fa me la diste. A ti te la devuelvo.Do with my business whatever you will. You have given it to me. I return it to you. <\/em><\/p>\n<p><em>\u00a1A ti sea la gloria, la alabanza y la acci\u00f3n de gracias por toda la eternidad!<\/em>[\/vc_column_text][vc_empty_space][\/vc_column_inner][\/vc_row_inner][vc_row_inner][vc_column_inner][vc_column_text css=\u00bb\u00bb el_class=\u00bbcolorCDA629 mobilecenter mobmb30&#8243;]<\/p>\n<h2 style=\"text-align: center;\">ORACIONES FINALES<\/h2>\n<p>[\/vc_column_text][vc_column_text css=\u00bb\u00bb]<em>Padre nuestro, que est\u00e1s en el cielo, santificado sea tu nombre; venga a nosotros tu reino, h\u00e1gase tu voluntad en la tierra como en el cielo. Danos hoy nuestro pan de cada d\u00eda, perdona nuestras ofensas, como tambi\u00e9n nosotros perdonamos a los que nos ofenden; no nos dejes caer en tentaci\u00f3n, y l\u00edbranos del mal. Am\u00e9n<\/em><\/p>\n<p><em>Dios te salve, Mar\u00eda, llena eres de gracia, el Se\u00f1or es contigo. Bendita eres entre todas las mujeres y bendito es el fruto de tu vientre, Jes\u00fas. Santa Mar\u00eda, Madre de Dios, ruega por nosotros, los pecadores, ahora y en la hora<br \/>\nde nuestra muerte. Am\u00e9n<\/em><\/p>\n<p><em>Gloria al Padre, y al Hijo y al Esp\u00edritu Santo, como era en el principio, ahora y siempre, por los siglos de los siglos. Am\u00e9n<\/em><\/p>\n<p><em>Sagrado Coraz\u00f3n de Jes\u00fas, en vos conf\u00edo.<\/em>[\/vc_column_text][vc_empty_space][\/vc_column_inner][\/vc_row_inner][vc_row_inner][vc_column_inner][vc_column_text css=\u00bb\u00bb el_class=\u00bbcolorCDA629 mobilecenter mobmb30&#8243;]<\/p>\n<h4 style=\"text-align: center;\">+ En el nombre del Padre, y del Hijo y del Esp\u00edritu Santo. Am\u00e9n<\/h4>\n<p>[\/vc_column_text][\/vc_column_inner][\/vc_row_inner][\/vc_column][\/vc_row]<\/p>\n<\/div>","protected":false},"excerpt":{"rendered":"<p>[vc_row full_width=\u00bbstretch_row\u00bb el_class=\u00bbinnerhero pastorhero mobhero bggradient\u00bb css=\u00bb.vc_custom_1758238537780{padding-top: 250px !important;padding-bottom: 100px !important;background-image: url(https:\/\/hwaw.com\/wp-content\/uploads\/2025\/09\/Top-Webpage-Banner1.png?id=5776) !important;background-position: center !important;background-repeat: no-repeat !important;background-size: cover !important;}\u00bb][vc_column css=\u00bb.vc_custom_1707678321300{padding-top: 0px !important;}\u00bb][vc_row_inner content_placement=\u00bbbottom\u00bb][vc_column_inner][vc_custom_heading text=\u00bbPREPARACI\u00d3N PARA LA CONSAGRACI\u00d3N DE LA EMPRESA\u00bb [&hellip;]<\/p>\n","protected":false},"author":3,"featured_media":0,"parent":0,"menu_order":0,"comment_status":"closed","ping_status":"closed","template":"","meta":{"_acf_changed":false,"content-type":"","inline_featured_image":false,"_genesis_hide_title":false,"_genesis_hide_breadcrumbs":false,"_genesis_hide_singular_image":false,"_genesis_hide_footer_widgets":false,"_genesis_custom_body_class":"","_genesis_custom_post_class":"","_genesis_layout":"","footnotes":""},"class_list":["post-6063","page","type-page","status-publish","entry"],"acf":[],"yoast_head":"<!-- This site is optimized with the Yoast SEO plugin v27.3 - https:\/\/yoast.com\/product\/yoast-seo-wordpress\/ -->\n<title>PREPARACI\u00d3N PARA LA CONSAGRACI\u00d3N \u2013 D\u00cdA 4 - His Way At Work<\/title>\n<meta name=\"robots\" content=\"noindex, nofollow\" \/>\n<meta property=\"og:locale\" content=\"es_ES\" \/>\n<meta property=\"og:type\" content=\"article\" \/>\n<meta property=\"og:title\" content=\"PREPARACI\u00d3N PARA LA CONSAGRACI\u00d3N \u2013 D\u00cdA 4 - His Way At Work\" \/>\n<meta property=\"og:description\" content=\"[vc_row full_width=\u00bbstretch_row\u00bb el_class=\u00bbinnerhero pastorhero mobhero bggradient\u00bb css=\u00bb.vc_custom_1758238537780{padding-top: 250px !important;padding-bottom: 100px !important;background-image: url(https:\/\/hwaw.com\/wp-content\/uploads\/2025\/09\/Top-Webpage-Banner1.png?id=5776) !important;background-position: center !important;background-repeat: no-repeat !important;background-size: cover !important;}\u00bb][vc_column css=\u00bb.vc_custom_1707678321300{padding-top: 0px !important;}\u00bb][vc_row_inner content_placement=\u00bbbottom\u00bb][vc_column_inner][vc_custom_heading text=\u00bbPREPARACI\u00d3N PARA LA CONSAGRACI\u00d3N DE LA EMPRESA\u00bb [&hellip;]\" \/>\n<meta property=\"og:url\" content=\"https:\/\/hwaw.com\/es\/prepare-dia-4\/\" \/>\n<meta property=\"og:site_name\" content=\"His Way At Work\" \/>\n<meta property=\"article:modified_time\" content=\"2026-03-30T19:28:14+00:00\" \/>\n<meta name=\"twitter:card\" content=\"summary_large_image\" \/>\n<meta name=\"twitter:label1\" content=\"Tiempo de lectura\" \/>\n\t<meta name=\"twitter:data1\" content=\"5 minutos\" \/>\n<script type=\"application\/ld+json\" class=\"yoast-schema-graph\">{\"@context\":\"https:\\\/\\\/schema.org\",\"@graph\":[{\"@type\":\"WebPage\",\"@id\":\"https:\\\/\\\/hwaw.com\\\/es\\\/prepare-dia-4\\\/\",\"url\":\"https:\\\/\\\/hwaw.com\\\/es\\\/prepare-dia-4\\\/\",\"name\":\"PREPARACI\u00d3N PARA LA CONSAGRACI\u00d3N \u2013 D\u00cdA 4 - His Way At Work\",\"isPartOf\":{\"@id\":\"https:\\\/\\\/hwaw.com\\\/es\\\/#website\"},\"datePublished\":\"2025-10-01T16:56:38+00:00\",\"dateModified\":\"2026-03-30T19:28:14+00:00\",\"breadcrumb\":{\"@id\":\"https:\\\/\\\/hwaw.com\\\/es\\\/prepare-dia-4\\\/#breadcrumb\"},\"inLanguage\":\"es\",\"potentialAction\":[{\"@type\":\"ReadAction\",\"target\":[\"https:\\\/\\\/hwaw.com\\\/es\\\/prepare-dia-4\\\/\"]}]},{\"@type\":\"BreadcrumbList\",\"@id\":\"https:\\\/\\\/hwaw.com\\\/es\\\/prepare-dia-4\\\/#breadcrumb\",\"itemListElement\":[{\"@type\":\"ListItem\",\"position\":1,\"name\":\"Home\",\"item\":\"https:\\\/\\\/hwaw.com\\\/es\\\/\"},{\"@type\":\"ListItem\",\"position\":2,\"name\":\"PREPARACI\u00d3N PARA LA CONSAGRACI\u00d3N \u2013 D\u00cdA 4\"}]},{\"@type\":\"WebSite\",\"@id\":\"https:\\\/\\\/hwaw.com\\\/es\\\/#website\",\"url\":\"https:\\\/\\\/hwaw.com\\\/es\\\/\",\"name\":\"His Way At Work\",\"description\":\"Run Your Business in Line with Your Faith\",\"publisher\":{\"@id\":\"https:\\\/\\\/hwaw.com\\\/es\\\/#organization\"},\"potentialAction\":[{\"@type\":\"SearchAction\",\"target\":{\"@type\":\"EntryPoint\",\"urlTemplate\":\"https:\\\/\\\/hwaw.com\\\/es\\\/?s={search_term_string}\"},\"query-input\":{\"@type\":\"PropertyValueSpecification\",\"valueRequired\":true,\"valueName\":\"search_term_string\"}}],\"inLanguage\":\"es\"},{\"@type\":\"Organization\",\"@id\":\"https:\\\/\\\/hwaw.com\\\/es\\\/#organization\",\"name\":\"His Way At Work\",\"url\":\"https:\\\/\\\/hwaw.com\\\/es\\\/\",\"logo\":{\"@type\":\"ImageObject\",\"inLanguage\":\"es\",\"@id\":\"https:\\\/\\\/hwaw.com\\\/es\\\/#\\\/schema\\\/logo\\\/image\\\/\",\"url\":\"https:\\\/\\\/hwaw.com\\\/wp-content\\\/uploads\\\/2024\\\/02\\\/HWAW-Logo-wTagline-White.svg\",\"contentUrl\":\"https:\\\/\\\/hwaw.com\\\/wp-content\\\/uploads\\\/2024\\\/02\\\/HWAW-Logo-wTagline-White.svg\",\"width\":225,\"height\":118,\"caption\":\"His Way At Work\"},\"image\":{\"@id\":\"https:\\\/\\\/hwaw.com\\\/es\\\/#\\\/schema\\\/logo\\\/image\\\/\"}}]}<\/script>\n<!-- \/ Yoast SEO plugin. -->","yoast_head_json":{"title":"PREPARACI\u00d3N PARA LA CONSAGRACI\u00d3N \u2013 D\u00cdA 4 - His Way At Work","robots":{"index":"noindex","follow":"nofollow"},"og_locale":"es_ES","og_type":"article","og_title":"PREPARACI\u00d3N PARA LA CONSAGRACI\u00d3N \u2013 D\u00cdA 4 - His Way At Work","og_description":"[vc_row full_width=\u00bbstretch_row\u00bb el_class=\u00bbinnerhero pastorhero mobhero bggradient\u00bb css=\u00bb.vc_custom_1758238537780{padding-top: 250px !important;padding-bottom: 100px !important;background-image: url(https:\/\/hwaw.com\/wp-content\/uploads\/2025\/09\/Top-Webpage-Banner1.png?id=5776) !important;background-position: center !important;background-repeat: no-repeat !important;background-size: cover !important;}\u00bb][vc_column css=\u00bb.vc_custom_1707678321300{padding-top: 0px !important;}\u00bb][vc_row_inner content_placement=\u00bbbottom\u00bb][vc_column_inner][vc_custom_heading text=\u00bbPREPARACI\u00d3N PARA LA CONSAGRACI\u00d3N DE LA EMPRESA\u00bb [&hellip;]","og_url":"https:\/\/hwaw.com\/es\/prepare-dia-4\/","og_site_name":"His Way At Work","article_modified_time":"2026-03-30T19:28:14+00:00","twitter_card":"summary_large_image","twitter_misc":{"Tiempo de lectura":"5 minutos"},"schema":{"@context":"https:\/\/schema.org","@graph":[{"@type":"WebPage","@id":"https:\/\/hwaw.com\/es\/prepare-dia-4\/","url":"https:\/\/hwaw.com\/es\/prepare-dia-4\/","name":"PREPARACI\u00d3N PARA LA CONSAGRACI\u00d3N \u2013 D\u00cdA 4 - His Way At Work","isPartOf":{"@id":"https:\/\/hwaw.com\/es\/#website"},"datePublished":"2025-10-01T16:56:38+00:00","dateModified":"2026-03-30T19:28:14+00:00","breadcrumb":{"@id":"https:\/\/hwaw.com\/es\/prepare-dia-4\/#breadcrumb"},"inLanguage":"es","potentialAction":[{"@type":"ReadAction","target":["https:\/\/hwaw.com\/es\/prepare-dia-4\/"]}]},{"@type":"BreadcrumbList","@id":"https:\/\/hwaw.com\/es\/prepare-dia-4\/#breadcrumb","itemListElement":[{"@type":"ListItem","position":1,"name":"Home","item":"https:\/\/hwaw.com\/es\/"},{"@type":"ListItem","position":2,"name":"PREPARACI\u00d3N PARA LA CONSAGRACI\u00d3N \u2013 D\u00cdA 4"}]},{"@type":"WebSite","@id":"https:\/\/hwaw.com\/es\/#website","url":"https:\/\/hwaw.com\/es\/","name":"His Way At Work","description":"Run Your Business in Line with Your Faith","publisher":{"@id":"https:\/\/hwaw.com\/es\/#organization"},"potentialAction":[{"@type":"SearchAction","target":{"@type":"EntryPoint","urlTemplate":"https:\/\/hwaw.com\/es\/?s={search_term_string}"},"query-input":{"@type":"PropertyValueSpecification","valueRequired":true,"valueName":"search_term_string"}}],"inLanguage":"es"},{"@type":"Organization","@id":"https:\/\/hwaw.com\/es\/#organization","name":"His Way At Work","url":"https:\/\/hwaw.com\/es\/","logo":{"@type":"ImageObject","inLanguage":"es","@id":"https:\/\/hwaw.com\/es\/#\/schema\/logo\/image\/","url":"https:\/\/hwaw.com\/wp-content\/uploads\/2024\/02\/HWAW-Logo-wTagline-White.svg","contentUrl":"https:\/\/hwaw.com\/wp-content\/uploads\/2024\/02\/HWAW-Logo-wTagline-White.svg","width":225,"height":118,"caption":"His Way At Work"},"image":{"@id":"https:\/\/hwaw.com\/es\/#\/schema\/logo\/image\/"}}]}},"_links":{"self":[{"href":"https:\/\/hwaw.com\/es\/wp-json\/wp\/v2\/pages\/6063","targetHints":{"allow":["GET"]}}],"collection":[{"href":"https:\/\/hwaw.com\/es\/wp-json\/wp\/v2\/pages"}],"about":[{"href":"https:\/\/hwaw.com\/es\/wp-json\/wp\/v2\/types\/page"}],"author":[{"embeddable":true,"href":"https:\/\/hwaw.com\/es\/wp-json\/wp\/v2\/users\/3"}],"replies":[{"embeddable":true,"href":"https:\/\/hwaw.com\/es\/wp-json\/wp\/v2\/comments?post=6063"}],"version-history":[{"count":0,"href":"https:\/\/hwaw.com\/es\/wp-json\/wp\/v2\/pages\/6063\/revisions"}],"wp:attachment":[{"href":"https:\/\/hwaw.com\/es\/wp-json\/wp\/v2\/media?parent=6063"}],"curies":[{"name":"wp","href":"https:\/\/api.w.org\/{rel}","templated":true}]}}