{"id":5016,"date":"2024-03-14T15:01:15","date_gmt":"2024-03-14T19:01:15","guid":{"rendered":"https:\/\/hwaw.com\/ways-to-give\/"},"modified":"2025-08-01T00:26:11","modified_gmt":"2025-08-01T04:26:11","slug":"ways-to-give","status":"publish","type":"page","link":"https:\/\/hwaw.com\/es\/ways-to-give\/","title":{"rendered":"Formas de donar"},"content":{"rendered":"<div class=\"wpb-content-wrapper\"><p>[vc_row full_width=\u00bbstretch_row\u00bb css=\u00bb.vc_custom_1710445019206{padding-top: 80px !important;padding-bottom: 70px !important;}\u00bb el_id=\u00bblegacygiving\u00bb][vc_column css=\u00bb.vc_custom_1710442960429{padding-top: 0px !important;}\u00bb el_class=\u00bbwrap996divdiv wrapautodivdiv\u00bb][vc_custom_heading text=\u00bbFORMAS DE DONAR\u00bb font_container=\u00bbtag:h1|text_align:center\u00bb use_theme_fonts=\u00bbyes\u00bb css=\u00bb.vc_custom_1710443009280{margin-bottom: 43px !important;}\u00bb el_class=\u00bbf45l50 colorCDA629&#8243;][vc_custom_heading text=\u00bbDONACIONES MENSUALES\u00bb font_container=\u00bbtag:h3|text_align:left\u00bb use_theme_fonts=\u00bbyes\u00bb css=\u00bb.vc_custom_1710443078264{margin-bottom: 20px !important;}\u00bb el_class=\u00bbcolorCDA629&#8243;][vc_column_text css=\u00bb.vc_custom_1710443708446{margin-bottom: 30px !important;}\u00bb]Los aportes sostenibles, sin importar su tama\u00f1o, tienen un impacto duradero en la misi\u00f3n de His Way At Work de compartir el amor de Dios con el mundo. Hay cuatro formas de apoyar mensualmente nuestra misi\u00f3n.[\/vc_column_text][vc_custom_heading text=\u00bbCUATRO MANERAS DE DONAR MENSUALMENTE\u00bb font_container=\u00bbtag:h4|text_align:left\u00bb use_theme_fonts=\u00bbyes\u00bb css=\u00bb.vc_custom_1710443114883{margin-bottom: 20px !important;}\u00bb][vc_column_text el_class=\u00bbollim20&#8243;]<\/p>\n<ol>\n<li>Puedes configurar f\u00e1cilmente tus donaciones mensuales directamente desde tu cuenta bancaria*. Esta opci\u00f3n segura reduce las comisiones por transacci\u00f3n, lo que permite destinar una mayor parte de tu donaci\u00f3n a apoyar a His Way At Work. Para activar este pago, selecciona la opci\u00f3n \u00abCuenta Bancaria\u00bb en nuestro formulario de donaciones en l\u00ednea.  <\/li>\n<li>Configure donaciones mensuales con tarjeta de cr\u00e9dito en nuestro formulario de donaciones.<\/li>\n<li>Configure donaciones mensuales recurrentes a trav\u00e9s de su fondo asesorado por donantes (DAF).<\/li>\n<li>Env\u00ede sus cheques a: His Way At Work<br \/>\n1595 Peachtree Pkwy, STE 204-367<br \/>\nCumming, GA 30041<\/li>\n<\/ol>\n<p>[\/vc_column_text][vc_column_text css=\u00bb.vc_custom_1710443183231{margin-bottom: 0px !important;}\u00bb]<em>*Esta opci\u00f3n est\u00e1 disponible para donaciones realizadas desde una cuenta bancaria de EE. UU.<\/em>[\/vc_column_text][\/vc_column][\/vc_row][vc_row full_width=\u00bbstretch_row\u00bb css_animation=\u00bbfadeInUp\u00bb css=\u00bb.vc_custom_1710445062514{padding-top: 70px !important;padding-bottom: 70px !important;background-color: #efefef !important;}\u00bb el_class=\u00bblinkorangea\u00bb el_id=\u00bblegacygiving\u00bb][vc_column css=\u00bb.vc_custom_1710442960429{padding-top: 0px !important;}\u00bb el_class=\u00bbwrap996divdiv wrapautodivdiv\u00bb][vc_custom_heading text=\u00bbDONACIONES PLANIFICADAS\u00bb font_container=\u00bbtag:h3|text_align:left\u00bb use_theme_fonts=\u00bbyes\u00bb css=\u00bb.vc_custom_1710443240628{margin-bottom: 20px !important;}\u00bb el_class=\u00bbcolorCDA629&#8243;][vc_column_text css=\u00bb.vc_custom_1710951716017{margin-bottom: 0px !important;}\u00bb]Asegura un impacto duradero y protege tu legado al incluir a His Way At Work en tu planificaci\u00f3n financiera, fiscal y patrimonial. Consulte nuestro <a href=\"https:\/\/hwaw.com\/wp-content\/uploads\/2024\/03\/Beneficiary-Form.pdf\" target=\"_blank\" rel=\"noopener\">Formulario de Legado\/Designaci\u00f3n de Beneficiario<\/a>. Trabajemos juntos para crear un legado que inspire y empodere a las futuras generaciones.[\/vc_column_text][\/vc_column][\/vc_row][vc_row full_width=\u00bbstretch_row\u00bb css_animation=\u00bbfadeInUp\u00bb css=\u00bb.vc_custom_1710445091381{padding-top: 70px !important;padding-bottom: 70px !important;}\u00bb el_id=\u00bbmatchinggifts\u00bb][vc_column css=\u00bb.vc_custom_1710442960429{padding-top: 0px !important;}\u00bb el_class=\u00bbwrap996divdiv wrapautodivdiv\u00bb][vc_custom_heading text=\u00bbDONACIONES EMPRESARIALES CON MATCHING\u00bb font_container=\u00bbtag:h3|text_align:left\u00bb use_theme_fonts=\u00bbyes\u00bb css=\u00bb.vc_custom_1710443457330{margin-bottom: 20px !important;}\u00bb el_class=\u00bbcolorCDA629&#8243;][vc_column_text css=\u00bb.vc_custom_1710443485082{margin-bottom: 0px !important;}\u00bb]Muchas empresas cuentan con programas de donaci\u00f3n corporativa que pueden duplicar el impacto de tu donaci\u00f3n a His Way At Work. Contacte con su oficina de recursos humanos para obtener el formulario. Una vez completado, env\u00edenoslo por correo y nos encargaremos del resto del proceso en su nombre. <\/p>\n<p><strong>Env\u00ede por correo los formularios de donaci\u00f3n equivalente a:<\/strong><\/p>\n<p>Su Camino en el Trabajo<br \/>\n1595 Peachtree Pkwy, STE 204-367<br \/>\nCumming, GA 30041[\/vc_column_text][\/vc_column][\/vc_row][vc_row full_width=\u00bbstretch_row\u00bb css_animation=\u00bbfadeInUp\u00bb css=\u00bb.vc_custom_1710445112731{padding-top: 70px !important;padding-bottom: 70px !important;background-color: #efefef !important;}\u00bb el_class=\u00bblinkorangea\u00bb el_id=\u00bbiragiving\u00bb][vc_column css=\u00bb.vc_custom_1710442960429{padding-top: 0px !important;}\u00bb el_class=\u00bbwrap996divdiv wrapautodivdiv\u00bb][vc_custom_heading text=\u00bbDONACIONES DESDE UNA CUENTA IRA\u00bb font_container=\u00bbtag:h3|text_align:left\u00bb use_theme_fonts=\u00bbyes\u00bb css=\u00bb.vc_custom_1710443558722{margin-bottom: 20px !important;}\u00bb el_class=\u00bbcolorCDA629&#8243;][vc_column_text css=\u00bb.vc_custom_1710443697431{margin-bottom: 30px !important;}\u00bb]Si le interesa contribuir a nuestra misi\u00f3n y, al mismo tiempo, reducir sus ingresos e impuestos con los retiros de su IRA, le recomendamos una transferencia ben\u00e9fica a su IRA. Esta opci\u00f3n est\u00e1 disponible para personas mayores de 70 a\u00f1os y medio y le permite apoyar nuestra labor mientras recibe beneficios financieros este a\u00f1o.[\/vc_column_text][vc_custom_heading text=\u00bbBENEFICIOS:\u00bb font_container=\u00bbtag:h4|text_align:left\u00bb use_theme_fonts=\u00bbyes\u00bb css=\u00bb.vc_custom_1710443554406{margin-bottom: 20px !important;}\u00bb][vc_column_text css=\u00bb.vc_custom_1710443719498{margin-bottom: 30px !important;}\u00bb el_class=\u00bbollim20&#8243;]<\/p>\n<ul>\n<li>Evite impuestos sobre transferencias de hasta $100,000 desde su IRA a His Way At Work.<\/li>\n<li>Puede satisfacer su distribuci\u00f3n m\u00ednima requerida (RMD) para el a\u00f1o.<\/li>\n<li>Reduzca sus ingresos tributables, incluso si no detalla las deducciones.<\/li>\n<li>Haga una donaci\u00f3n que no est\u00e9 sujeta a los l\u00edmites de deducci\u00f3n sobre donaciones caritativas.<\/li>\n<li>Ayude a promover el trabajo y la misi\u00f3n de His Way At Work.<\/li>\n<\/ul>\n<p>[\/vc_column_text][vc_custom_heading text=\u00bbPASOS PARA DAR\u00bb font_container=\u00bbtag:h4|text_align:left\u00bb use_theme_fonts=\u00bbyes\u00bb css=\u00bb.vc_custom_1710443716180{margin-bottom: 20px !important;}\u00bb][vc_column_text css=\u00bb.vc_custom_1710951760132{margin-bottom: 20px !important;}\u00bb el_class=\u00bbollim20&#8243;]<\/p>\n<ol>\n<li>Comun\u00edquese con el administrador de su plan IRA para completar el proceso.<\/li>\n<li>Si es necesario, complete el <a href=\"https:\/\/hwaw.com\/wp-content\/uploads\/2024\/03\/QCD-Request-Form.pdf\" target=\"_blank\" rel=\"noopener\">Formulario de Solicitud de Distribuci\u00f3n Caritativa Calificada (QCD)<\/a> y env\u00edelo al administrador de su plan IRA.<\/li>\n<li>Su donaci\u00f3n ser\u00e1 enviada por correo a His Way At Work.<\/li>\n<\/ol>\n<p>[\/vc_column_text][vc_column_text css=\u00bb.vc_custom_1710443652166{margin-bottom: 0px !important;}\u00bb]Es importante tener en cuenta que las QCD no se consideran una distribuci\u00f3n caritativa y solo pueden realizarse desde cuentas IRA; las cuentas de planes de jubilaci\u00f3n calificados (como los 401(k) y 403(b)) no califican.<\/p>\n<p>Si tiene m\u00e1s de 72 a\u00f1os y debe realizar una distribuci\u00f3n m\u00ednima requerida (RMD) de su IRA, una QCD puede contabilizarse para el monto de su RMD.<\/p>\n<p>Para preguntas o consultas, comun\u00edquese con nuestra oficina de desarrollo en donate@hwaw.com o al 866-570-1229.[\/vc_column_text][\/vc_column][\/vc_row][vc_row full_width=\u00bbstretch_row\u00bb css_animation=\u00bbfadeInUp\u00bb css=\u00bb.vc_custom_1710443831482{padding-top: 70px !important;padding-bottom: 70px !important;}\u00bb][vc_column css=\u00bb.vc_custom_1710442960429{padding-top: 0px !important;}\u00bb el_class=\u00bbwrap996divdiv wrapautodivdiv\u00bb][vc_custom_heading text=\u00bbFONDOS ASESORADOS POR DONANTES (DAF)\u00bb font_container=\u00bbtag:h3|text_align:left\u00bb use_theme_fonts=\u00bbyes\u00bb css=\u00bb.vc_custom_1710443771531{margin-bottom: 20px !important;}\u00bb el_class=\u00bbcolorCDA629&#8243;][vc_column_text css=\u00bb.vc_custom_1710443791397{margin-bottom: 0px !important;}\u00bb]Un fondo asesorado por donantes es una cuenta de inversi\u00f3n dise\u00f1ada espec\u00edficamente para apoyar a las organizaciones ben\u00e9ficas que le interesan. Con estos fondos, puede obtener deducciones fiscales inmediatas e invertirlos para un crecimiento libre de impuestos. Adem\u00e1s, puede sugerir subvenciones a cualquier organizaci\u00f3n ben\u00e9fica p\u00fablica calificada por el IRS que elija. Los fondos asesorados por donantes son cada vez m\u00e1s populares como opci\u00f3n de donaci\u00f3n ben\u00e9fica en Estados Unidos, ya que ofrecen una de las maneras m\u00e1s f\u00e1ciles y con mayores ventajas fiscales de donar a organizaciones ben\u00e9ficas.   <\/p>\n<p><strong>Para proporcionar un regalo monetario a His Way At Work a trav\u00e9s de un DAF,<\/strong> notif\u00edquenos a donate@hwaw.com y utilice la identificaci\u00f3n fiscal: 26-2522139 y nuestra direcci\u00f3n postal en 1595 Peachtree Pkwy, STE 204-367, Cumming, GA 30041.[\/vc_column_text][\/vc_column][\/vc_row][vc_row full_width=\u00bbstretch_row\u00bb css_animation=\u00bbfadeInUp\u00bb css=\u00bb.vc_custom_1710440207457{padding-top: 113px !important;padding-bottom: 113px !important;background-color: #fafafa !important;}\u00bb el_class=\u00bbmobpt70 mobpb70&#8243;][vc_column el_class=\u00bbwrap996divdiv wrapautodivdiv\u00bb css=\u00bb.vc_custom_1710435343033{padding-top: 0px !important;}\u00bb][vc_custom_heading text=\u00bbPREGUNTAS FRECUENTES SOBRE DONACIONES\u00bb font_container=\u00bbtag:h2|text_align:center\u00bb use_theme_fonts=\u00bbyes\u00bb css=\u00bb.vc_custom_1710435349815{margin-bottom: 35px !important;}\u00bb el_class=\u00bbcolor101D43&#8243;][vc_tta_accordion section_title_tag=\u00bbh2&#8243; shape=\u00bbsquare\u00bb c_icon=\u00bbtriangle\u00bb c_position=\u00bbleft\u00bb active_section=\u00bb1&#8243; css=\u00bb.vc_custom_1710435681935{margin-bottom: 0px !important;}\u00bb][vc_tta_section title=\u00bb\u00bfEs His Way At Work una organizaci\u00f3n exenta de impuestos?\u00bb tab_id=\u00bbtax-exempt\u00bb][vc_column_text]S\u00ed. His Way At Work es una organizaci\u00f3n sin fines de lucro 501(c)3, y tu donaci\u00f3n es deducible de impuestos en la medida permitida por la ley. Nuestro n\u00famero de identificaci\u00f3n fiscal es 26-2522139.[\/vc_column_text][\/vc_tta_section][vc_tta_section title=\u00bb\u00bfMi donaci\u00f3n es deducible de impuestos?\u00bb tab_id=\u00bbdonation-tax\u00bb][vc_column_text]S\u00ed, todas las donaciones a His Way At Work son deducibles de impuestos seg\u00fan lo permita la ley, siempre que no se haya recibido ning\u00fan bien o servicio a cambio. Recibir\u00e1s una confirmaci\u00f3n por correo electr\u00f3nico inmediatamente despu\u00e9s de enviar tu donaci\u00f3n, la cual puede servir como recibo para efectos fiscales. Tambi\u00e9n puedes ingresar a tu portal de donante para obtener un registro.[\/vc_column_text][\/vc_tta_section][vc_tta_section title=\u00bb\u00bfC\u00f3mo puedo incluir a His Way At Work en mi testamento?\u00bb tab_id=\u00bbinclude\u00bb][vc_column_text]Organizar una donaci\u00f3n planificada ayuda a HWAW a cumplir su misi\u00f3n de transformar vidas con el amor de Dios. Hay muchas maneras de incluir a HWAW en tu testamento, como donaciones vinculadas a tu patrimonio o nombrando a HWAW como beneficiario de tu plan de retiro o seguro.[\/vc_column_text][\/vc_tta_section][vc_tta_section title=\u00bb\u00bfCon qui\u00e9n puedo hablar sobre hacer una donaci\u00f3n planificada?\u00bb tab_id=\u00bbmaking-legacy-gift\u00bb][vc_column_text]Contacta a nuestra oficina de desarrollo escribiendo a donate@hwaw.com o llamando al 866-570-1229.[\/vc_column_text][\/vc_tta_section][vc_tta_section title=\u00bb\u00bfC\u00f3mo puedo donar por correo?\u00bb tab_id=\u00bbdonate-mail\u00bb][vc_column_text]Puedes enviar un cheque o giro postal a nombre de HWAW a la siguiente direcci\u00f3n: <br \/>His Way At Work, 1595 Peachtree Pkwy, STE 204-367, Cumming, GA 30041[\/vc_column_text][\/vc_tta_section][vc_tta_section title=\u00bb\u00bfC\u00f3mo actualizo o cancelo mi informaci\u00f3n de donante mensual?\u00bb tab_id=\u00bbupdate-monthly\u00bb][vc_column_text]Puedes cancelar o modificar tu donaci\u00f3n mensual en cualquier momento. Por favor, inicia sesi\u00f3n en tu portal de donante, escribe a donate@hwaw.com o llama al 866-570-1229.[\/vc_column_text][\/vc_tta_section][vc_tta_section title=\u00bb\u00bfQu\u00e9 es la donaci\u00f3n corporativa?\u00bb tab_id=\u00bbworkplace\u00bb][vc_column_text]Muchos empleadores ofrecen programas de donaci\u00f3n corporativa que pueden complementar tu aporte a HWAW. En algunos casos, una donaci\u00f3n equivalente puede duplicar el impacto de tu contribuci\u00f3n. Para saber si tu empresa iguala tu donaci\u00f3n a HWAW, consulta con el departamento de recursos humanos. Completa su formulario y env\u00edalo a nuestra oficina para que podamos encargarnos del resto del proceso en tu nombre.[\/vc_column_text][\/vc_tta_section][vc_tta_section title=\u00bb\u00bfD\u00f3nde est\u00e1 mi recibo de donaci\u00f3n?\u00bb tab_id=\u00bbreceipt\u00bb][vc_column_text]Recibir\u00e1s una confirmaci\u00f3n por correo electr\u00f3nico despu\u00e9s de enviar tu donaci\u00f3n en l\u00ednea. Este correo sirve como tu recibo. Si donaste por correo, recibir\u00e1s una constancia de tu donaci\u00f3n una vez que haya sido procesada. Tambi\u00e9n puedes acceder a tus recibos a trav\u00e9s de tu portal de donante.[\/vc_column_text][\/vc_tta_section][vc_tta_section title=\u00bb\u00bfQu\u00e9 apoyar\u00e1 mi donaci\u00f3n a His Way At Work?\u00bb tab_id=\u00bbsupport\u00bb][vc_column_text css=\u00bb\u00bb]Todas las donaciones apoyan la expansi\u00f3n de la Asociaci\u00f3n de Empresas Consagradas. Esto incluye adquirir y capacitar nuevos cap\u00edtulos locales, ofrecer aplicaciones sostenibles tanto espirituales como empresariales a nuestros miembros, y contar con el personal necesario para respaldar estos esfuerzos.[\/vc_column_text][\/vc_tta_section][vc_tta_section title=\u00bb\u00bfC\u00f3mo puedo obtener un reembolso de mi donaci\u00f3n?\u00bb tab_id=\u00bbrefund\u00bb][vc_column_text]HWAW puede reembolsar tu donaci\u00f3n total o parcialmente dentro de los 30 d\u00edas posteriores a la fecha en que fue realizada. Para hacerlo, reenv\u00eda el correo de confirmaci\u00f3n que recibiste a donate@hwaw.com. Emitiremos el reembolso al m\u00e9todo de pago original y te notificaremos una vez que haya sido procesado.[\/vc_column_text][\/vc_tta_section][\/vc_tta_accordion][\/vc_column][\/vc_row]<\/p>\n<\/div>","protected":false},"excerpt":{"rendered":"<p>[vc_row full_width=\u00bbstretch_row\u00bb css=\u00bb.vc_custom_1710445019206{padding-top: 80px !important;padding-bottom: 70px !important;}\u00bb el_id=\u00bblegacygiving\u00bb][vc_column css=\u00bb.vc_custom_1710442960429{padding-top: 0px !important;}\u00bb el_class=\u00bbwrap996divdiv wrapautodivdiv\u00bb][vc_custom_heading text=\u00bbFORMAS DE DONAR\u00bb font_container=\u00bbtag:h1|text_align:center\u00bb use_theme_fonts=\u00bbyes\u00bb css=\u00bb.vc_custom_1710443009280{margin-bottom: 43px !important;}\u00bb el_class=\u00bbf45l50 colorCDA629&#8243;][vc_custom_heading text=\u00bbDONACIONES MENSUALES\u00bb font_container=\u00bbtag:h3|text_align:left\u00bb use_theme_fonts=\u00bbyes\u00bb css=\u00bb.vc_custom_1710443078264{margin-bottom: 20px !important;}\u00bb [&hellip;]<\/p>\n","protected":false},"author":1,"featured_media":0,"parent":0,"menu_order":0,"comment_status":"closed","ping_status":"closed","template":"","meta":{"_acf_changed":false,"content-type":"","inline_featured_image":false,"_genesis_hide_title":false,"_genesis_hide_breadcrumbs":false,"_genesis_hide_singular_image":false,"_genesis_hide_footer_widgets":false,"_genesis_custom_body_class":"solidmenubar pageulfx","_genesis_custom_post_class":"","_genesis_layout":"","footnotes":""},"class_list":["post-5016","page","type-page","status-publish","entry"],"acf":[],"yoast_head":"<!-- This site is optimized with the Yoast SEO plugin v27.3 - https:\/\/yoast.com\/product\/yoast-seo-wordpress\/ -->\n<title>Formas de donar - His Way At Work<\/title>\n<meta name=\"robots\" content=\"index, follow, max-snippet:-1, max-image-preview:large, max-video-preview:-1\" \/>\n<link rel=\"canonical\" href=\"https:\/\/hwaw.com\/es\/ways-to-give\/\" \/>\n<meta property=\"og:locale\" content=\"es_ES\" \/>\n<meta property=\"og:type\" content=\"article\" \/>\n<meta property=\"og:title\" content=\"Formas de donar - His Way At Work\" \/>\n<meta property=\"og:description\" content=\"[vc_row full_width=\u00bbstretch_row\u00bb css=\u00bb.vc_custom_1710445019206{padding-top: 80px !important;padding-bottom: 70px !important;}\u00bb el_id=\u00bblegacygiving\u00bb][vc_column css=\u00bb.vc_custom_1710442960429{padding-top: 0px !important;}\u00bb el_class=\u00bbwrap996divdiv wrapautodivdiv\u00bb][vc_custom_heading text=\u00bbFORMAS DE DONAR\u00bb font_container=\u00bbtag:h1|text_align:center\u00bb use_theme_fonts=\u00bbyes\u00bb css=\u00bb.vc_custom_1710443009280{margin-bottom: 43px !important;}\u00bb el_class=\u00bbf45l50 colorCDA629&#8243;][vc_custom_heading text=\u00bbDONACIONES MENSUALES\u00bb font_container=\u00bbtag:h3|text_align:left\u00bb use_theme_fonts=\u00bbyes\u00bb css=\u00bb.vc_custom_1710443078264{margin-bottom: 20px !important;}\u00bb [&hellip;]\" \/>\n<meta property=\"og:url\" content=\"https:\/\/hwaw.com\/es\/ways-to-give\/\" \/>\n<meta property=\"og:site_name\" content=\"His Way At Work\" \/>\n<meta property=\"article:modified_time\" content=\"2025-08-01T04:26:11+00:00\" \/>\n<meta name=\"twitter:card\" content=\"summary_large_image\" \/>\n<meta name=\"twitter:label1\" content=\"Tiempo de lectura\" \/>\n\t<meta name=\"twitter:data1\" content=\"6 minutos\" \/>\n<script type=\"application\/ld+json\" class=\"yoast-schema-graph\">{\"@context\":\"https:\\\/\\\/schema.org\",\"@graph\":[{\"@type\":\"WebPage\",\"@id\":\"https:\\\/\\\/hwaw.com\\\/es\\\/ways-to-give\\\/\",\"url\":\"https:\\\/\\\/hwaw.com\\\/es\\\/ways-to-give\\\/\",\"name\":\"Formas de donar - His Way At Work\",\"isPartOf\":{\"@id\":\"https:\\\/\\\/hwaw.com\\\/es\\\/#website\"},\"datePublished\":\"2024-03-14T19:01:15+00:00\",\"dateModified\":\"2025-08-01T04:26:11+00:00\",\"breadcrumb\":{\"@id\":\"https:\\\/\\\/hwaw.com\\\/es\\\/ways-to-give\\\/#breadcrumb\"},\"inLanguage\":\"es\",\"potentialAction\":[{\"@type\":\"ReadAction\",\"target\":[\"https:\\\/\\\/hwaw.com\\\/es\\\/ways-to-give\\\/\"]}]},{\"@type\":\"BreadcrumbList\",\"@id\":\"https:\\\/\\\/hwaw.com\\\/es\\\/ways-to-give\\\/#breadcrumb\",\"itemListElement\":[{\"@type\":\"ListItem\",\"position\":1,\"name\":\"Home\",\"item\":\"https:\\\/\\\/hwaw.com\\\/es\\\/home-esp\\\/\"},{\"@type\":\"ListItem\",\"position\":2,\"name\":\"Formas de donar\"}]},{\"@type\":\"WebSite\",\"@id\":\"https:\\\/\\\/hwaw.com\\\/es\\\/#website\",\"url\":\"https:\\\/\\\/hwaw.com\\\/es\\\/\",\"name\":\"His Way At Work\",\"description\":\"Run Your Business in Line with Your Faith\",\"publisher\":{\"@id\":\"https:\\\/\\\/hwaw.com\\\/es\\\/#organization\"},\"potentialAction\":[{\"@type\":\"SearchAction\",\"target\":{\"@type\":\"EntryPoint\",\"urlTemplate\":\"https:\\\/\\\/hwaw.com\\\/es\\\/?s={search_term_string}\"},\"query-input\":{\"@type\":\"PropertyValueSpecification\",\"valueRequired\":true,\"valueName\":\"search_term_string\"}}],\"inLanguage\":\"es\"},{\"@type\":\"Organization\",\"@id\":\"https:\\\/\\\/hwaw.com\\\/es\\\/#organization\",\"name\":\"His Way At Work\",\"url\":\"https:\\\/\\\/hwaw.com\\\/es\\\/\",\"logo\":{\"@type\":\"ImageObject\",\"inLanguage\":\"es\",\"@id\":\"https:\\\/\\\/hwaw.com\\\/es\\\/#\\\/schema\\\/logo\\\/image\\\/\",\"url\":\"https:\\\/\\\/hwaw.com\\\/wp-content\\\/uploads\\\/2024\\\/02\\\/HWAW-Logo-wTagline-White.svg\",\"contentUrl\":\"https:\\\/\\\/hwaw.com\\\/wp-content\\\/uploads\\\/2024\\\/02\\\/HWAW-Logo-wTagline-White.svg\",\"width\":225,\"height\":118,\"caption\":\"His Way At Work\"},\"image\":{\"@id\":\"https:\\\/\\\/hwaw.com\\\/es\\\/#\\\/schema\\\/logo\\\/image\\\/\"}}]}<\/script>\n<!-- \/ Yoast SEO plugin. -->","yoast_head_json":{"title":"Formas de donar - His Way At Work","robots":{"index":"index","follow":"follow","max-snippet":"max-snippet:-1","max-image-preview":"max-image-preview:large","max-video-preview":"max-video-preview:-1"},"canonical":"https:\/\/hwaw.com\/es\/ways-to-give\/","og_locale":"es_ES","og_type":"article","og_title":"Formas de donar - His Way At Work","og_description":"[vc_row full_width=\u00bbstretch_row\u00bb css=\u00bb.vc_custom_1710445019206{padding-top: 80px !important;padding-bottom: 70px !important;}\u00bb el_id=\u00bblegacygiving\u00bb][vc_column css=\u00bb.vc_custom_1710442960429{padding-top: 0px !important;}\u00bb el_class=\u00bbwrap996divdiv wrapautodivdiv\u00bb][vc_custom_heading text=\u00bbFORMAS DE DONAR\u00bb font_container=\u00bbtag:h1|text_align:center\u00bb use_theme_fonts=\u00bbyes\u00bb css=\u00bb.vc_custom_1710443009280{margin-bottom: 43px !important;}\u00bb el_class=\u00bbf45l50 colorCDA629&#8243;][vc_custom_heading text=\u00bbDONACIONES MENSUALES\u00bb font_container=\u00bbtag:h3|text_align:left\u00bb use_theme_fonts=\u00bbyes\u00bb css=\u00bb.vc_custom_1710443078264{margin-bottom: 20px !important;}\u00bb [&hellip;]","og_url":"https:\/\/hwaw.com\/es\/ways-to-give\/","og_site_name":"His Way At Work","article_modified_time":"2025-08-01T04:26:11+00:00","twitter_card":"summary_large_image","twitter_misc":{"Tiempo de lectura":"6 minutos"},"schema":{"@context":"https:\/\/schema.org","@graph":[{"@type":"WebPage","@id":"https:\/\/hwaw.com\/es\/ways-to-give\/","url":"https:\/\/hwaw.com\/es\/ways-to-give\/","name":"Formas de donar - His Way At Work","isPartOf":{"@id":"https:\/\/hwaw.com\/es\/#website"},"datePublished":"2024-03-14T19:01:15+00:00","dateModified":"2025-08-01T04:26:11+00:00","breadcrumb":{"@id":"https:\/\/hwaw.com\/es\/ways-to-give\/#breadcrumb"},"inLanguage":"es","potentialAction":[{"@type":"ReadAction","target":["https:\/\/hwaw.com\/es\/ways-to-give\/"]}]},{"@type":"BreadcrumbList","@id":"https:\/\/hwaw.com\/es\/ways-to-give\/#breadcrumb","itemListElement":[{"@type":"ListItem","position":1,"name":"Home","item":"https:\/\/hwaw.com\/es\/home-esp\/"},{"@type":"ListItem","position":2,"name":"Formas de donar"}]},{"@type":"WebSite","@id":"https:\/\/hwaw.com\/es\/#website","url":"https:\/\/hwaw.com\/es\/","name":"His Way At Work","description":"Run Your Business in Line with Your Faith","publisher":{"@id":"https:\/\/hwaw.com\/es\/#organization"},"potentialAction":[{"@type":"SearchAction","target":{"@type":"EntryPoint","urlTemplate":"https:\/\/hwaw.com\/es\/?s={search_term_string}"},"query-input":{"@type":"PropertyValueSpecification","valueRequired":true,"valueName":"search_term_string"}}],"inLanguage":"es"},{"@type":"Organization","@id":"https:\/\/hwaw.com\/es\/#organization","name":"His Way At Work","url":"https:\/\/hwaw.com\/es\/","logo":{"@type":"ImageObject","inLanguage":"es","@id":"https:\/\/hwaw.com\/es\/#\/schema\/logo\/image\/","url":"https:\/\/hwaw.com\/wp-content\/uploads\/2024\/02\/HWAW-Logo-wTagline-White.svg","contentUrl":"https:\/\/hwaw.com\/wp-content\/uploads\/2024\/02\/HWAW-Logo-wTagline-White.svg","width":225,"height":118,"caption":"His Way At Work"},"image":{"@id":"https:\/\/hwaw.com\/es\/#\/schema\/logo\/image\/"}}]}},"_links":{"self":[{"href":"https:\/\/hwaw.com\/es\/wp-json\/wp\/v2\/pages\/5016","targetHints":{"allow":["GET"]}}],"collection":[{"href":"https:\/\/hwaw.com\/es\/wp-json\/wp\/v2\/pages"}],"about":[{"href":"https:\/\/hwaw.com\/es\/wp-json\/wp\/v2\/types\/page"}],"author":[{"embeddable":true,"href":"https:\/\/hwaw.com\/es\/wp-json\/wp\/v2\/users\/1"}],"replies":[{"embeddable":true,"href":"https:\/\/hwaw.com\/es\/wp-json\/wp\/v2\/comments?post=5016"}],"version-history":[{"count":0,"href":"https:\/\/hwaw.com\/es\/wp-json\/wp\/v2\/pages\/5016\/revisions"}],"wp:attachment":[{"href":"https:\/\/hwaw.com\/es\/wp-json\/wp\/v2\/media?parent=5016"}],"curies":[{"name":"wp","href":"https:\/\/api.w.org\/{rel}","templated":true}]}}