{"id":4747,"date":"2025-04-11T16:24:29","date_gmt":"2025-04-11T20:24:29","guid":{"rendered":"https:\/\/hwaw.com\/proximamente\/"},"modified":"2026-02-03T17:44:19","modified_gmt":"2026-02-03T22:44:19","slug":"upcoming","status":"publish","type":"page","link":"https:\/\/hwaw.com\/es\/upcoming\/","title":{"rendered":"Webinar"},"content":{"rendered":"<div class=\"wpb-content-wrapper\"><p>[vc_row full_width=\u00bbstretch_row\u00bb el_class=\u00bbinnerhero methodologyhero mobhero bggradient\u00bb css=\u00bb.vc_custom_1744834614358{background-image: url(https:\/\/hwaw.com\/wp-content\/uploads\/2025\/04\/upcoming-header-scaled.jpg?id=3144) !important;background-position: center !important;background-repeat: no-repeat !important;background-size: cover !important;}\u00bb][vc_column css=\u00bb.vc_custom_1707678321300{padding-top: 0px !important;}\u00bb][vc_row_inner el_class=\u00bbassociationheroinner\u00bb css=\u00bb.vc_custom_1744403629008{padding-top: 50px !important;padding-bottom: 50px !important;}\u00bb][vc_column_inner width=\u00bb1\/12&#8243;][\/vc_column_inner][vc_column_inner width=\u00bb11\/12&#8243;][vc_custom_heading text=\u00bbInscr\u00edbete en la pr\u00f3xima reuni\u00f3n inicial.\u00bb font_container=\u00bbtag:h1|text_align:left\u00bb use_theme_fonts=\u00bbyes\u00bb css=\u00bb.vc_custom_1766432155952{margin-bottom: 15px !important;}\u00bb el_class=\u00bbf45l50 wrap480 colorfff mobilecenter mobwrapauto mobmb40&#8243;][\/vc_column_inner][\/vc_row_inner][\/vc_column][\/vc_row][vc_row full_width=\u00bbstretch_row\u00bb css_animation=\u00bbfadeInUp\u00bb el_class=\u00bboverflowunset mobpt50&#8243; css=\u00bb.vc_custom_1761924052024{margin-top: -120px !important;}\u00bb][vc_column css=\u00bb.vc_custom_1707758414731{padding-top: 0px !important;}\u00bb][vc_row_inner][vc_column_inner width=\u00bb1\/2&#8243;][\/vc_column_inner][vc_column_inner el_class=\u00bbabouts2rightbox\u00bb width=\u00bb1\/2&#8243; css=\u00bb.vc_custom_1744403280410{background-color: #E87247 !important;}\u00bb][vc_custom_heading text=\u00bbCOMIENZA TU VIAJE\u00bb font_container=\u00bbtag:h3|text_align:center\u00bb use_theme_fonts=\u00bbyes\u00bb css=\u00bb.vc_custom_1761924187310{margin-bottom: 22px !important;padding-top: 40px !important;}\u00bb el_class=\u00bbcolorfff fw500 mobilecenter\u00bb][vc_column_text css=\u00bb.vc_custom_1766432172720{margin-bottom: 30px !important;}\u00bb el_class=\u00bbmobilecenter colorfff\u00bb]<\/p>\n<p style=\"text-align: center;\">Si est\u00e1s listo, puedes pedir tu Kit de Consagraci\u00f3n antes de la reuni\u00f3n para comenzar a prepararte para consagrar tu empresa al Sagrado Coraz\u00f3n de Jes\u00fas.<\/p>\n<p>[\/vc_column_text][vc_btn title=\u00bbPIDE AHORA\u00bb style=\u00bbcustom\u00bb custom_background=\u00bb#ffffff\u00bb custom_text=\u00bb#E87247&#8243; align=\u00bbcenter\u00bb css=\u00bb.vc_custom_1761924118941{margin-bottom: 0px !important;}\u00bb link=\u00bburl:https%3A%2F%2Fshop.hwaw.com%2F|title:Ponte%20en%20contacto%20con|target:_blank|rel:nofollow|\u00bb el_class=\u00bbbtnwhite mobilecenter mobmb30&#8243;][\/vc_column_inner][\/vc_row_inner][\/vc_column][\/vc_row][vc_row css_animation=\u00bbnone\u00bb css=\u00bb.vc_custom_1745421213760{padding-top: 30px !important;}\u00bb][vc_column css=\u00bb.vc_custom_1707767088024{padding-top: 0px !important;}\u00bb el_class=\u00bbwrap996divdiv wrapautodivdiv\u00bb][vc_row_inner equal_height=\u00bbyes\u00bb content_placement=\u00bbmiddle\u00bb el_class=\u00bblinkorangea\u00bb css=\u00bb.vc_custom_1760111071460{padding-bottom: 25px !important;}\u00bb][vc_column_inner el_class=\u00bbwpb_animate_when_almost_visible wpb_fadeInUp fadeInUp sloweranimate\u00bb][vc_custom_heading text=\u00bbCONOCE M\u00c1S\u00bb font_container=\u00bbtag:h3|text_align:left\u00bb use_theme_fonts=\u00bbyes\u00bb css=\u00bb.vc_custom_1760121742677{margin-bottom: 22px !important;}\u00bb el_class=\u00bbcolorCDA629 fw500 mobilecenter mobmb30&#8243;][vc_column_text css=\u00bb.vc_custom_1766432190376{margin-bottom: 0px !important;}\u00bb]Gracias por tu inter\u00e9s en obtener m\u00e1s informaci\u00f3n sobre His Way At Work. Colaboramos con di\u00f3cesis y parroquias de todo el mundo para organizar cap\u00edtulos locales, en los que los empresarios consagran sus empresas al <strong><a href=\"https:\/\/hwaw.com\/es\/sacred-heart\/\">Sagrado Coraz\u00f3n de Jes\u00fas<\/a><\/strong> y encuentran el apoyo de otros empresarios con ideas afines. <\/p>\n<p>\u00a1Busca tu ubicaci\u00f3n a continuaci\u00f3n y reg\u00edstrate para participar en una reuni\u00f3n y obtener m\u00e1s informaci\u00f3n sobre esta emocionante oportunidad![\/vc_column_text][\/vc_column_inner][\/vc_row_inner][\/vc_column][\/vc_row][vc_row css_animation=\u00bbnone\u00bb css=\u00bb.vc_custom_1745421213760{padding-top: 30px !important;}\u00bb][vc_column css=\u00bb.vc_custom_1707767088024{padding-top: 0px !important;}\u00bb el_class=\u00bbwrap996divdiv wrapautodivdiv\u00bb][vc_custom_heading text=\u00bbESTADOS UNIDOS\u00bb font_container=\u00bbtag:h3|text_align:left\u00bb use_theme_fonts=\u00bbyes\u00bb css=\u00bb.vc_custom_1770152429476{margin-bottom: 35px !important;}\u00bb el_class=\u00bbcolorCDA629 fw500 mobilecenter mobmb30&#8243;][vc_row_inner equal_height=\u00bbyes\u00bb content_placement=\u00bbmiddle\u00bb el_class=\u00bblinkorangea\u00bb css=\u00bb.vc_custom_1770152478319{padding-top: 35px !important;}\u00bb][vc_column_inner el_class=\u00bbwpb_animate_when_almost_visible wpb_fadeInUp fadeInUp sloweranimate\u00bb width=\u00bb5\/12&#8243; css=\u00bb.vc_custom_1760121587316{padding-bottom: 35px !important;}\u00bb][vc_column_text css=\u00bb.vc_custom_1770152558604{margin-bottom: 0px !important;padding-top: px !important;}\u00bb]<strong>NEBRASKA<\/strong><br \/>\nOmaha: St. Wenceslaus Catholic Church<br \/>\nMarch 12, 2026 @ 7:00 PM (CT)[\/vc_column_text][\/vc_column_inner][vc_column_inner width=\u00bb4\/12&#8243;][vc_btn title=\u00bbREG\u00cdSTRATE AQU\u00cd\u00bb style=\u00bbcustom\u00bb custom_background=\u00bb#e87247&#8243; custom_text=\u00bb#ffffff\u00bb align=\u00bbleft\u00bb css=\u00bb\u00bb link=\u00bburl:https%3A%2F%2Fus06web.zoom.us%2Fwebinar%2Fregister%2FWN_Ji0d2uNKQ3Cc3_qTOIzOFg|target:_blank|rel:nofollow|\u00bb el_class=\u00bbbtnorange mobilecenter videoaccesspop-clergy\u00bb][\/vc_column_inner][vc_column_inner width=\u00bb3\/12&#8243;][\/vc_column_inner][\/vc_row_inner][vc_empty_space][\/vc_column][\/vc_row][vc_row full_width=\u00bbstretch_row\u00bb css_animation=\u00bbfadeInUp\u00bb css=\u00bb.vc_custom_1770152652220{border-top-width: 60px !important;padding-top: 116px !important;padding-bottom: 148px !important;background-image: url(https:\/\/hwaw.com\/wp-content\/uploads\/2025\/11\/community.png?id=6832) !important;background-position: center !important;background-repeat: no-repeat !important;background-size: cover !important;}\u00bb el_class=\u00bbbggradient pastorbtmcta mobpt500 mobpb140&#8243;][vc_column css=\u00bb.vc_custom_1710449977125{padding-top: 0px !important;}\u00bb][vc_row_inner el_class=\u00bbherobox heroboxorange wrap580 hearticononb mobpb160 mobwrapauto\u00bb][vc_column_inner][vc_custom_heading text=\u00bb\u00daNETE A LA ASOCIACI\u00d3N\u00bb use_theme_fonts=\u00bbyes\u00bb css=\u00bb.vc_custom_1741386920839{margin-bottom: 25px !important;}\u00bb el_class=\u00bbcolorfff mobilecenter\u00bb][vc_column_text css=\u00bb.vc_custom_1741386931522{margin-bottom: 30px !important;}\u00bb el_class=\u00bbcolorfff mobilecenter whitelink\u00bb]Despu\u00e9s de consagrar su empresa, le invitamos a unirse a nuestra Asociaci\u00f3n global de Empresas Consagradas para apoyarle en el seguimiento de su llamado superior.[\/vc_column_text][vc_btn title=\u00bbCONOCE M\u00c1S\u00bb style=\u00bbcustom\u00bb custom_background=\u00bb#ffffff\u00bb custom_text=\u00bb#e87247&#8243; css=\u00bb.vc_custom_1741842505484{margin-bottom: 0px !important;}\u00bb link=\u00bburl:https%3A%2F%2Fhwaw.com%2Fes%2Fassociation%2F|title:Ponte%20en%20contacto%20con|rel:nofollow|\u00bb el_class=\u00bbbtnwhite mobilecenter\u00bb][vc_single_image image=\u00bb3580&#8243; img_size=\u00bbfull\u00bb css_animation=\u00bbfadeInUp\u00bb el_class=\u00bbhomes5img\u00bb][\/vc_column_inner][\/vc_row_inner][\/vc_column][\/vc_row]<\/p>\n<\/div>","protected":false},"excerpt":{"rendered":"<p>[vc_row full_width=\u00bbstretch_row\u00bb el_class=\u00bbinnerhero methodologyhero mobhero bggradient\u00bb css=\u00bb.vc_custom_1744834614358{background-image: url(https:\/\/hwaw.com\/wp-content\/uploads\/2025\/04\/upcoming-header-scaled.jpg?id=3144) !important;background-position: center !important;background-repeat: no-repeat !important;background-size: cover !important;}\u00bb][vc_column css=\u00bb.vc_custom_1707678321300{padding-top: 0px !important;}\u00bb][vc_row_inner el_class=\u00bbassociationheroinner\u00bb css=\u00bb.vc_custom_1744403629008{padding-top: 50px !important;padding-bottom: 50px !important;}\u00bb][vc_column_inner width=\u00bb1\/12&#8243;][\/vc_column_inner][vc_column_inner width=\u00bb11\/12&#8243;][vc_custom_heading text=\u00bbInscr\u00edbete en la pr\u00f3xima [&hellip;]<\/p>\n","protected":false},"author":3,"featured_media":0,"parent":0,"menu_order":0,"comment_status":"closed","ping_status":"closed","template":"","meta":{"_acf_changed":false,"content-type":"","inline_featured_image":false,"_genesis_hide_title":false,"_genesis_hide_breadcrumbs":false,"_genesis_hide_singular_image":false,"_genesis_hide_footer_widgets":false,"_genesis_custom_body_class":"","_genesis_custom_post_class":"","_genesis_layout":"","footnotes":""},"class_list":["post-4747","page","type-page","status-publish","entry"],"acf":[],"yoast_head":"<!-- This site is optimized with the Yoast SEO plugin v27.3 - https:\/\/yoast.com\/product\/yoast-seo-wordpress\/ -->\n<title>Webinar - His Way At Work<\/title>\n<meta name=\"robots\" content=\"index, follow, max-snippet:-1, max-image-preview:large, max-video-preview:-1\" \/>\n<link rel=\"canonical\" href=\"https:\/\/hwaw.com\/es\/upcoming\/\" \/>\n<meta property=\"og:locale\" content=\"es_ES\" \/>\n<meta property=\"og:type\" content=\"article\" \/>\n<meta property=\"og:title\" content=\"Webinar - His Way At Work\" \/>\n<meta property=\"og:description\" content=\"[vc_row full_width=\u00bbstretch_row\u00bb el_class=\u00bbinnerhero methodologyhero mobhero bggradient\u00bb css=\u00bb.vc_custom_1744834614358{background-image: url(https:\/\/hwaw.com\/wp-content\/uploads\/2025\/04\/upcoming-header-scaled.jpg?id=3144) !important;background-position: center !important;background-repeat: no-repeat !important;background-size: cover !important;}\u00bb][vc_column css=\u00bb.vc_custom_1707678321300{padding-top: 0px !important;}\u00bb][vc_row_inner el_class=\u00bbassociationheroinner\u00bb css=\u00bb.vc_custom_1744403629008{padding-top: 50px !important;padding-bottom: 50px !important;}\u00bb][vc_column_inner width=\u00bb1\/12&#8243;][\/vc_column_inner][vc_column_inner width=\u00bb11\/12&#8243;][vc_custom_heading text=\u00bbInscr\u00edbete en la pr\u00f3xima [&hellip;]\" \/>\n<meta property=\"og:url\" content=\"https:\/\/hwaw.com\/es\/upcoming\/\" \/>\n<meta property=\"og:site_name\" content=\"His Way At Work\" \/>\n<meta property=\"article:modified_time\" content=\"2026-02-03T22:44:19+00:00\" \/>\n<meta name=\"twitter:card\" content=\"summary_large_image\" \/>\n<meta name=\"twitter:label1\" content=\"Tiempo de lectura\" \/>\n\t<meta name=\"twitter:data1\" content=\"3 minutos\" \/>\n<script type=\"application\/ld+json\" class=\"yoast-schema-graph\">{\"@context\":\"https:\\\/\\\/schema.org\",\"@graph\":[{\"@type\":\"WebPage\",\"@id\":\"https:\\\/\\\/hwaw.com\\\/es\\\/upcoming\\\/\",\"url\":\"https:\\\/\\\/hwaw.com\\\/es\\\/upcoming\\\/\",\"name\":\"Webinar - His Way At Work\",\"isPartOf\":{\"@id\":\"https:\\\/\\\/hwaw.com\\\/es\\\/#website\"},\"datePublished\":\"2025-04-11T20:24:29+00:00\",\"dateModified\":\"2026-02-03T22:44:19+00:00\",\"breadcrumb\":{\"@id\":\"https:\\\/\\\/hwaw.com\\\/es\\\/upcoming\\\/#breadcrumb\"},\"inLanguage\":\"es\",\"potentialAction\":[{\"@type\":\"ReadAction\",\"target\":[\"https:\\\/\\\/hwaw.com\\\/es\\\/upcoming\\\/\"]}]},{\"@type\":\"BreadcrumbList\",\"@id\":\"https:\\\/\\\/hwaw.com\\\/es\\\/upcoming\\\/#breadcrumb\",\"itemListElement\":[{\"@type\":\"ListItem\",\"position\":1,\"name\":\"Home\",\"item\":\"https:\\\/\\\/hwaw.com\\\/es\\\/home-esp\\\/\"},{\"@type\":\"ListItem\",\"position\":2,\"name\":\"Webinar\"}]},{\"@type\":\"WebSite\",\"@id\":\"https:\\\/\\\/hwaw.com\\\/es\\\/#website\",\"url\":\"https:\\\/\\\/hwaw.com\\\/es\\\/\",\"name\":\"His Way At Work\",\"description\":\"Run Your Business in Line with Your Faith\",\"publisher\":{\"@id\":\"https:\\\/\\\/hwaw.com\\\/es\\\/#organization\"},\"potentialAction\":[{\"@type\":\"SearchAction\",\"target\":{\"@type\":\"EntryPoint\",\"urlTemplate\":\"https:\\\/\\\/hwaw.com\\\/es\\\/?s={search_term_string}\"},\"query-input\":{\"@type\":\"PropertyValueSpecification\",\"valueRequired\":true,\"valueName\":\"search_term_string\"}}],\"inLanguage\":\"es\"},{\"@type\":\"Organization\",\"@id\":\"https:\\\/\\\/hwaw.com\\\/es\\\/#organization\",\"name\":\"His Way At Work\",\"url\":\"https:\\\/\\\/hwaw.com\\\/es\\\/\",\"logo\":{\"@type\":\"ImageObject\",\"inLanguage\":\"es\",\"@id\":\"https:\\\/\\\/hwaw.com\\\/es\\\/#\\\/schema\\\/logo\\\/image\\\/\",\"url\":\"https:\\\/\\\/hwaw.com\\\/wp-content\\\/uploads\\\/2024\\\/02\\\/HWAW-Logo-wTagline-White.svg\",\"contentUrl\":\"https:\\\/\\\/hwaw.com\\\/wp-content\\\/uploads\\\/2024\\\/02\\\/HWAW-Logo-wTagline-White.svg\",\"width\":225,\"height\":118,\"caption\":\"His Way At Work\"},\"image\":{\"@id\":\"https:\\\/\\\/hwaw.com\\\/es\\\/#\\\/schema\\\/logo\\\/image\\\/\"}}]}<\/script>\n<!-- \/ Yoast SEO plugin. -->","yoast_head_json":{"title":"Webinar - His Way At Work","robots":{"index":"index","follow":"follow","max-snippet":"max-snippet:-1","max-image-preview":"max-image-preview:large","max-video-preview":"max-video-preview:-1"},"canonical":"https:\/\/hwaw.com\/es\/upcoming\/","og_locale":"es_ES","og_type":"article","og_title":"Webinar - His Way At Work","og_description":"[vc_row full_width=\u00bbstretch_row\u00bb el_class=\u00bbinnerhero methodologyhero mobhero bggradient\u00bb css=\u00bb.vc_custom_1744834614358{background-image: url(https:\/\/hwaw.com\/wp-content\/uploads\/2025\/04\/upcoming-header-scaled.jpg?id=3144) !important;background-position: center !important;background-repeat: no-repeat !important;background-size: cover !important;}\u00bb][vc_column css=\u00bb.vc_custom_1707678321300{padding-top: 0px !important;}\u00bb][vc_row_inner el_class=\u00bbassociationheroinner\u00bb css=\u00bb.vc_custom_1744403629008{padding-top: 50px !important;padding-bottom: 50px !important;}\u00bb][vc_column_inner width=\u00bb1\/12&#8243;][\/vc_column_inner][vc_column_inner width=\u00bb11\/12&#8243;][vc_custom_heading text=\u00bbInscr\u00edbete en la pr\u00f3xima [&hellip;]","og_url":"https:\/\/hwaw.com\/es\/upcoming\/","og_site_name":"His Way At Work","article_modified_time":"2026-02-03T22:44:19+00:00","twitter_card":"summary_large_image","twitter_misc":{"Tiempo de lectura":"3 minutos"},"schema":{"@context":"https:\/\/schema.org","@graph":[{"@type":"WebPage","@id":"https:\/\/hwaw.com\/es\/upcoming\/","url":"https:\/\/hwaw.com\/es\/upcoming\/","name":"Webinar - His Way At Work","isPartOf":{"@id":"https:\/\/hwaw.com\/es\/#website"},"datePublished":"2025-04-11T20:24:29+00:00","dateModified":"2026-02-03T22:44:19+00:00","breadcrumb":{"@id":"https:\/\/hwaw.com\/es\/upcoming\/#breadcrumb"},"inLanguage":"es","potentialAction":[{"@type":"ReadAction","target":["https:\/\/hwaw.com\/es\/upcoming\/"]}]},{"@type":"BreadcrumbList","@id":"https:\/\/hwaw.com\/es\/upcoming\/#breadcrumb","itemListElement":[{"@type":"ListItem","position":1,"name":"Home","item":"https:\/\/hwaw.com\/es\/home-esp\/"},{"@type":"ListItem","position":2,"name":"Webinar"}]},{"@type":"WebSite","@id":"https:\/\/hwaw.com\/es\/#website","url":"https:\/\/hwaw.com\/es\/","name":"His Way At Work","description":"Run Your Business in Line with Your Faith","publisher":{"@id":"https:\/\/hwaw.com\/es\/#organization"},"potentialAction":[{"@type":"SearchAction","target":{"@type":"EntryPoint","urlTemplate":"https:\/\/hwaw.com\/es\/?s={search_term_string}"},"query-input":{"@type":"PropertyValueSpecification","valueRequired":true,"valueName":"search_term_string"}}],"inLanguage":"es"},{"@type":"Organization","@id":"https:\/\/hwaw.com\/es\/#organization","name":"His Way At Work","url":"https:\/\/hwaw.com\/es\/","logo":{"@type":"ImageObject","inLanguage":"es","@id":"https:\/\/hwaw.com\/es\/#\/schema\/logo\/image\/","url":"https:\/\/hwaw.com\/wp-content\/uploads\/2024\/02\/HWAW-Logo-wTagline-White.svg","contentUrl":"https:\/\/hwaw.com\/wp-content\/uploads\/2024\/02\/HWAW-Logo-wTagline-White.svg","width":225,"height":118,"caption":"His Way At Work"},"image":{"@id":"https:\/\/hwaw.com\/es\/#\/schema\/logo\/image\/"}}]}},"_links":{"self":[{"href":"https:\/\/hwaw.com\/es\/wp-json\/wp\/v2\/pages\/4747","targetHints":{"allow":["GET"]}}],"collection":[{"href":"https:\/\/hwaw.com\/es\/wp-json\/wp\/v2\/pages"}],"about":[{"href":"https:\/\/hwaw.com\/es\/wp-json\/wp\/v2\/types\/page"}],"author":[{"embeddable":true,"href":"https:\/\/hwaw.com\/es\/wp-json\/wp\/v2\/users\/3"}],"replies":[{"embeddable":true,"href":"https:\/\/hwaw.com\/es\/wp-json\/wp\/v2\/comments?post=4747"}],"version-history":[{"count":0,"href":"https:\/\/hwaw.com\/es\/wp-json\/wp\/v2\/pages\/4747\/revisions"}],"wp:attachment":[{"href":"https:\/\/hwaw.com\/es\/wp-json\/wp\/v2\/media?parent=4747"}],"curies":[{"name":"wp","href":"https:\/\/api.w.org\/{rel}","templated":true}]}}