{"id":4724,"date":"2024-06-20T14:05:28","date_gmt":"2024-06-20T18:05:28","guid":{"rendered":"https:\/\/hwaw.com\/busca-una-seccion\/"},"modified":"2025-11-19T15:34:57","modified_gmt":"2025-11-19T20:34:57","slug":"find-a-chapter","status":"publish","type":"page","link":"https:\/\/hwaw.com\/es\/find-a-chapter\/","title":{"rendered":"BUSCA UN CAP\u00cdTULO"},"content":{"rendered":"<div class=\"wpb-content-wrapper\"><p>[vc_row full_width=\u00bbstretch_row\u00bb el_class=\u00bbinnerhero donatehero mobhero bggradient overflowunset\u00bb css=\u00bb.vc_custom_1763584493165{padding-top: 234px !important;padding-bottom: 70px !important;background-image: url(https:\/\/hwaw.com\/wp-content\/uploads\/2025\/11\/chapter.png?id=6854) !important;background-position: center !important;background-repeat: no-repeat !important;background-size: cover !important;}\u00bb][vc_column css=\u00bb.vc_custom_1707678321300{padding-top: 0px !important;}\u00bb][vc_row_inner equal_height=\u00bbyes\u00bb][vc_column_inner width=\u00bb1\/12&#8243;][\/vc_column_inner][vc_column_inner width=\u00bb5\/12&#8243;][vc_custom_heading text=\u00bbTU COMUNIDAD\u00bb font_container=\u00bbtag:h1|text_align:left\u00bb use_theme_fonts=\u00bbyes\u00bb css=\u00bb.vc_custom_1763584465898{margin-bottom: 27px !important;}\u00bb el_class=\u00bbwrap440 colorfff mobilecenter mobwrapauto mobmb30&#8243;][vc_custom_heading text=\u00bbDespu\u00e9s de consagrar tu empresa, \u00fanete a nuestra comunidad internacional, donde recibir\u00e1s gu\u00eda y apoyo de l\u00edderes afines que est\u00e1n dirigiendo sus empresas conforme al prop\u00f3sito de Dios y creando valor eterno.\u00bb font_container=\u00bbtag:div|text_align:left\u00bb use_theme_fonts=\u00bbyes\u00bb css=\u00bb.vc_custom_1751987546692{margin-bottom: 36px !important;}\u00bb el_class=\u00bbcolorfff mobilecenter mobmb30&#8243;][vc_btn title=\u00bb\u00daNETE HOY\u00bb style=\u00bbcustom\u00bb custom_background=\u00bb#e87247&#8243; custom_text=\u00bb#ffffff\u00bb align=\u00bbleft\u00bb css=\u00bb.vc_custom_1719352470281{margin-bottom: 0px !important;}\u00bb link=\u00bburl:https%3A%2F%2Fhwaw.com%2Fes%2Fassociation%2F%23joinnow|title:Af%C3%ADliate%20hoy|rel:nofollow|\u00bb el_class=\u00bbbtnorange mobilecenter\u00bb][\/vc_column_inner][vc_column_inner el_class=\u00bbcolorfff\u00bb width=\u00bb1\/2&#8243;][vc_column_text css_animation=\u00bbfadeInUp\u00bb css=\u00bb.vc_custom_1752776910245{margin-bottom: 0px !important;}\u00bb el_class=\u00bbdornagebox mobilecenter dornageboxfindachapter\u00bb]<\/p>\n<h1>APOYO COMUNITARIO<\/h1>\n<p>Todos los miembros pueden acceder y descargar recursos desde su panel de miembro y, en algunas regiones, tambi\u00e9n se re\u00fanen presencialmente con un cap\u00edtulo local para recibir apoyo y comunidad.<\/p>\n<div class=\"vc_btn3-container btnwhite vc_btn3-left vc_custom_1708354188707 vc_do_btn\"><a class=\"vc_general vc_btn3 vc_btn3-size-md vc_btn3-shape-rounded vc_btn3-style-custom\" style=\"background-color: #ffffff; color: #e87247;\" title=\"\" href=\"https:\/\/hwaw.com\/es\/login\/\" target=\"_blank\" rel=\"nofollow noopener\">LOGIN DE MIEMBROS<\/a><\/div>\n<p>[\/vc_column_text][\/vc_column_inner][\/vc_row_inner][\/vc_column][\/vc_row][vc_row css=\u00bb.vc_custom_1718908461332{padding-top: 200px !important;padding-bottom: 90px !important;}\u00bb el_class=\u00bbfindachapters2&#8243;][vc_column css=\u00bb.vc_custom_1718907914146{padding-top: 0px !important;}\u00bb][vc_custom_heading text=\u00bbENCUENTRA UN CAP\u00cdTULO\u00bb font_container=\u00bbtag:h3|text_align:left\u00bb use_theme_fonts=\u00bbyes\u00bb css=\u00bb.vc_custom_1719008160172{margin-bottom: 0px !important;}\u00bb el_class=\u00bbcolorCDA629 fw500 mobilecenter mobmb30&#8243;][vc_column_text css=\u00bb\u00bb]<span class=\"TextRun SCXW61771910 BCX0\" lang=\"ES-MX\" xml:lang=\"ES-MX\" data-contrast=\"auto\"><span class=\"NormalTextRun SCXW61771910 BCX0\">\u00bfViajas por trabajo? Encuentra un cap\u00edtulo cerca de tu destino y asiste a su reuni\u00f3n local. \u00a1Contacta hoy al l\u00edder local!<\/span><\/span>[\/vc_column_text][vc_column_text css=\u00bb.vc_custom_1719008164428{margin-bottom: 0px !important;padding-top: 30px !important;}\u00bb el_class=\u00bbfcmap\u00bb]\r\n            <style>.wpgmza_table_marker { display: none; }<\/style>\r\n            \r\n            \r\n            <a name='map1'><\/a>\r\n            \r\n            \r\n            <div class=\"wpgmza-store-locator wpgmza_sl_main_div\" data-id=\"1\">\r\n\t<div class=\"wpgmza-address-container wpgmza-form-field wpgmza_sl_query_div\">\r\n\t\t<label class=\"wpgmza-address wpgmza-form-field__label wpgmza-form-field__label--float\" data-name=\"addressLabel\" for=\"addressInput_1\">ZIP \/ C\u00f3digo Postal \/ Direcci\u00f3n<\/label>\r\n\t\t<input class=\"wpgmza-address addressInput\" type=\"text\" placeholder=\"Introduce una ubicaci\u00f3n\" autocomplete=\"off\" data-name=\"defaultAddress\" value=\"\" id=\"addressInput_1\" size=\"20\" aria-label=\"ZIP \/ C\u00f3digo Postal \/ Direcci\u00f3n\">\r\n\t<\/div>\r\n\t\r\n\t<div class=\"wpgmza-radius-container wpgmza-form-field wpgmza_sl_radius_div wpgmza-clearfix\">\r\n\t\t<label class=\"wpgmza-radius wpgmza-form-field__label wpgmza-form-field__label--float\" for=\"radiusSelect_1\">\r\n\t\t\tRadio:\t\t<\/label>\r\n\t\t<select class=\"wpgmza-radius wpgmza-form-field__input wpgmza_sl_radius_select\" id=\"radiusSelect_1\" aria-label=\"Radio:\"><option class=\"wpgmza-radius wpgmza_sl_select_option\" value=\"1\">1mi<\/option><option class=\"wpgmza-radius wpgmza_sl_select_option\" value=\"5\">5mi<\/option><option class=\"wpgmza-radius wpgmza_sl_select_option\" value=\"10\" selected>10mi<\/option><option class=\"wpgmza-radius wpgmza_sl_select_option\" value=\"25\">25mi<\/option><option class=\"wpgmza-radius wpgmza_sl_select_option\" value=\"50\">50mi<\/option><option class=\"wpgmza-radius wpgmza_sl_select_option\" value=\"75\">75mi<\/option><option class=\"wpgmza-radius wpgmza_sl_select_option\" value=\"100\">100mi<\/option><option class=\"wpgmza-radius wpgmza_sl_select_option\" value=\"150\">150mi<\/option><option class=\"wpgmza-radius wpgmza_sl_select_option\" value=\"200\">200mi<\/option><option class=\"wpgmza-radius wpgmza_sl_select_option\" value=\"300\">300mi<\/option><\/select>\r\n\t<\/div>\r\n\t\r\n\t<div class=\"wpgmza-search wpgmza_sl_search_button_div\"><input class=\"wpgmza-search wpgmza_sl_search_button_1\" value=\"Buscar\" type=\"button\" onclick=\"searchLocations(1)\" mid=\"1\"><\/div>\r\n\t\r\n\t<div class=\"wpgmza-reset wpgmza_sl_reset_button_div\">\r\n\t<input class=\"wpgmza-reset wpgmza_sl_reset_button_1\" type=\"button\" value=\"Reset\" mid=\"1\" onclick=\"resetLocations(1)\">\r\n<\/div><div class=\"wpgmza-no-results wpgmza-not-found-msg js-not-found-msg\" style=\"display: none;\">\r\n\t\t<p data-name=\"notFoundMessage\">No locations within selected miles; contact us to start a chapter.<\/p>\r\n\t<\/div>\r\n<\/div>\r\n            <div data-wpgmza-table data-wpgmza-php-class=\"WPGMZA\\MarkerListing\\BasicTable\" data-wpgmza-rest-api-route=\"\/marker-listing\/\" data-wpgmza-marker-listing=\"true\" class=\"wpgmza_marker_list_class\" style=\"width:100%;\" data-wpgmza-ajax-parameters='{\"map_id\":\"1\"}' id=\"wpgmza_marker_list_1\"><\/div>\r\n            <div class=\"wpgmza_map \"  id=\"wpgmza_map_1\" style=\"display:block; overflow:auto; width:100%; height:564px; float:left;\" data-settings='{\"id\":\"1\",\"map_title\":\"FIND A CHAPTER\",\"map_width\":\"100\",\"map_height\":\"564\",\"map_start_lat\":\"38.0394962392293\",\"map_start_lng\":\"-97.587458225\",\"map_start_location\":\"45.950464398418106,-109.81550500000003\",\"map_start_zoom\":\"4\",\"default_marker\":\"\\\/\\\/hwaw.com\\\/wp-content\\\/uploads\\\/2024\\\/06\\\/HWAW-location-Icon.svg\",\"type\":\"1\",\"alignment\":\"4\",\"directions_enabled\":\"0\",\"styling_enabled\":\"0\",\"styling_json\":\"\",\"active\":\"0\",\"kml\":\"\",\"bicycle\":\"0\",\"traffic\":\"0\",\"dbox\":\"1\",\"dbox_width\":\"\",\"listmarkers\":\"0\",\"listmarkers_advanced\":\"0\",\"filterbycat\":\"0\",\"ugm_enabled\":\"0\",\"ugm_category_enabled\":\"0\",\"fusion\":\"\",\"map_width_type\":\"%\",\"map_height_type\":\"px\",\"mass_marker_support\":\"0\",\"ugm_access\":\"0\",\"order_markers_by\":\"7\",\"order_markers_choice\":\"1\",\"show_user_location\":\"0\",\"default_to\":\"\",\"other_settings\":{\"map_type\":1,\"sl_stroke_color\":\"#ff0000\",\"sl_fill_color\":\"#ff0000\",\"sl_stroke_opacity\":\"1\",\"sl_fill_opacity\":\"0.5\",\"transport_layer\":false,\"shortcodeAttributes\":{\"id\":\"1\"},\"action\":\"wpgmza_save_map\",\"redirect_to\":\"\\\/wp-admin\\\/admin-post.php\",\"map_id\":\"1\",\"http_referer\":\"\\\/wp-admin\\\/admin.php?page=wp-google-maps-menu&amp;amp;action=edit&amp;amp;map_id=1\",\"wpgmza_id\":\"1\",\"wpgmza_start_location\":\"38.0394962392293,-97.587458225\",\"wpgmza_start_zoom\":\"4\",\"wpgmza_theme_data\":\"[{\\\"featureType\\\": \\\"all\\\", \\\"elementType\\\": \\\"labels.text.fill\\\", \\\"stylers\\\": [{\\\"saturation\\\": 36}, {\\\"color\\\": \\\"#000000\\\"}, {\\\"lightness\\\": 40}]}, {\\\"featureType\\\": \\\"all\\\", \\\"elementType\\\": \\\"labels.text.stroke\\\", \\\"stylers\\\": [{\\\"visibility\\\": \\\"on\\\"}, {\\\"color\\\": \\\"#000000\\\"}, {\\\"lightness\\\": 16}]}, {\\\"featureType\\\": \\\"all\\\", \\\"elementType\\\": \\\"labels.icon\\\", \\\"stylers\\\": [{\\\"visibility\\\": \\\"off\\\"}]}, {\\\"featureType\\\": \\\"administrative\\\", \\\"elementType\\\": \\\"geometry.fill\\\", \\\"stylers\\\": [{\\\"color\\\": \\\"#000000\\\"}, {\\\"lightness\\\": 20}]}, {\\\"featureType\\\": \\\"administrative\\\", \\\"elementType\\\": \\\"geometry.stroke\\\", \\\"stylers\\\": [{\\\"color\\\": \\\"#000000\\\"}, {\\\"lightness\\\": 17}, {\\\"weight\\\": 1.2}]}, {\\\"featureType\\\": \\\"landscape\\\", \\\"elementType\\\": \\\"geometry\\\", \\\"stylers\\\": [{\\\"color\\\": \\\"#000000\\\"}, {\\\"lightness\\\": 20}]}, {\\\"featureType\\\": \\\"poi\\\", \\\"elementType\\\": \\\"geometry\\\", \\\"stylers\\\": [{\\\"color\\\": \\\"#000000\\\"}, {\\\"lightness\\\": 21}]}, {\\\"featureType\\\": \\\"road.highway\\\", \\\"elementType\\\": \\\"geometry.fill\\\", \\\"stylers\\\": [{\\\"color\\\": \\\"#000000\\\"}, {\\\"lightness\\\": 17}]}, {\\\"featureType\\\": \\\"road.highway\\\", \\\"elementType\\\": \\\"geometry.stroke\\\", \\\"stylers\\\": [{\\\"color\\\": \\\"#000000\\\"}, {\\\"lightness\\\": 29}, {\\\"weight\\\": 0.2}]}, {\\\"featureType\\\": \\\"road.arterial\\\", \\\"elementType\\\": \\\"geometry\\\", \\\"stylers\\\": [{\\\"color\\\": \\\"#000000\\\"}, {\\\"lightness\\\": 18}]}, {\\\"featureType\\\": \\\"road.local\\\", \\\"elementType\\\": \\\"geometry\\\", \\\"stylers\\\": [{\\\"color\\\": \\\"#000000\\\"}, {\\\"lightness\\\": 16}]}, {\\\"featureType\\\": \\\"transit\\\", \\\"elementType\\\": \\\"geometry\\\", \\\"stylers\\\": [{\\\"color\\\": \\\"#000000\\\"}, {\\\"lightness\\\": 19}]}, {\\\"featureType\\\": \\\"water\\\", \\\"elementType\\\": \\\"geometry\\\", \\\"stylers\\\": [{\\\"color\\\": \\\"#000000\\\"}, {\\\"lightness\\\": 17}]}, {\\\"featureType\\\": \\\"water\\\", \\\"stylers\\\": [{\\\"lightness\\\": 100}]}, {\\\"elementType\\\": \\\"labels\\\", \\\"stylers\\\": [{\\\"weight\\\": 1}]}, {\\\"featureType\\\": \\\"landscape\\\", \\\"stylers\\\": [{\\\"color\\\": \\\"#171c3d\\\"}]}, {\\\"featureType\\\": \\\"poi\\\", \\\"stylers\\\": [{\\\"color\\\": \\\"#232a58\\\"}]}, {\\\"featureType\\\": \\\"road\\\", \\\"stylers\\\": [{\\\"color\\\": \\\"#1d244e\\\"}]}, {\\\"featureType\\\": \\\"administrative\\\", \\\"elementType\\\": \\\"labels\\\", \\\"stylers\\\": [{\\\"color\\\": \\\"#ffffff\\\"}]}, {\\\"featureType\\\": \\\"administrative.province\\\", \\\"elementType\\\": \\\"geometry\\\", \\\"stylers\\\": [{\\\"color\\\": \\\"#9e9e9e\\\"}]}]\",\"wpgmza_dbox_width_type\":\"%\",\"default_from\":\"\",\"directions_behaviour\":\"default\",\"force_google_directions_app\":false,\"directions_route_origin_icon\":\"https:\\\/\\\/hwaw.com\\\/wp-content\\\/plugins\\\/wp-google-maps\\\/images\\\/spotlight-poi3.png\",\"directions_origin_retina\":false,\"directions_route_destination_icon\":\"https:\\\/\\\/hwaw.com\\\/wp-content\\\/plugins\\\/wp-google-maps\\\/images\\\/spotlight-poi3.png\",\"directions_destination_retina\":false,\"directions_route_stroke_color\":\"#4f8df5\",\"directions_route_stroke_weight\":\"4\",\"directions_route_stroke_opacity\":\"0.8\",\"directions_fit_bounds_to_route\":false,\"store_locator_enabled\":true,\"store_locator_search_area\":\"radial\",\"wpgmza_store_locator_radius_style\":\"modern\",\"wpgmza_store_locator_default_radius\":\"50\",\"store_locator_auto_area_max_zoom\":\"\",\"wpgmza_store_locator_restrict\":\"us\",\"store_locator_distance\":true,\"wpgmza_store_locator_position\":false,\"store_locator_show_distance\":false,\"store_locator_category\":false,\"wpgmza_store_locator_use_their_location\":false,\"wpgmza_store_locator_bounce\":false,\"upload_default_sl_marker\":\"\",\"upload_default_sl_marker_retina\":false,\"wpgmza_sl_animation\":\"0\",\"wpgmza_store_locator_hide_before_search\":false,\"store_locator_query_string\":\"\",\"store_locator_location_placeholder\":\"\",\"store_locator_default_address\":\"\",\"store_locator_name_search\":false,\"store_locator_name_string\":\"\",\"store_locator_not_found_message\":\"No locations within selected miles; contact us to start a chapter.\",\"retina\":false,\"wpgmza_map_align\":\"1\",\"upload_default_ul_marker\":\"\",\"upload_default_ul_marker_retina\":false,\"jump_to_nearest_marker_on_initialization\":false,\"automatically_pan_to_users_location\":false,\"override_users_location_zoom_level\":false,\"override_users_location_zoom_levels\":\"\",\"show_distance_from_location\":false,\"map_max_zoom\":\"21\",\"map_min_zoom\":\"0\",\"click_open_link\":false,\"fit_maps_bounds_to_markers\":false,\"fit_maps_bounds_to_markers_after_filtering\":false,\"hide_point_of_interest\":false,\"wpgmza_zoom_on_marker_click\":false,\"wpgmza_zoom_on_marker_click_slider\":\"\",\"close_infowindow_on_map_click\":false,\"disable_lightbox_images\":false,\"use_Raw_Jpeg_Coordinates\":false,\"polygon_labels\":false,\"disable_polygon_info_windows\":false,\"enable_advanced_custom_fields_integration\":false,\"enable_advanced_custom_fields_integration_type\":\"\",\"enable_toolset_woocommerce_integration\":false,\"enable_woo_product_integration\":false,\"enable_marker_labels\":false,\"only_load_markers_within_viewport\":false,\"zoom_level_mobile_override_enabled\":false,\"zoom_level_mobile_override\":\"\",\"iw_primary_color\":\"#000000\",\"iw_accent_color\":\"#000000\",\"iw_text_color\":\"#000000\",\"wpgmza_listmarkers_by\":\"1\",\"wpgmza_marker_listing_position\":true,\"wpgmza_push_in_map\":false,\"wpgmza_push_in_map_placement\":\"1\",\"wpgmza_push_in_map_width\":\"\",\"wpgmza_push_in_map_height\":\"\",\"zoom_level_on_marker_listing_override\":false,\"zoom_level_on_marker_listing_click\":\"\",\"marker_listing_disable_zoom\":false,\"datatable_no_result_message\":\"\",\"remove_search_box_datables\":false,\"dataTable_pagination_style\":\"hidden\",\"datatable_search_string\":\"\",\"datatable_result_start\":\"\",\"datatable_result_of\":\"\",\"datatable_result_to\":\"\",\"datatable_result_total\":\"\",\"datatable_result_show\":\"\",\"datatable_result_entries\":\"\",\"wpgmza_savemap\":\"Save Map \\u00bb\",\"wpgmza_theme\":\"6\"}}' data-map-id='1' data-shortcode-attributes='{\"id\":\"1\"}'> <\/div>\r\n            \r\n               \r\n        [\/vc_column_text][\/vc_column][\/vc_row][vc_row full_width=\u00bbstretch_row\u00bb css_animation=\u00bbfadeInUp\u00bb el_class=\u00bbradientbg1&#8243; css=\u00bb.vc_custom_1707767123364{padding-top: 50px !important;padding-bottom: 40px !important;}\u00bb][vc_column][vc_row_inner equal_height=\u00bbyes\u00bb content_placement=\u00bbmiddle\u00bb][vc_column_inner el_class=\u00bbwpb_animate_when_almost_visible wpb_fadeInUp fadeInUp sloweranimate\u00bb width=\u00bb1\/2&#8243;][vc_custom_heading text=\u00bb\u00bfNECESITAS AYUDA?\u00bb font_container=\u00bbtag:h3|text_align:left\u00bb use_theme_fonts=\u00bbyes\u00bb css=\u00bb.vc_custom_1745530352273{margin-bottom: 27px !important;}\u00bb el_class=\u00bbfw500 colorfff mobilecenter\u00bb][vc_column_text css=\u00bb.vc_custom_1751987657850{margin-bottom: 27px !important;}\u00bb el_class=\u00bbcolorfff mobilecenter\u00bb]<span class=\"TextRun SCXW103164868 BCX0\" lang=\"ES-MX\" xml:lang=\"ES-MX\" data-contrast=\"auto\"><span class=\"NormalTextRun SCXW103164868 BCX0\">Por favor, ind\u00edcanos c\u00f3mo podemos ayudarte a localizar un cap\u00edtulo.<\/span><\/span>[\/vc_column_text][vc_btn title=\u00bbCONT\u00c1CTANOS\u00bb style=\u00bbcustom\u00bb custom_background=\u00bb#E87247&#8243; custom_text=\u00bb#FFFFFF\u00bb align=\u00bbleft\u00bb css=\u00bb.vc_custom_1745530537311{margin-bottom: 0px !important;}\u00bb link=\u00bburl:https%3A%2F%2Fhwaw.com%2Fcontact%2F|title:Ponte%20en%20contacto%20con|rel:nofollow|\u00bb el_class=\u00bbbtnorange mobilecenter\u00bb][\/vc_column_inner][vc_column_inner width=\u00bb1\/2&#8243;][vc_single_image image=\u00bb4492&#8243; img_size=\u00bbfull\u00bb css_animation=\u00bbfadeInUp\u00bb css=\u00bb.vc_custom_1745600769022{margin-bottom: 0px !important;}\u00bb el_class=\u00bbbrimg15 mobilehide\u00bb][\/vc_column_inner][\/vc_row_inner][\/vc_column][\/vc_row]<\/p>\n<\/div>","protected":false},"excerpt":{"rendered":"<p>[vc_row full_width=\u00bbstretch_row\u00bb el_class=\u00bbinnerhero donatehero mobhero bggradient overflowunset\u00bb css=\u00bb.vc_custom_1763584493165{padding-top: 234px !important;padding-bottom: 70px !important;background-image: url(https:\/\/hwaw.com\/wp-content\/uploads\/2025\/11\/chapter.png?id=6854) !important;background-position: center !important;background-repeat: no-repeat !important;background-size: cover !important;}\u00bb][vc_column css=\u00bb.vc_custom_1707678321300{padding-top: 0px !important;}\u00bb][vc_row_inner equal_height=\u00bbyes\u00bb][vc_column_inner width=\u00bb1\/12&#8243;][\/vc_column_inner][vc_column_inner width=\u00bb5\/12&#8243;][vc_custom_heading text=\u00bbTU COMUNIDAD\u00bb font_container=\u00bbtag:h1|text_align:left\u00bb use_theme_fonts=\u00bbyes\u00bb [&hellip;]<\/p>\n","protected":false},"author":3,"featured_media":0,"parent":0,"menu_order":0,"comment_status":"closed","ping_status":"closed","template":"","meta":{"_acf_changed":false,"content-type":"","inline_featured_image":false,"_genesis_hide_title":false,"_genesis_hide_breadcrumbs":false,"_genesis_hide_singular_image":false,"_genesis_hide_footer_widgets":false,"_genesis_custom_body_class":"","_genesis_custom_post_class":"","_genesis_layout":"","footnotes":""},"class_list":["post-4724","page","type-page","status-publish","entry"],"acf":[],"yoast_head":"<!-- This site is optimized with the Yoast SEO plugin v27.3 - https:\/\/yoast.com\/product\/yoast-seo-wordpress\/ -->\n<title>BUSCA UN CAP\u00cdTULO - His Way At Work<\/title>\n<meta name=\"robots\" content=\"index, follow, max-snippet:-1, max-image-preview:large, max-video-preview:-1\" \/>\n<link rel=\"canonical\" href=\"https:\/\/hwaw.com\/es\/find-a-chapter\/\" \/>\n<meta property=\"og:locale\" content=\"es_ES\" \/>\n<meta property=\"og:type\" content=\"article\" \/>\n<meta property=\"og:title\" content=\"BUSCA UN CAP\u00cdTULO - His Way At Work\" \/>\n<meta property=\"og:description\" content=\"[vc_row full_width=\u00bbstretch_row\u00bb el_class=\u00bbinnerhero donatehero mobhero bggradient overflowunset\u00bb css=\u00bb.vc_custom_1763584493165{padding-top: 234px !important;padding-bottom: 70px !important;background-image: url(https:\/\/hwaw.com\/wp-content\/uploads\/2025\/11\/chapter.png?id=6854) !important;background-position: center !important;background-repeat: no-repeat !important;background-size: cover !important;}\u00bb][vc_column css=\u00bb.vc_custom_1707678321300{padding-top: 0px !important;}\u00bb][vc_row_inner equal_height=\u00bbyes\u00bb][vc_column_inner width=\u00bb1\/12&#8243;][\/vc_column_inner][vc_column_inner width=\u00bb5\/12&#8243;][vc_custom_heading text=\u00bbTU COMUNIDAD\u00bb font_container=\u00bbtag:h1|text_align:left\u00bb use_theme_fonts=\u00bbyes\u00bb [&hellip;]\" \/>\n<meta property=\"og:url\" content=\"https:\/\/hwaw.com\/es\/find-a-chapter\/\" \/>\n<meta property=\"og:site_name\" content=\"His Way At Work\" \/>\n<meta property=\"article:modified_time\" content=\"2025-11-19T20:34:57+00:00\" \/>\n<meta name=\"twitter:card\" content=\"summary_large_image\" \/>\n<meta name=\"twitter:label1\" content=\"Tiempo de lectura\" \/>\n\t<meta name=\"twitter:data1\" content=\"2 minutos\" \/>\n<script type=\"application\/ld+json\" class=\"yoast-schema-graph\">{\"@context\":\"https:\\\/\\\/schema.org\",\"@graph\":[{\"@type\":\"WebPage\",\"@id\":\"https:\\\/\\\/hwaw.com\\\/es\\\/find-a-chapter\\\/\",\"url\":\"https:\\\/\\\/hwaw.com\\\/es\\\/find-a-chapter\\\/\",\"name\":\"BUSCA UN CAP\u00cdTULO - His Way At Work\",\"isPartOf\":{\"@id\":\"https:\\\/\\\/hwaw.com\\\/es\\\/#website\"},\"datePublished\":\"2024-06-20T18:05:28+00:00\",\"dateModified\":\"2025-11-19T20:34:57+00:00\",\"breadcrumb\":{\"@id\":\"https:\\\/\\\/hwaw.com\\\/es\\\/find-a-chapter\\\/#breadcrumb\"},\"inLanguage\":\"es\",\"potentialAction\":[{\"@type\":\"ReadAction\",\"target\":[\"https:\\\/\\\/hwaw.com\\\/es\\\/find-a-chapter\\\/\"]}]},{\"@type\":\"BreadcrumbList\",\"@id\":\"https:\\\/\\\/hwaw.com\\\/es\\\/find-a-chapter\\\/#breadcrumb\",\"itemListElement\":[{\"@type\":\"ListItem\",\"position\":1,\"name\":\"Home\",\"item\":\"https:\\\/\\\/hwaw.com\\\/es\\\/\"},{\"@type\":\"ListItem\",\"position\":2,\"name\":\"BUSCA UN CAP\u00cdTULO\"}]},{\"@type\":\"WebSite\",\"@id\":\"https:\\\/\\\/hwaw.com\\\/es\\\/#website\",\"url\":\"https:\\\/\\\/hwaw.com\\\/es\\\/\",\"name\":\"His Way At Work\",\"description\":\"Run Your Business in Line with Your Faith\",\"publisher\":{\"@id\":\"https:\\\/\\\/hwaw.com\\\/es\\\/#organization\"},\"potentialAction\":[{\"@type\":\"SearchAction\",\"target\":{\"@type\":\"EntryPoint\",\"urlTemplate\":\"https:\\\/\\\/hwaw.com\\\/es\\\/?s={search_term_string}\"},\"query-input\":{\"@type\":\"PropertyValueSpecification\",\"valueRequired\":true,\"valueName\":\"search_term_string\"}}],\"inLanguage\":\"es\"},{\"@type\":\"Organization\",\"@id\":\"https:\\\/\\\/hwaw.com\\\/es\\\/#organization\",\"name\":\"His Way At Work\",\"url\":\"https:\\\/\\\/hwaw.com\\\/es\\\/\",\"logo\":{\"@type\":\"ImageObject\",\"inLanguage\":\"es\",\"@id\":\"https:\\\/\\\/hwaw.com\\\/es\\\/#\\\/schema\\\/logo\\\/image\\\/\",\"url\":\"https:\\\/\\\/hwaw.com\\\/wp-content\\\/uploads\\\/2024\\\/02\\\/HWAW-Logo-wTagline-White.svg\",\"contentUrl\":\"https:\\\/\\\/hwaw.com\\\/wp-content\\\/uploads\\\/2024\\\/02\\\/HWAW-Logo-wTagline-White.svg\",\"width\":225,\"height\":118,\"caption\":\"His Way At Work\"},\"image\":{\"@id\":\"https:\\\/\\\/hwaw.com\\\/es\\\/#\\\/schema\\\/logo\\\/image\\\/\"}}]}<\/script>\n<!-- \/ Yoast SEO plugin. -->","yoast_head_json":{"title":"BUSCA UN CAP\u00cdTULO - His Way At Work","robots":{"index":"index","follow":"follow","max-snippet":"max-snippet:-1","max-image-preview":"max-image-preview:large","max-video-preview":"max-video-preview:-1"},"canonical":"https:\/\/hwaw.com\/es\/find-a-chapter\/","og_locale":"es_ES","og_type":"article","og_title":"BUSCA UN CAP\u00cdTULO - His Way At Work","og_description":"[vc_row full_width=\u00bbstretch_row\u00bb el_class=\u00bbinnerhero donatehero mobhero bggradient overflowunset\u00bb css=\u00bb.vc_custom_1763584493165{padding-top: 234px !important;padding-bottom: 70px !important;background-image: url(https:\/\/hwaw.com\/wp-content\/uploads\/2025\/11\/chapter.png?id=6854) !important;background-position: center !important;background-repeat: no-repeat !important;background-size: cover !important;}\u00bb][vc_column css=\u00bb.vc_custom_1707678321300{padding-top: 0px !important;}\u00bb][vc_row_inner equal_height=\u00bbyes\u00bb][vc_column_inner width=\u00bb1\/12&#8243;][\/vc_column_inner][vc_column_inner width=\u00bb5\/12&#8243;][vc_custom_heading text=\u00bbTU COMUNIDAD\u00bb font_container=\u00bbtag:h1|text_align:left\u00bb use_theme_fonts=\u00bbyes\u00bb [&hellip;]","og_url":"https:\/\/hwaw.com\/es\/find-a-chapter\/","og_site_name":"His Way At Work","article_modified_time":"2025-11-19T20:34:57+00:00","twitter_card":"summary_large_image","twitter_misc":{"Tiempo de lectura":"2 minutos"},"schema":{"@context":"https:\/\/schema.org","@graph":[{"@type":"WebPage","@id":"https:\/\/hwaw.com\/es\/find-a-chapter\/","url":"https:\/\/hwaw.com\/es\/find-a-chapter\/","name":"BUSCA UN CAP\u00cdTULO - His Way At Work","isPartOf":{"@id":"https:\/\/hwaw.com\/es\/#website"},"datePublished":"2024-06-20T18:05:28+00:00","dateModified":"2025-11-19T20:34:57+00:00","breadcrumb":{"@id":"https:\/\/hwaw.com\/es\/find-a-chapter\/#breadcrumb"},"inLanguage":"es","potentialAction":[{"@type":"ReadAction","target":["https:\/\/hwaw.com\/es\/find-a-chapter\/"]}]},{"@type":"BreadcrumbList","@id":"https:\/\/hwaw.com\/es\/find-a-chapter\/#breadcrumb","itemListElement":[{"@type":"ListItem","position":1,"name":"Home","item":"https:\/\/hwaw.com\/es\/"},{"@type":"ListItem","position":2,"name":"BUSCA UN CAP\u00cdTULO"}]},{"@type":"WebSite","@id":"https:\/\/hwaw.com\/es\/#website","url":"https:\/\/hwaw.com\/es\/","name":"His Way At Work","description":"Run Your Business in Line with Your Faith","publisher":{"@id":"https:\/\/hwaw.com\/es\/#organization"},"potentialAction":[{"@type":"SearchAction","target":{"@type":"EntryPoint","urlTemplate":"https:\/\/hwaw.com\/es\/?s={search_term_string}"},"query-input":{"@type":"PropertyValueSpecification","valueRequired":true,"valueName":"search_term_string"}}],"inLanguage":"es"},{"@type":"Organization","@id":"https:\/\/hwaw.com\/es\/#organization","name":"His Way At Work","url":"https:\/\/hwaw.com\/es\/","logo":{"@type":"ImageObject","inLanguage":"es","@id":"https:\/\/hwaw.com\/es\/#\/schema\/logo\/image\/","url":"https:\/\/hwaw.com\/wp-content\/uploads\/2024\/02\/HWAW-Logo-wTagline-White.svg","contentUrl":"https:\/\/hwaw.com\/wp-content\/uploads\/2024\/02\/HWAW-Logo-wTagline-White.svg","width":225,"height":118,"caption":"His Way At Work"},"image":{"@id":"https:\/\/hwaw.com\/es\/#\/schema\/logo\/image\/"}}]}},"_links":{"self":[{"href":"https:\/\/hwaw.com\/es\/wp-json\/wp\/v2\/pages\/4724","targetHints":{"allow":["GET"]}}],"collection":[{"href":"https:\/\/hwaw.com\/es\/wp-json\/wp\/v2\/pages"}],"about":[{"href":"https:\/\/hwaw.com\/es\/wp-json\/wp\/v2\/types\/page"}],"author":[{"embeddable":true,"href":"https:\/\/hwaw.com\/es\/wp-json\/wp\/v2\/users\/3"}],"replies":[{"embeddable":true,"href":"https:\/\/hwaw.com\/es\/wp-json\/wp\/v2\/comments?post=4724"}],"version-history":[{"count":0,"href":"https:\/\/hwaw.com\/es\/wp-json\/wp\/v2\/pages\/4724\/revisions"}],"wp:attachment":[{"href":"https:\/\/hwaw.com\/es\/wp-json\/wp\/v2\/media?parent=4724"}],"curies":[{"name":"wp","href":"https:\/\/api.w.org\/{rel}","templated":true}]}}